{"id":50518,"date":"2023-05-09T13:11:09","date_gmt":"2023-05-09T11:11:09","guid":{"rendered":"https:\/\/testsite.sneeboer.com\/tuingereedschap\/tina-messen-613-105-2"},"modified":"2023-06-26T12:16:40","modified_gmt":"2023-06-26T10:16:40","slug":"tina-messen-613-105-2","status":"publish","type":"product","link":"https:\/\/sneeboer.com\/fr\/outils-de-jardin-forges-a-la-main\/tina-messen-613-105-2","title":{"rendered":"Tina Messen  613\/ 10,5"},"content":{"rendered":"<p>Couteau TINA &#8211; Fabriqu\u00e9 \u00e0 la main en Allemagne depuis 1854 Maintenant disponible chez Sneeboer dans la boutique en ligne.<\/p>\n","protected":false},"excerpt":{"rendered":"<p>Couteau \u00e0 greffer ou \u00e0 usage g\u00e9n\u00e9ral de Tina d&#8217;une qualit\u00e9 in\u00e9gal\u00e9e et qui s&#8217;adapte comme un gant, \u00e9vite les cloques dans les mains et donne au doigt avant qui exerce la pression de coupe sur le large sommet du couteau, un support agr\u00e9able et confortable. Le fait que le couteau soit ins\u00e9r\u00e9 dans le manche jusqu&#8217;au bord de la lame assure un ajustement particuli\u00e8rement bon et vous \u00e9vite de vous blesser la main en cas de glissement \u00e9ventuel de la main.<\/p>\n<p>Longueur \u00a0\u00a0\u00a0\u00a0\u00a0\u00a0\u00a0\u00a0\u00a0\u00a0 : 10,5 cm<\/p>\n<p>Parties\u00a0\u00a0\u00a0\u00a0\u00a0\u00a0\u00a0\u00a0\u00a0\u00a0\u00a0\u00a0\u00a0\u00a0\u00a0\u00a0 : Acier au carbone et laiton massif.<\/p>\n<p>Bois\u00a0\u00a0\u00a0\u00a0\u00a0\u00a0\u00a0\u00a0\u00a0\u00a0\u00a0\u00a0\u00a0\u00a0\u00a0\u00a0\u00a0\u00a0\u00a0\u00a0\u00a0 : Noyer poli.<\/p>\n<p>D\u00e9coupe\u00a0\u00a0\u00a0\u00a0\u00a0\u00a0\u00a0\u00a0\u00a0\u00a0\u00a0\u00a0 : universelle<\/p>\n<p>Caract\u00e9ristique\u00a0 : Couteau universel pour l&#8217;horticulteur et le jardinier.<\/p>\n<p><strong>Ne peut \u00eatre grav\u00e9 qu&#8217;avec des initiales.<\/strong><\/p>\n<p><strong>L&#8217;usine de couteaux TINA<\/strong> est situ\u00e9e au c\u0153ur du Wurtemberg, entre Stuttgart et le Jura souabe, dans une r\u00e9gion mondialement connue pour ses produits de haute qualit\u00e9 et de haute pr\u00e9cision issus de la construction automobile et m\u00e9canique. <br \/>Cette r\u00e9flexion et cette action soucieuses de la qualit\u00e9 et extr\u00eamement pr\u00e9cises ont influenc\u00e9 la production de nos couteaux de jardin TINA pendant plus de 150 ans et nos clients mondiaux disent: <br \/><strong>&#8220;Tout simplement les meilleurs couteaux de jardin au monde!&#8221;<\/strong><\/p>\n<p><strong>Couteau TINA &#8211; histoire <br \/><\/strong> L&#8217;usine de couteaux TINA a \u00e9t\u00e9 fond\u00e9e en 1854 par Johann Friedrich Schwille, enregistr\u00e9e en 1885 sous la direction de son successeur Gottlieb Friedrich Schwille dans le r\u00f4le artisanal. Export\u00e9 depuis 1890, d&#8217;abord vers la Suisse et les Balkans. Vers 1910, l&#8217;Am\u00e9rique centrale a \u00e9t\u00e9 ajout\u00e9e en tant que principal march\u00e9 d&#8217;exportation. Aujourd&#8217;hui, Reutlingen est livr\u00e9 dans 32 pays dans le monde. <br \/>Seules des substances \u00e9cologiquement inoffensives sont utilis\u00e9es dans la fabrication des couteaux TINA. <br \/>Une \u00e9nergie respectueuse de l&#8217;environnement est produite depuis 2007 en tant que sous-produit.<\/p>\n<p><strong>Ne peut \u00eatre grav\u00e9 qu&#8217;avec des initiales.<\/strong><\/p>\n","protected":false},"featured_media":43301,"comment_status":"closed","ping_status":"closed","template":"","meta":{"inline_featured_image":false,"product_video_url":"","product_360_url":""},"product_brand":[],"product_cat":[173],"product_tag":[],"weeds":[],"soil_types":[],"class_list":{"0":"post-50518","1":"product","2":"type-product","3":"status-publish","4":"has-post-thumbnail","6":"product_cat-speciale","7":"post","9":"first","10":"instock","11":"taxable","12":"shipping-taxable","13":"purchasable","14":"product-type-simple"},"exclude_global_add_ons":[],"addons":[],"_links":{"self":[{"href":"https:\/\/sneeboer.com\/fr\/wp-json\/wp\/v2\/product\/50518","targetHints":{"allow":["GET"]}}],"collection":[{"href":"https:\/\/sneeboer.com\/fr\/wp-json\/wp\/v2\/product"}],"about":[{"href":"https:\/\/sneeboer.com\/fr\/wp-json\/wp\/v2\/types\/product"}],"replies":[{"embeddable":true,"href":"https:\/\/sneeboer.com\/fr\/wp-json\/wp\/v2\/comments?post=50518"}],"wp:featuredmedia":[{"embeddable":true,"href":"https:\/\/sneeboer.com\/fr\/wp-json\/wp\/v2\/media\/43301"}],"wp:attachment":[{"href":"https:\/\/sneeboer.com\/fr\/wp-json\/wp\/v2\/media?parent=50518"}],"wp:term":[{"taxonomy":"product_brand","embeddable":true,"href":"https:\/\/sneeboer.com\/fr\/wp-json\/wp\/v2\/product_brand?post=50518"},{"taxonomy":"product_cat","embeddable":true,"href":"https:\/\/sneeboer.com\/fr\/wp-json\/wp\/v2\/product_cat?post=50518"},{"taxonomy":"product_tag","embeddable":true,"href":"https:\/\/sneeboer.com\/fr\/wp-json\/wp\/v2\/product_tag?post=50518"},{"taxonomy":"weeds","embeddable":true,"href":"https:\/\/sneeboer.com\/fr\/wp-json\/wp\/v2\/weeds?post=50518"},{"taxonomy":"soil_types","embeddable":true,"href":"https:\/\/sneeboer.com\/fr\/wp-json\/wp\/v2\/soil_types?post=50518"}],"curies":[{"name":"wp","href":"https:\/\/api.w.org\/{rel}","templated":true}]}}