{"id":50511,"date":"2023-05-09T13:10:35","date_gmt":"2023-05-09T11:10:35","guid":{"rendered":"https:\/\/testsite.sneeboer.com\/tuingereedschap\/poterie-pots-couteau"},"modified":"2026-02-01T22:11:03","modified_gmt":"2026-02-01T21:11:03","slug":"poterie-pots-couteau","status":"publish","type":"product","link":"https:\/\/sneeboer.com\/fr\/outils-de-jardin-forges-a-la-main\/poterie-pots-couteau","title":{"rendered":"Poterie\/Pots couteau"},"content":{"rendered":"<p>Pour rajeunir une plante au printemps, il faut la diviser et la d\u00e9chirer, et pour cela il faut d\u00e9tacher la plante de son pot. Toutefois, cela peut poser des probl\u00e8mes lorsque les racines d&#8217;une plante fusionnent avec les parties poreuses d&#8217;un pot. Afin de rendre plus rapide et plus facile la coupe d&#8217;une plante d\u00e9tach\u00e9e d&#8217;un pot, nous avons d\u00e9velopp\u00e9 le couteau pour pots de fleurs ou conteneurs en 2019, qui a \u00e9galement \u00e9t\u00e9 nomm\u00e9 au <a href=\"https:\/\/www.rhs.org.uk\/shows-events\/rhs-chelsea-flower-show\/news\/2020\/garden-product-of-the-year\">RHS Chelsea Flower Show en 2020<\/a>!<\/p>\n<ol>\n<li>Pour couper les racines, vous travaillez \u00e0 la fois en avant et en arri\u00e8re ; le couteau est donc aiguis\u00e9 des deux c\u00f4t\u00e9s.<\/li>\n<li>Le manche est con\u00e7u pour \u00e9viter que votre main ne glisse vers le couteau pendant le mouvement d&#8217;avance et\/ou de recul.<\/li>\n<li>En raison des variations des conteneurs et des pots de fleurs, il est devenu un couteau long et flexible qui peut \u00eatre utilis\u00e9 partout.<\/li>\n<li>L&#8217;extr\u00e9mit\u00e9 du couteau est rectangulaire mais avec un bord tranchant. Si la plante est enracin\u00e9e \u00e0 travers le trou du pot de fleurs, vous pouvez facilement couper les racines.<\/li>\n<\/ol>\n","protected":false},"excerpt":{"rendered":"<p>Est ce que vous rencontrez des difficult\u00e9s lorsque vous rempotez vos plantes &amp; arbustes et que vous devez retirer leurs mottes des pots ? Le couteau Sneeboer pour poteries &amp; pots avec sa longue lame, plate et flexible, aff\u00fbt\u00e9e 2 faces est la solution!<\/p>\n<p>&nbsp;<\/p>\n<p>&nbsp;<\/p>\n","protected":false},"featured_media":2518,"comment_status":"closed","ping_status":"closed","template":"","meta":{"inline_featured_image":false,"product_video_url":"","product_360_url":""},"product_brand":[],"product_cat":[102,218],"product_tag":[501,945,492,525,947],"weeds":[],"soil_types":[],"class_list":{"0":"post-50511","1":"product","2":"type-product","3":"status-publish","4":"has-post-thumbnail","6":"product_cat-outils-a-main","7":"product_cat-outils-essentiels","8":"product_tag-empotage","9":"product_tag-empotage-2","10":"product_tag-plantation-fr","11":"product_tag-transplantation","12":"product_tag-transplantation-2","13":"post","15":"first","16":"instock","17":"taxable","18":"shipping-taxable","19":"purchasable","20":"product-type-simple"},"exclude_global_add_ons":[],"addons":[],"_links":{"self":[{"href":"https:\/\/sneeboer.com\/fr\/wp-json\/wp\/v2\/product\/50511","targetHints":{"allow":["GET"]}}],"collection":[{"href":"https:\/\/sneeboer.com\/fr\/wp-json\/wp\/v2\/product"}],"about":[{"href":"https:\/\/sneeboer.com\/fr\/wp-json\/wp\/v2\/types\/product"}],"replies":[{"embeddable":true,"href":"https:\/\/sneeboer.com\/fr\/wp-json\/wp\/v2\/comments?post=50511"}],"wp:featuredmedia":[{"embeddable":true,"href":"https:\/\/sneeboer.com\/fr\/wp-json\/wp\/v2\/media\/2518"}],"wp:attachment":[{"href":"https:\/\/sneeboer.com\/fr\/wp-json\/wp\/v2\/media?parent=50511"}],"wp:term":[{"taxonomy":"product_brand","embeddable":true,"href":"https:\/\/sneeboer.com\/fr\/wp-json\/wp\/v2\/product_brand?post=50511"},{"taxonomy":"product_cat","embeddable":true,"href":"https:\/\/sneeboer.com\/fr\/wp-json\/wp\/v2\/product_cat?post=50511"},{"taxonomy":"product_tag","embeddable":true,"href":"https:\/\/sneeboer.com\/fr\/wp-json\/wp\/v2\/product_tag?post=50511"},{"taxonomy":"weeds","embeddable":true,"href":"https:\/\/sneeboer.com\/fr\/wp-json\/wp\/v2\/weeds?post=50511"},{"taxonomy":"soil_types","embeddable":true,"href":"https:\/\/sneeboer.com\/fr\/wp-json\/wp\/v2\/soil_types?post=50511"}],"curies":[{"name":"wp","href":"https:\/\/api.w.org\/{rel}","templated":true}]}}