{"id":50486,"date":"2023-05-09T13:08:45","date_gmt":"2023-05-09T11:08:45","guid":{"rendered":"https:\/\/testsite.sneeboer.com\/tuingereedschap\/piet-oudolf-collection"},"modified":"2023-09-24T22:42:51","modified_gmt":"2023-09-24T20:42:51","slug":"piet-oudolf-collection","status":"publish","type":"product","link":"https:\/\/sneeboer.com\/fr\/outils-de-jardin-forges-a-la-main\/piet-oudolf-collection","title":{"rendered":"Piet Oudolf collection"},"content":{"rendered":"<p>Piet Oudolf collection<\/p>\n","protected":false},"excerpt":{"rendered":"<p>L&#8217;embl\u00e9matique architecte paysagiste n\u00e9erlandais Piet Oudolf a lui-m\u00eame s\u00e9lectionn\u00e9 les outils de cet ensemble. Ces outils forment la base pour cr\u00e9er et maintenir une palette de couleurs dans le jardin comme le ferait Piet Oudolf lui-m\u00eame. Piet Oudolf et Sneeboer partagent la mission de &#8220;faire l&#8217;exp\u00e9rience de la puissance et de la beaut\u00e9 de la nature, de la durabilit\u00e9, de l&#8217;\u00e9cosyst\u00e8me et de l&#8217;environnement&#8221;. Avec cette collaboration, ils portent cette mission \u00e0 un nouveau niveau.<\/p>\n<p>&nbsp;<\/p>\n","protected":false},"featured_media":26434,"comment_status":"closed","ping_status":"closed","template":"","meta":{"inline_featured_image":false,"product_video_url":"","product_360_url":""},"product_brand":[],"product_cat":[102,236],"product_tag":[533,473,525],"weeds":[],"soil_types":[],"class_list":{"0":"post-50486","1":"product","2":"type-product","3":"status-publish","4":"has-post-thumbnail","6":"product_cat-outils-a-main","7":"product_cat-piet-oudolf-fr","8":"product_tag-mauvaises-herbes","9":"product_tag-sillonage","10":"product_tag-transplantation","11":"post","13":"first","14":"instock","15":"taxable","16":"shipping-taxable","17":"purchasable","18":"product-type-simple"},"exclude_global_add_ons":false,"addons":[{"name":"Gravure","type":"custom_text","position":0,"required":false,"title_format":"heading","default":"","description_enable":true,"description":"Entrez jusqu'\u00e0 50 caract\u00e8res.","placeholder_enable":false,"placeholder":"","display":"select","restrictions_type":"any_text","adjust_price":true,"price":"4.92","price_type":"quantity_based","restrictions":true,"min":"1","max":"50","options":[],"id":1684165753}],"_links":{"self":[{"href":"https:\/\/sneeboer.com\/fr\/wp-json\/wp\/v2\/product\/50486","targetHints":{"allow":["GET"]}}],"collection":[{"href":"https:\/\/sneeboer.com\/fr\/wp-json\/wp\/v2\/product"}],"about":[{"href":"https:\/\/sneeboer.com\/fr\/wp-json\/wp\/v2\/types\/product"}],"replies":[{"embeddable":true,"href":"https:\/\/sneeboer.com\/fr\/wp-json\/wp\/v2\/comments?post=50486"}],"wp:featuredmedia":[{"embeddable":true,"href":"https:\/\/sneeboer.com\/fr\/wp-json\/wp\/v2\/media\/26434"}],"wp:attachment":[{"href":"https:\/\/sneeboer.com\/fr\/wp-json\/wp\/v2\/media?parent=50486"}],"wp:term":[{"taxonomy":"product_brand","embeddable":true,"href":"https:\/\/sneeboer.com\/fr\/wp-json\/wp\/v2\/product_brand?post=50486"},{"taxonomy":"product_cat","embeddable":true,"href":"https:\/\/sneeboer.com\/fr\/wp-json\/wp\/v2\/product_cat?post=50486"},{"taxonomy":"product_tag","embeddable":true,"href":"https:\/\/sneeboer.com\/fr\/wp-json\/wp\/v2\/product_tag?post=50486"},{"taxonomy":"weeds","embeddable":true,"href":"https:\/\/sneeboer.com\/fr\/wp-json\/wp\/v2\/weeds?post=50486"},{"taxonomy":"soil_types","embeddable":true,"href":"https:\/\/sneeboer.com\/fr\/wp-json\/wp\/v2\/soil_types?post=50486"}],"curies":[{"name":"wp","href":"https:\/\/api.w.org\/{rel}","templated":true}]}}