{"id":50479,"date":"2023-05-09T13:07:57","date_gmt":"2023-05-09T11:07:57","guid":{"rendered":"https:\/\/testsite.sneeboer.com\/tuingereedschap\/binette-a-main-10-cm-droitier-modele-court"},"modified":"2025-04-15T21:52:49","modified_gmt":"2025-04-15T19:52:49","slug":"binette-a-main-10-cm-droitier-modele-court","status":"publish","type":"product","link":"https:\/\/sneeboer.com\/fr\/outils-de-jardin-forges-a-la-main\/binette-a-main-10-cm-droitier-modele-court","title":{"rendered":"Binette \u00e0 main 10 cm droitier mod\u00e8le court"},"content":{"rendered":"<p>Cette binette \u00e0 main en forme de demi-lune vous permet d&#8217;a\u00e9rer le sol et arracher les mauvaises herbes. Cette binette est fabriqu\u00e9e sp\u00e9cialement\u00a0pour les droitiers. Cette binette est environ 8 cm plus court que Binette \u00e0 main 10 cm droitier (9001).<\/p>\n","protected":false},"excerpt":{"rendered":"<p>Cette binette \u00e0 main en forme de demi-lune vous permet d&#8217;a\u00e9rer le sol et arracher les mauvaises herbes. Cette binette est fabriqu\u00e9e sp\u00e9cialement\u00a0pour les droitiers. Cette binette est environ 8 cm plus court que Binette \u00e0 main 10 cm droitier (9001).<\/p>\n","protected":false},"featured_media":62077,"comment_status":"closed","ping_status":"closed","template":"","meta":{"inline_featured_image":false,"product_video_url":"","product_360_url":""},"product_brand":[],"product_cat":[102,141],"product_tag":[288,533,473,525,299,286],"weeds":[],"soil_types":[],"class_list":{"0":"post-50479","1":"product","2":"type-product","3":"status-publish","4":"has-post-thumbnail","6":"product_cat-outils-a-main","7":"product_cat-sarcloir-et-binette","8":"product_tag-egaliseren","9":"product_tag-mauvaises-herbes","10":"product_tag-sillonage","11":"product_tag-transplantation","12":"product_tag-verplanten","13":"product_tag-wieden","14":"post","16":"first","17":"instock","18":"taxable","19":"shipping-taxable","20":"purchasable","21":"product-type-simple"},"exclude_global_add_ons":false,"addons":[{"name":"Gravure","type":"custom_text","position":0,"required":false,"title_format":"heading","default":"","description_enable":true,"description":"Entrez jusqu'\u00e0 50 caract\u00e8res.","placeholder_enable":false,"placeholder":"","display":"select","restrictions_type":"any_text","adjust_price":true,"price":"4.92","price_type":"quantity_based","restrictions":true,"min":"1","max":"50","options":[],"id":1684165753}],"_links":{"self":[{"href":"https:\/\/sneeboer.com\/fr\/wp-json\/wp\/v2\/product\/50479","targetHints":{"allow":["GET"]}}],"collection":[{"href":"https:\/\/sneeboer.com\/fr\/wp-json\/wp\/v2\/product"}],"about":[{"href":"https:\/\/sneeboer.com\/fr\/wp-json\/wp\/v2\/types\/product"}],"replies":[{"embeddable":true,"href":"https:\/\/sneeboer.com\/fr\/wp-json\/wp\/v2\/comments?post=50479"}],"wp:featuredmedia":[{"embeddable":true,"href":"https:\/\/sneeboer.com\/fr\/wp-json\/wp\/v2\/media\/62077"}],"wp:attachment":[{"href":"https:\/\/sneeboer.com\/fr\/wp-json\/wp\/v2\/media?parent=50479"}],"wp:term":[{"taxonomy":"product_brand","embeddable":true,"href":"https:\/\/sneeboer.com\/fr\/wp-json\/wp\/v2\/product_brand?post=50479"},{"taxonomy":"product_cat","embeddable":true,"href":"https:\/\/sneeboer.com\/fr\/wp-json\/wp\/v2\/product_cat?post=50479"},{"taxonomy":"product_tag","embeddable":true,"href":"https:\/\/sneeboer.com\/fr\/wp-json\/wp\/v2\/product_tag?post=50479"},{"taxonomy":"weeds","embeddable":true,"href":"https:\/\/sneeboer.com\/fr\/wp-json\/wp\/v2\/weeds?post=50479"},{"taxonomy":"soil_types","embeddable":true,"href":"https:\/\/sneeboer.com\/fr\/wp-json\/wp\/v2\/soil_types?post=50479"}],"curies":[{"name":"wp","href":"https:\/\/api.w.org\/{rel}","templated":true}]}}