{"id":50429,"date":"2023-05-09T13:03:21","date_gmt":"2023-05-09T11:03:21","guid":{"rendered":"https:\/\/testsite.sneeboer.com\/tuingereedschap\/ash-handle-for-sneeboer-hand-tools"},"modified":"2025-12-29T13:59:05","modified_gmt":"2025-12-29T12:59:05","slug":"manche-en-frene-pour-outils-a-main-sneeboer","status":"publish","type":"product","link":"https:\/\/sneeboer.com\/fr\/outils-de-jardin-forges-a-la-main\/manche-en-frene-pour-outils-a-main-sneeboer","title":{"rendered":"Manche en fr\u00eane pour outils \u00e0 main Sneeboer"},"content":{"rendered":"<p>Manche en fr\u00eane pour outils \u00e0 main Sneeboer.<br \/>\nDiam\u00e8tre de 7,9 mm ou 9,9 mm.<\/p>\n","protected":false},"excerpt":{"rendered":"<p>Manche pour outils \u00e0 main Sneeboer &#8211; 14 cm de fr\u00eane<\/p>\n<p>Diam\u00e8tre de 7,9 mm ou 9,9 mm<\/p>\n<p>Veuillez utiliser de la colle ou du Locktite pour relier l&#8217;acier inoxydable au manche.<\/p>\n<p>Frottez le manche avec de l&#8217;huile de lin bouillie pour prolonger sa dur\u00e9e de vie.<\/p>\n","protected":false},"featured_media":0,"comment_status":"closed","ping_status":"closed","template":"","meta":{"inline_featured_image":false,"product_video_url":"","product_360_url":""},"product_brand":[],"product_cat":[282],"product_tag":[291,296],"weeds":[],"soil_types":[],"class_list":{"0":"post-50429","1":"product","2":"type-product","3":"status-publish","5":"product_cat-entretien","6":"product_tag-graven","7":"product_tag-planten","8":"post","10":"first","11":"instock","12":"taxable","13":"shipping-taxable","14":"purchasable","15":"product-type-simple"},"exclude_global_add_ons":false,"addons":[{"name":"Gravure","type":"custom_text","position":0,"required":false,"title_format":"heading","default":"","description_enable":true,"description":"Entrez jusqu'\u00e0 50 caract\u00e8res.","placeholder_enable":false,"placeholder":"","display":"select","restrictions_type":"any_text","adjust_price":true,"price":"4.92","price_type":"quantity_based","restrictions":true,"min":"1","max":"50","options":[],"id":1684165753}],"_links":{"self":[{"href":"https:\/\/sneeboer.com\/fr\/wp-json\/wp\/v2\/product\/50429","targetHints":{"allow":["GET"]}}],"collection":[{"href":"https:\/\/sneeboer.com\/fr\/wp-json\/wp\/v2\/product"}],"about":[{"href":"https:\/\/sneeboer.com\/fr\/wp-json\/wp\/v2\/types\/product"}],"replies":[{"embeddable":true,"href":"https:\/\/sneeboer.com\/fr\/wp-json\/wp\/v2\/comments?post=50429"}],"wp:attachment":[{"href":"https:\/\/sneeboer.com\/fr\/wp-json\/wp\/v2\/media?parent=50429"}],"wp:term":[{"taxonomy":"product_brand","embeddable":true,"href":"https:\/\/sneeboer.com\/fr\/wp-json\/wp\/v2\/product_brand?post=50429"},{"taxonomy":"product_cat","embeddable":true,"href":"https:\/\/sneeboer.com\/fr\/wp-json\/wp\/v2\/product_cat?post=50429"},{"taxonomy":"product_tag","embeddable":true,"href":"https:\/\/sneeboer.com\/fr\/wp-json\/wp\/v2\/product_tag?post=50429"},{"taxonomy":"weeds","embeddable":true,"href":"https:\/\/sneeboer.com\/fr\/wp-json\/wp\/v2\/weeds?post=50429"},{"taxonomy":"soil_types","embeddable":true,"href":"https:\/\/sneeboer.com\/fr\/wp-json\/wp\/v2\/soil_types?post=50429"}],"curies":[{"name":"wp","href":"https:\/\/api.w.org\/{rel}","templated":true}]}}