{"id":50351,"date":"2023-05-09T12:53:13","date_gmt":"2023-05-09T10:53:13","guid":{"rendered":"https:\/\/testsite.sneeboer.com\/tuingereedschap\/ensemble-de-titane"},"modified":"2023-06-26T12:19:15","modified_gmt":"2023-06-26T10:19:15","slug":"ensemble-de-titane","status":"publish","type":"product","link":"https:\/\/sneeboer.com\/fr\/outils-de-jardin-forges-a-la-main\/ensemble-de-titane","title":{"rendered":"Ensemble de Titane"},"content":{"rendered":"<p>L&#8217;ensemble en titane est livr\u00e9 dans une belle bo\u00eete cadeau en bois, avec une pochette en cuir et un certificat d&#8217;authenticit\u00e9. Les outils de jardinage en titane Sneeboer sont les plus luxueux et les plus exclusifs que vous puissiez trouver !<\/p>\n","protected":false},"excerpt":{"rendered":"<p>Pour c\u00e9l\u00e9brer le 100e anniversaire de la soci\u00e9t\u00e9 Sneeboer en 2013, la ligne d&#8217;outils en titane a \u00e9t\u00e9 d\u00e9velopp\u00e9e. Ce set contient les trois outils en titane tels que la truelle de repiquage, la fourche de d\u00e9sherbage et la houe \u00e0 main qui sont vraiment uniques en leur genre, avec un manche en bois de noyer et un anneau en laiton grav\u00e9 du logo Sneeboer \u00e0 l&#8217;extr\u00e9mit\u00e9 du manche. L&#8217;alliage de titane a \u00e9t\u00e9 affin\u00e9 avec soin et est un secret de forgeron. La lame forg\u00e9e \u00e0 la main est durcie et l\u00e9g\u00e8rement polie, afin qu&#8217;elle conserve la couleur que lui donne le feu de charbon.<\/p>\n<p>&nbsp;<\/p>\n","protected":false},"featured_media":1573,"comment_status":"closed","ping_status":"closed","template":"","meta":{"inline_featured_image":false,"product_video_url":"","product_360_url":""},"product_brand":[],"product_cat":[245,118],"product_tag":[483],"weeds":[],"soil_types":[],"class_list":{"0":"post-50351","1":"product","2":"type-product","3":"status-publish","4":"has-post-thumbnail","6":"product_cat-ensemble-de-titane","7":"product_cat-ligne-de-luxe","8":"product_tag-entretien","9":"post","11":"first","12":"instock","13":"taxable","14":"shipping-taxable","15":"purchasable","16":"product-type-simple"},"exclude_global_add_ons":[],"addons":[],"_links":{"self":[{"href":"https:\/\/sneeboer.com\/fr\/wp-json\/wp\/v2\/product\/50351","targetHints":{"allow":["GET"]}}],"collection":[{"href":"https:\/\/sneeboer.com\/fr\/wp-json\/wp\/v2\/product"}],"about":[{"href":"https:\/\/sneeboer.com\/fr\/wp-json\/wp\/v2\/types\/product"}],"replies":[{"embeddable":true,"href":"https:\/\/sneeboer.com\/fr\/wp-json\/wp\/v2\/comments?post=50351"}],"wp:featuredmedia":[{"embeddable":true,"href":"https:\/\/sneeboer.com\/fr\/wp-json\/wp\/v2\/media\/1573"}],"wp:attachment":[{"href":"https:\/\/sneeboer.com\/fr\/wp-json\/wp\/v2\/media?parent=50351"}],"wp:term":[{"taxonomy":"product_brand","embeddable":true,"href":"https:\/\/sneeboer.com\/fr\/wp-json\/wp\/v2\/product_brand?post=50351"},{"taxonomy":"product_cat","embeddable":true,"href":"https:\/\/sneeboer.com\/fr\/wp-json\/wp\/v2\/product_cat?post=50351"},{"taxonomy":"product_tag","embeddable":true,"href":"https:\/\/sneeboer.com\/fr\/wp-json\/wp\/v2\/product_tag?post=50351"},{"taxonomy":"weeds","embeddable":true,"href":"https:\/\/sneeboer.com\/fr\/wp-json\/wp\/v2\/weeds?post=50351"},{"taxonomy":"soil_types","embeddable":true,"href":"https:\/\/sneeboer.com\/fr\/wp-json\/wp\/v2\/soil_types?post=50351"}],"curies":[{"name":"wp","href":"https:\/\/api.w.org\/{rel}","templated":true}]}}