{"id":50344,"date":"2023-05-09T12:51:50","date_gmt":"2023-05-09T10:51:50","guid":{"rendered":"https:\/\/testsite.sneeboer.com\/tuingereedschap\/sneeboer-muts"},"modified":"2026-02-02T11:52:57","modified_gmt":"2026-02-02T10:52:57","slug":"bonnet-sneeboer","status":"publish","type":"product","link":"https:\/\/sneeboer.com\/fr\/outils-de-jardin-forges-a-la-main\/bonnet-sneeboer","title":{"rendered":"Bonnet Sneeboer"},"content":{"rendered":"<p><strong>Caract\u00e9ristiques :<\/strong><\/p>\n<ul>\n<li>Fabriqu\u00e9 par une entreprise familiale au Portugal.<\/li>\n<li>Soutient le secteur europ\u00e9en de l&#8217;habillement.<\/li>\n<li>Tr\u00e8s chaud et confortable.<\/li>\n<li>Logo Sneeboer brod\u00e9 en rouge.<\/li>\n<li>\u00c0 plat, le bonnet mesure 22 cm de large et 22 cm de haut.<\/li>\n<\/ul>\n","protected":false},"excerpt":{"rendered":"<p>Ce bonnet Sneeboer confortable vous garde bien au chaud pendant les froides journ\u00e9es d&#8217;hiver. Il est fabriqu\u00e9 par une entreprise familiale au Portugal, ce qui permet \u00e0 Sneeboer de soutenir d\u00e9lib\u00e9r\u00e9ment le secteur europ\u00e9en de l&#8217;habillement. Un choix qui correspond \u00e0 notre vision de l&#8217;artisanat et de la durabilit\u00e9.<\/p>\n<p>Le tissu doux est agr\u00e9able \u00e0 porter et conserve bien sa forme. Le logo Sneeboer est brod\u00e9 en rouge sur le bord, un d\u00e9tail reconnaissable et \u00e9l\u00e9gant.<\/p>\n","protected":false},"featured_media":64600,"comment_status":"closed","ping_status":"closed","template":"","meta":{"inline_featured_image":false,"product_video_url":"","product_360_url":""},"product_brand":[],"product_cat":[255],"product_tag":[333,492,525],"weeds":[],"soil_types":[],"class_list":{"0":"post-50344","1":"product","2":"type-product","3":"status-publish","4":"has-post-thumbnail","6":"product_cat-autre","7":"product_tag-creuser","8":"product_tag-plantation-fr","9":"product_tag-transplantation","10":"post","12":"first","13":"instock","14":"taxable","15":"shipping-taxable","16":"purchasable","17":"product-type-simple"},"exclude_global_add_ons":[],"addons":[],"_links":{"self":[{"href":"https:\/\/sneeboer.com\/fr\/wp-json\/wp\/v2\/product\/50344","targetHints":{"allow":["GET"]}}],"collection":[{"href":"https:\/\/sneeboer.com\/fr\/wp-json\/wp\/v2\/product"}],"about":[{"href":"https:\/\/sneeboer.com\/fr\/wp-json\/wp\/v2\/types\/product"}],"replies":[{"embeddable":true,"href":"https:\/\/sneeboer.com\/fr\/wp-json\/wp\/v2\/comments?post=50344"}],"wp:featuredmedia":[{"embeddable":true,"href":"https:\/\/sneeboer.com\/fr\/wp-json\/wp\/v2\/media\/64600"}],"wp:attachment":[{"href":"https:\/\/sneeboer.com\/fr\/wp-json\/wp\/v2\/media?parent=50344"}],"wp:term":[{"taxonomy":"product_brand","embeddable":true,"href":"https:\/\/sneeboer.com\/fr\/wp-json\/wp\/v2\/product_brand?post=50344"},{"taxonomy":"product_cat","embeddable":true,"href":"https:\/\/sneeboer.com\/fr\/wp-json\/wp\/v2\/product_cat?post=50344"},{"taxonomy":"product_tag","embeddable":true,"href":"https:\/\/sneeboer.com\/fr\/wp-json\/wp\/v2\/product_tag?post=50344"},{"taxonomy":"weeds","embeddable":true,"href":"https:\/\/sneeboer.com\/fr\/wp-json\/wp\/v2\/weeds?post=50344"},{"taxonomy":"soil_types","embeddable":true,"href":"https:\/\/sneeboer.com\/fr\/wp-json\/wp\/v2\/soil_types?post=50344"}],"curies":[{"name":"wp","href":"https:\/\/api.w.org\/{rel}","templated":true}]}}