{"id":50337,"date":"2023-05-09T12:51:19","date_gmt":"2023-05-09T10:51:19","guid":{"rendered":"https:\/\/testsite.sneeboer.com\/tuingereedschap\/seed-box"},"modified":"2023-06-26T12:19:27","modified_gmt":"2023-06-26T10:19:27","slug":"seed-box","status":"publish","type":"product","link":"https:\/\/sneeboer.com\/fr\/outils-de-jardin-forges-a-la-main\/seed-box","title":{"rendered":"Seed box"},"content":{"rendered":"","protected":false},"excerpt":{"rendered":"<h4><span style=\"color: #000080\"><strong>Ce produit sera en stock, pas la livraison sous 12 semaines.<\/strong><\/span><\/h4>\n<p><strong>Conversion en bo\u00eete de rangement<\/strong><\/p>\n<p>Si la bo\u00eete n\u2018est plus utilis\u00e9e pour ranger les outils, elle peut \u00e9galement \u00eatre transform\u00e9e en bo\u00eete de rangement, par exemple pour les petits objets ou les semences de plantes.<\/p>\n<p>Le coffret cadeau contient un s\u00e9parateur qui peut \u00eatre facilement assembl\u00e9 et embo\u00eet\u00e9 dans le coffret. Ceci divise la bo\u00eete en 8 petits compartiments.<\/p>\n<p>(Fits up to two hand tools)<\/p>\n<p>* comes without the tool and seeds on the photo<\/p>\n","protected":false},"featured_media":1456,"comment_status":"closed","ping_status":"closed","template":"","meta":{"inline_featured_image":false,"product_video_url":"","product_360_url":""},"product_brand":[],"product_cat":[227,282],"product_tag":[333,492,525],"weeds":[],"soil_types":[],"class_list":{"0":"post-50337","1":"product","2":"type-product","3":"status-publish","4":"has-post-thumbnail","6":"product_cat-cadeaux-de-noel","7":"product_cat-entretien","8":"product_tag-creuser","9":"product_tag-plantation-fr","10":"product_tag-transplantation","11":"post","13":"first","14":"instock","15":"taxable","16":"shipping-taxable","17":"purchasable","18":"product-type-simple"},"exclude_global_add_ons":false,"addons":[{"name":"Gravure","type":"custom_text","position":0,"required":false,"title_format":"heading","default":"","description_enable":true,"description":"Entrez jusqu'\u00e0 50 caract\u00e8res.","placeholder_enable":false,"placeholder":"","display":"select","restrictions_type":"any_text","adjust_price":true,"price":"4.92","price_type":"quantity_based","restrictions":true,"min":"1","max":"50","options":[],"id":1684165753}],"_links":{"self":[{"href":"https:\/\/sneeboer.com\/fr\/wp-json\/wp\/v2\/product\/50337","targetHints":{"allow":["GET"]}}],"collection":[{"href":"https:\/\/sneeboer.com\/fr\/wp-json\/wp\/v2\/product"}],"about":[{"href":"https:\/\/sneeboer.com\/fr\/wp-json\/wp\/v2\/types\/product"}],"replies":[{"embeddable":true,"href":"https:\/\/sneeboer.com\/fr\/wp-json\/wp\/v2\/comments?post=50337"}],"wp:featuredmedia":[{"embeddable":true,"href":"https:\/\/sneeboer.com\/fr\/wp-json\/wp\/v2\/media\/1456"}],"wp:attachment":[{"href":"https:\/\/sneeboer.com\/fr\/wp-json\/wp\/v2\/media?parent=50337"}],"wp:term":[{"taxonomy":"product_brand","embeddable":true,"href":"https:\/\/sneeboer.com\/fr\/wp-json\/wp\/v2\/product_brand?post=50337"},{"taxonomy":"product_cat","embeddable":true,"href":"https:\/\/sneeboer.com\/fr\/wp-json\/wp\/v2\/product_cat?post=50337"},{"taxonomy":"product_tag","embeddable":true,"href":"https:\/\/sneeboer.com\/fr\/wp-json\/wp\/v2\/product_tag?post=50337"},{"taxonomy":"weeds","embeddable":true,"href":"https:\/\/sneeboer.com\/fr\/wp-json\/wp\/v2\/weeds?post=50337"},{"taxonomy":"soil_types","embeddable":true,"href":"https:\/\/sneeboer.com\/fr\/wp-json\/wp\/v2\/soil_types?post=50337"}],"curies":[{"name":"wp","href":"https:\/\/api.w.org\/{rel}","templated":true}]}}