{"id":50006,"date":"2025-01-13T11:14:16","date_gmt":"2025-01-13T10:14:16","guid":{"rendered":"https:\/\/sneeboer.ratiodesign.dev\/?page_id=50006"},"modified":"2025-05-27T09:10:06","modified_gmt":"2025-05-27T07:10:06","slug":"a-propos-de-sneeboer","status":"publish","type":"page","link":"https:\/\/sneeboer.com\/fr\/a-propos-de-sneeboer","title":{"rendered":"A propos de Sneeboer"},"content":{"rendered":"\n<section class=\"wp-block-group alignfull base-grid layer layer-about-intro is-layout-grid wp-container-core-group-is-layout-205bcd65 wp-block-group-is-layout-grid\">\n<div class=\"wp-block-group layer-about-intro-text has-global-padding is-layout-constrained wp-block-group-is-layout-constrained\">\n<h1 class=\"wp-block-heading\">Nous sommes Sneeboer<\/h1>\n\n\n\n<p class=\"is-style-heading\">Un savoir-faire qui se perp\u00e9tue de g\u00e9n\u00e9ration en g\u00e9n\u00e9ration : l&#8217;histoire de Sneeboer<\/p>\n<\/div>\n\n\n\n<div class=\"wp-block-group layer-about-intro-img has-global-padding is-layout-constrained wp-block-group-is-layout-constrained\">\n<figure class=\"wp-block-image alignfull size-full\"><img loading=\"lazy\" decoding=\"async\" width=\"2048\" height=\"1160\" src=\"http:\/\/localhost\/wp-content\/uploads\/2025\/02\/sneeboer-team.jpg\" alt=\"\" class=\"wp-image-47342\" srcset=\"https:\/\/sneeboer.com\/wp-content\/uploads\/2025\/02\/sneeboer-team.jpg 2048w, https:\/\/sneeboer.com\/wp-content\/uploads\/2025\/02\/sneeboer-team-250x142.jpg 250w, https:\/\/sneeboer.com\/wp-content\/uploads\/2025\/02\/sneeboer-team-500x283.jpg 500w, https:\/\/sneeboer.com\/wp-content\/uploads\/2025\/02\/sneeboer-team-768x435.jpg 768w, https:\/\/sneeboer.com\/wp-content\/uploads\/2025\/02\/sneeboer-team-1536x870.jpg 1536w, https:\/\/sneeboer.com\/wp-content\/uploads\/2025\/02\/sneeboer-team-600x340.jpg 600w\" sizes=\"auto, (max-width: 2048px) 100vw, 2048px\" \/><\/figure>\n<\/div>\n<\/section>\n\n\n\n<section class=\"wp-block-group alignfull base-grid layer layer-about has-salmon-light-background-color has-background is-layout-grid wp-container-core-group-is-layout-205bcd65 wp-block-group-is-layout-grid\">\n<div class=\"wp-block-group layer-about-img has-global-padding is-content-justification-right is-layout-constrained wp-container-core-group-is-layout-f1f2ed93 wp-block-group-is-layout-constrained\">\n<figure class=\"wp-block-image alignfull size-full\"><img loading=\"lazy\" decoding=\"async\" width=\"696\" height=\"456\" src=\"http:\/\/localhost\/wp-content\/uploads\/2025\/02\/sneeboer-machine.jpg\" alt=\"\" class=\"wp-image-47363\" srcset=\"https:\/\/sneeboer.com\/wp-content\/uploads\/2025\/02\/sneeboer-machine.jpg 696w, https:\/\/sneeboer.com\/wp-content\/uploads\/2025\/02\/sneeboer-machine-250x164.jpg 250w, https:\/\/sneeboer.com\/wp-content\/uploads\/2025\/02\/sneeboer-machine-500x328.jpg 500w, https:\/\/sneeboer.com\/wp-content\/uploads\/2025\/02\/sneeboer-machine-600x393.jpg 600w\" sizes=\"auto, (max-width: 696px) 100vw, 696px\" \/><\/figure>\n<\/div>\n\n\n\n<div class=\"wp-block-group layer-about-img has-global-padding is-content-justification-right is-layout-constrained wp-container-core-group-is-layout-f1f2ed93 wp-block-group-is-layout-constrained\">\n<figure class=\"wp-block-image alignfull size-full\"><img loading=\"lazy\" decoding=\"async\" width=\"762\" height=\"486\" src=\"http:\/\/localhost\/wp-content\/uploads\/2025\/02\/sneeboer-family.jpg\" alt=\"\" class=\"wp-image-47367\" srcset=\"https:\/\/sneeboer.com\/wp-content\/uploads\/2025\/02\/sneeboer-family.jpg 762w, https:\/\/sneeboer.com\/wp-content\/uploads\/2025\/02\/sneeboer-family-250x159.jpg 250w, https:\/\/sneeboer.com\/wp-content\/uploads\/2025\/02\/sneeboer-family-500x319.jpg 500w, https:\/\/sneeboer.com\/wp-content\/uploads\/2025\/02\/sneeboer-family-600x383.jpg 600w\" sizes=\"auto, (max-width: 762px) 100vw, 762px\" \/><\/figure>\n<\/div>\n\n\n\n<div class=\"wp-block-group layer-about-text has-global-padding is-layout-constrained wp-block-group-is-layout-constrained\">\n<p>Depuis plus de 110 ans, le nom Sneeboer est synonyme d&#8217;outils de jardinage exceptionnels fabriqu\u00e9s \u00e0 la main. Notre entreprise familiale, bas\u00e9e \u00e0 Bovenkarspel, en Hollande septentrionale, a f\u00eat\u00e9 son 110e anniversaire en janvier 2023. Une \u00e9tape que nous regardons avec fiert\u00e9.<\/p>\n\n\n\n<p>Sneeboer se distingue par son \u00e9quilibre unique entre tradition et innovation. Nos artisans, dont beaucoup sont des membres de la famille, fabriquent chaque outil avec diligence \u00e0 partir d&#8217;un acier inoxydable de haute qualit\u00e9. Ce d\u00e9vouement \u00e0 la qualit\u00e9 nous a valu une reconnaissance internationale de la part des jardiniers les plus exigeants du monde entier.<\/p>\n\n\n\n<p>La philosophie de Sneeboer est pr\u00e9sente dans chaque cr\u00e9ation : nous d\u00e9veloppons constamment des outils innovants, nous am\u00e9liorons les classiques qui ont fait leurs preuves et nous redonnons vie \u00e0 des outils de jardinage oubli\u00e9s. Pour ce faire, nous combinons des techniques de forge traditionnelles avec des id\u00e9es modernes, en recherchant toujours de nouveaux march\u00e9s et des m\u00e9thodes de production durables am\u00e9lior\u00e9es.<\/p>\n\n\n\n<p>Aujourd&#8217;hui, la quatri\u00e8me g\u00e9n\u00e9ration de Sneeboer est pr\u00eate \u00e0 perp\u00e9tuer cet h\u00e9ritage, fid\u00e8le \u00e0 la devise du fondateur Arie Sneeboer : \u00ab Je sais comment faire mieux \u00bb. Cette volont\u00e9 explique pourquoi les jardiniers du monde entier sont d&#8217;accord : \u00ab Quiconque a d\u00e9j\u00e0 tenu un Sneeboer dans ses mains ne veut plus rien d&#8217;autre \u00bb.<\/p>\n<\/div>\n<\/section>\n\n\n\n<section class=\"wp-block-group alignfull base-grid layer layer-history is-layout-grid wp-container-core-group-is-layout-2ee6572b wp-block-group-is-layout-grid\">\n<div class=\"wp-block-group layer-history-text has-white-color has-text-color has-link-color wp-elements-369d465de4c9a35836c5c2e0a1b759fb is-vertical is-layout-flex wp-container-core-group-is-layout-d6b9ab57 wp-block-group-is-layout-flex\">\n<div class=\"wp-block-group has-global-padding is-layout-constrained wp-block-group-is-layout-constrained\">\n<h2 class=\"wp-block-heading is-style-alt\">Chronologie &#8211; Une histoire riche<\/h2>\n\n\n\n<p class=\"is-style-heading\">Bonhomme de neige \u00e0 travers les ann\u00e9es<\/p>\n\n\n\n<p>Voyez et lisez comment nous avons commenc\u00e9 et o\u00f9 nous en sommes maintenant.<\/p>\n\n\n\n<div class=\"wp-block-buttons is-style-default is-layout-flex wp-block-buttons-is-layout-flex\">\n<div class=\"wp-block-button is-style-outline is-style-outline--1\"><a class=\"wp-block-button__link wp-element-button\" href=\"https:\/\/sneeboer.com\/fr\/histoire\">Voir la chronologie<\/a><\/div>\n<\/div>\n<\/div>\n<\/div>\n\n\n\n<div class=\"wp-block-cover is-light layer-history-img\"><img loading=\"lazy\" decoding=\"async\" width=\"670\" height=\"507\" class=\"wp-block-cover__image-background wp-image-47381\" alt=\"\" src=\"http:\/\/localhost\/wp-content\/uploads\/2025\/02\/dreamteam-2007.jpg\" data-object-fit=\"cover\" srcset=\"https:\/\/sneeboer.com\/wp-content\/uploads\/2025\/02\/dreamteam-2007.jpg 670w, https:\/\/sneeboer.com\/wp-content\/uploads\/2025\/02\/dreamteam-2007-250x189.jpg 250w, https:\/\/sneeboer.com\/wp-content\/uploads\/2025\/02\/dreamteam-2007-500x378.jpg 500w, https:\/\/sneeboer.com\/wp-content\/uploads\/2025\/02\/dreamteam-2007-600x454.jpg 600w\" sizes=\"auto, (max-width: 670px) 100vw, 670px\" \/><span aria-hidden=\"true\" class=\"wp-block-cover__background has-background-dim-0 has-background-dim\" style=\"background-color:#9b8f71\"><\/span><div class=\"wp-block-cover__inner-container has-global-padding is-layout-constrained wp-block-cover-is-layout-constrained\">\n<p class=\"has-text-align-center has-large-font-size\"><\/p>\n<\/div><\/div>\n\n\n\n<div class=\"wp-block-cover layer-history-img\"><img loading=\"lazy\" decoding=\"async\" width=\"764\" height=\"511\" class=\"wp-block-cover__image-background wp-image-47377\" alt=\"\" src=\"http:\/\/localhost\/wp-content\/uploads\/2025\/02\/predicate-purveyor-to-the-royal-household.jpg\" data-object-fit=\"cover\" srcset=\"https:\/\/sneeboer.com\/wp-content\/uploads\/2025\/02\/predicate-purveyor-to-the-royal-household.jpg 764w, https:\/\/sneeboer.com\/wp-content\/uploads\/2025\/02\/predicate-purveyor-to-the-royal-household-250x167.jpg 250w, https:\/\/sneeboer.com\/wp-content\/uploads\/2025\/02\/predicate-purveyor-to-the-royal-household-500x334.jpg 500w, https:\/\/sneeboer.com\/wp-content\/uploads\/2025\/02\/predicate-purveyor-to-the-royal-household-600x401.jpg 600w\" sizes=\"auto, (max-width: 764px) 100vw, 764px\" \/><span aria-hidden=\"true\" class=\"wp-block-cover__background has-background-dim-0 has-background-dim\" style=\"background-color:#585250\"><\/span><div class=\"wp-block-cover__inner-container has-global-padding is-layout-constrained wp-block-cover-is-layout-constrained\">\n<p class=\"has-text-align-center has-large-font-size\"><\/p>\n<\/div><\/div>\n<\/section>\n","protected":false},"excerpt":{"rendered":"<p>Nous sommes Sneeboer Un savoir-faire qui se perp\u00e9tue de g\u00e9n\u00e9ration en g\u00e9n\u00e9ration : l&#8217;histoire de Sneeboer Depuis plus de 110 ans, le nom Sneeboer est synonyme d&#8217;outils de jardinage exceptionnels fabriqu\u00e9s \u00e0 la main. Notre entreprise familiale, bas\u00e9e \u00e0 Bovenkarspel, en Hollande septentrionale, a f\u00eat\u00e9 son 110e anniversaire en janvier 2023. Une \u00e9tape que nous [&hellip;]<\/p>\n","protected":false},"author":8062,"featured_media":0,"parent":0,"menu_order":84,"comment_status":"closed","ping_status":"closed","template":"page-about","meta":{"inline_featured_image":false,"home_video_url":"","home_alt_img_url":"","footnotes":""},"class_list":["post-50006","page","type-page","status-publish","hentry","post"],"_links":{"self":[{"href":"https:\/\/sneeboer.com\/fr\/wp-json\/wp\/v2\/pages\/50006","targetHints":{"allow":["GET"]}}],"collection":[{"href":"https:\/\/sneeboer.com\/fr\/wp-json\/wp\/v2\/pages"}],"about":[{"href":"https:\/\/sneeboer.com\/fr\/wp-json\/wp\/v2\/types\/page"}],"author":[{"embeddable":true,"href":"https:\/\/sneeboer.com\/fr\/wp-json\/wp\/v2\/users\/8062"}],"replies":[{"embeddable":true,"href":"https:\/\/sneeboer.com\/fr\/wp-json\/wp\/v2\/comments?post=50006"}],"version-history":[{"count":0,"href":"https:\/\/sneeboer.com\/fr\/wp-json\/wp\/v2\/pages\/50006\/revisions"}],"wp:attachment":[{"href":"https:\/\/sneeboer.com\/fr\/wp-json\/wp\/v2\/media?parent=50006"}],"curies":[{"name":"wp","href":"https:\/\/api.w.org\/{rel}","templated":true}]}}