{"id":68884,"date":"2026-05-06T11:49:40","date_gmt":"2026-05-06T09:49:40","guid":{"rendered":"https:\/\/sneeboer.com\/handgesmeed-tuingereedschap\/fourchette-a-main"},"modified":"2026-05-06T11:49:40","modified_gmt":"2026-05-06T09:49:40","slug":"fourchette-a-main","status":"publish","type":"product","link":"https:\/\/sneeboer.com\/fr-ch\/outils-de-jardin-forges-a-la-main\/fourchette-a-main","title":{"rendered":"Fourchette \u00e0 main"},"content":{"rendered":"<p>La fourche \u00e0 cueillir \u00e0 la main est disponible avec des manches en fr\u00eane ou en cerisier et avec diff\u00e9rentes longueurs de tige.<\/p>\n","protected":false},"excerpt":{"rendered":"<p>La fourche \u00e0 b\u00eacher manuelle est id\u00e9ale pour d\u00e9sherber et retirer les plantes du sol ou du pot sans endommager les racines. Les dents sont suffisamment robustes pour creuser et cultiver diff\u00e9rents types de sol. La conception de la fourche \u00e0 b\u00eacher manuelle est solide, stable et n&#8217;exerce qu&#8217;une pression minimale sur le poignet.<\/p>\n","protected":false},"featured_media":3995,"comment_status":"open","ping_status":"closed","template":"","meta":{"inline_featured_image":false,"product_video_url":"","product_360_url":""},"product_brand":[],"product_cat":[97,186],"product_tag":[1498,1417],"weeds":[],"soil_types":[],"class_list":{"0":"post-68884","1":"product","2":"type-product","3":"status-publish","4":"has-post-thumbnail","6":"product_cat-handtuingereedschap","7":"product_cat-vork","8":"product_tag-creuser","9":"product_tag-desherbage","10":"post","12":"first","13":"instock","14":"taxable","15":"shipping-taxable","16":"purchasable","17":"product-type-simple"},"exclude_global_add_ons":false,"addons":[{"name":"Gravure","type":"custom_text","position":0,"required":false,"title_format":"heading","default":"","description_enable":true,"description":"Entrez jusqu'\u00e0 50 caract\u00e8res.","placeholder_enable":false,"placeholder":"","display":"select","restrictions_type":"any_text","adjust_price":true,"price":"4.92","price_type":"quantity_based","restrictions":true,"min":"1","max":"50","options":[],"id":1684165753}],"_links":{"self":[{"href":"https:\/\/sneeboer.com\/fr-ch\/wp-json\/wp\/v2\/product\/68884","targetHints":{"allow":["GET"]}}],"collection":[{"href":"https:\/\/sneeboer.com\/fr-ch\/wp-json\/wp\/v2\/product"}],"about":[{"href":"https:\/\/sneeboer.com\/fr-ch\/wp-json\/wp\/v2\/types\/product"}],"replies":[{"embeddable":true,"href":"https:\/\/sneeboer.com\/fr-ch\/wp-json\/wp\/v2\/comments?post=68884"}],"wp:featuredmedia":[{"embeddable":true,"href":"https:\/\/sneeboer.com\/fr-ch\/wp-json\/wp\/v2\/media\/3995"}],"wp:attachment":[{"href":"https:\/\/sneeboer.com\/fr-ch\/wp-json\/wp\/v2\/media?parent=68884"}],"wp:term":[{"taxonomy":"product_brand","embeddable":true,"href":"https:\/\/sneeboer.com\/fr-ch\/wp-json\/wp\/v2\/product_brand?post=68884"},{"taxonomy":"product_cat","embeddable":true,"href":"https:\/\/sneeboer.com\/fr-ch\/wp-json\/wp\/v2\/product_cat?post=68884"},{"taxonomy":"product_tag","embeddable":true,"href":"https:\/\/sneeboer.com\/fr-ch\/wp-json\/wp\/v2\/product_tag?post=68884"},{"taxonomy":"weeds","embeddable":true,"href":"https:\/\/sneeboer.com\/fr-ch\/wp-json\/wp\/v2\/weeds?post=68884"},{"taxonomy":"soil_types","embeddable":true,"href":"https:\/\/sneeboer.com\/fr-ch\/wp-json\/wp\/v2\/soil_types?post=68884"}],"curies":[{"name":"wp","href":"https:\/\/api.w.org\/{rel}","templated":true}]}}