{"id":68292,"date":"2023-05-09T13:02:45","date_gmt":"2023-05-09T11:02:45","guid":{"rendered":"https:\/\/sneeboer.com\/handgesmeed-tuingereedschap\/poignee-pour-pelle-a-plantes-grande-fourche-dixter"},"modified":"2026-04-22T12:15:14","modified_gmt":"2026-04-22T10:15:14","slug":"poignee-pour-pelle-a-plantes-grande-fourche-dixter","status":"publish","type":"product","link":"https:\/\/sneeboer.com\/fr-ch\/outils-de-jardin-forges-a-la-main\/poignee-pour-pelle-a-plantes-grande-fourche-dixter","title":{"rendered":"Poign\u00e9e pour pelle \u00e0 plantes &#8211; Grande fourche Dixter"},"content":{"rendered":"<p>Sur notre cha\u00eene YouTube, nous avons publi\u00e9 plusieurs vid\u00e9os contenant des instructions sur la meilleure fa\u00e7on de remplacer une poign\u00e9e ou une garde.<\/p><p><\/p>","protected":false},"excerpt":{"rendered":"<p>Un manche en bois de fr\u00eane d&#8217;une longueur de 42 cm qui convient \u00e0 la pelle \u00e0 plantes Sneeboer ou \u00e0 la pelle \u00e0 plantes Great Dixter et \u00e0 la fourche Great Dixter. Pour une plus grande long\u00e9vit\u00e9, nous recommandons de lubrifier r\u00e9guli\u00e8rement le bois avec de l&#8217;huile de lin bouillie. Nous fournissons le rivet avec. <\/p>\n","protected":false},"featured_media":31264,"comment_status":"closed","ping_status":"closed","template":"","meta":{"inline_featured_image":false,"product_video_url":"","product_360_url":""},"product_brand":[],"product_cat":[159,277],"product_tag":[290],"weeds":[],"soil_types":[],"class_list":{"0":"post-68292","1":"product","2":"type-product","3":"status-publish","4":"has-post-thumbnail","6":"product_cat-losse-stelen","7":"product_cat-onderhoud","8":"product_tag-onderhoud","9":"post","11":"first","12":"instock","13":"taxable","14":"shipping-taxable","15":"purchasable","16":"product-type-simple"},"exclude_global_add_ons":false,"addons":[{"name":"Gravure","type":"custom_text","position":0,"required":false,"title_format":"heading","default":"","description_enable":true,"description":"Entrez jusqu'\u00e0 50 caract\u00e8res.","placeholder_enable":false,"placeholder":"","display":"select","restrictions_type":"any_text","adjust_price":true,"price":"4.92","price_type":"quantity_based","restrictions":true,"min":"1","max":"50","options":[],"id":1684165753}],"_links":{"self":[{"href":"https:\/\/sneeboer.com\/fr-ch\/wp-json\/wp\/v2\/product\/68292","targetHints":{"allow":["GET"]}}],"collection":[{"href":"https:\/\/sneeboer.com\/fr-ch\/wp-json\/wp\/v2\/product"}],"about":[{"href":"https:\/\/sneeboer.com\/fr-ch\/wp-json\/wp\/v2\/types\/product"}],"replies":[{"embeddable":true,"href":"https:\/\/sneeboer.com\/fr-ch\/wp-json\/wp\/v2\/comments?post=68292"}],"wp:featuredmedia":[{"embeddable":true,"href":"https:\/\/sneeboer.com\/fr-ch\/wp-json\/wp\/v2\/media\/31264"}],"wp:attachment":[{"href":"https:\/\/sneeboer.com\/fr-ch\/wp-json\/wp\/v2\/media?parent=68292"}],"wp:term":[{"taxonomy":"product_brand","embeddable":true,"href":"https:\/\/sneeboer.com\/fr-ch\/wp-json\/wp\/v2\/product_brand?post=68292"},{"taxonomy":"product_cat","embeddable":true,"href":"https:\/\/sneeboer.com\/fr-ch\/wp-json\/wp\/v2\/product_cat?post=68292"},{"taxonomy":"product_tag","embeddable":true,"href":"https:\/\/sneeboer.com\/fr-ch\/wp-json\/wp\/v2\/product_tag?post=68292"},{"taxonomy":"weeds","embeddable":true,"href":"https:\/\/sneeboer.com\/fr-ch\/wp-json\/wp\/v2\/weeds?post=68292"},{"taxonomy":"soil_types","embeddable":true,"href":"https:\/\/sneeboer.com\/fr-ch\/wp-json\/wp\/v2\/soil_types?post=68292"}],"curies":[{"name":"wp","href":"https:\/\/api.w.org\/{rel}","templated":true}]}}