{"id":68178,"date":"2023-05-09T13:46:50","date_gmt":"2023-05-09T11:46:50","guid":{"rendered":"https:\/\/sneeboer.com\/handgesmeed-tuingereedschap\/beche-en-pierre-avec-marches"},"modified":"2026-04-20T12:20:43","modified_gmt":"2026-04-20T10:20:43","slug":"beche-en-pierre-avec-marches","status":"publish","type":"product","link":"https:\/\/sneeboer.com\/fr-ch\/outils-de-jardin-forges-a-la-main\/beche-en-pierre-avec-marches","title":{"rendered":"B\u00eache en pierre avec marches"},"content":{"rendered":"<p>La b\u00eache en pierre avec marches a \u00e9t\u00e9 con\u00e7ue d&#8217;apr\u00e8s une id\u00e9e du rosi\u00e9riste anglais John Scarman et est disponible en plusieurs variantes. La b\u00eache en pierre avec un manche en T en bois de fr\u00eane de 90 ou 100 cm, la b\u00eache en pierre avec un manche en D en bois de fr\u00eane ou la b\u00eache en pierre \u00e9quip\u00e9e de fentes dans la lame, qui emp\u00eachent la terre de coller, \u00e9galement avec un manche en T en bois de fr\u00eane de 90 cm.<\/p>\n","protected":false},"excerpt":{"rendered":"<p>La b\u00eache en pierre avec marches est id\u00e9ale pour la transplantation de rosiers, d&#8217;arbustes et d&#8217;autres arbrisseaux dans un sol pierreux. Les dents aff\u00fbt\u00e9es de la lame offrent une ligne de coupe tr\u00e8s large, ce qui permet de travailler facilement les rosiers et les plates-bandes enracin\u00e9es. Gr\u00e2ce \u00e0 la denture sp\u00e9ciale, la ligne de coupe est 30 % plus large que celle d&#8217;une b\u00eache normale.<\/p>\n","protected":false},"featured_media":5332,"comment_status":"closed","ping_status":"closed","template":"","meta":{"inline_featured_image":false,"product_video_url":"","product_360_url":""},"product_brand":[],"product_cat":[154],"product_tag":[291,296],"weeds":[],"soil_types":[],"class_list":{"0":"post-68178","1":"product","2":"type-product","3":"status-publish","4":"has-post-thumbnail","6":"product_cat-spade","7":"product_tag-graven","8":"product_tag-planten","9":"post","11":"first","12":"onbackorder","13":"taxable","14":"shipping-taxable","15":"purchasable","16":"product-type-simple"},"exclude_global_add_ons":false,"addons":[{"name":"Gravure","type":"custom_text","position":0,"required":false,"title_format":"heading","default":"","description_enable":true,"description":"Entrez jusqu'\u00e0 50 caract\u00e8res.","placeholder_enable":false,"placeholder":"","display":"select","restrictions_type":"any_text","adjust_price":true,"price":"4.92","price_type":"quantity_based","restrictions":true,"min":"1","max":"50","options":[],"id":1684165753}],"_links":{"self":[{"href":"https:\/\/sneeboer.com\/fr-ch\/wp-json\/wp\/v2\/product\/68178","targetHints":{"allow":["GET"]}}],"collection":[{"href":"https:\/\/sneeboer.com\/fr-ch\/wp-json\/wp\/v2\/product"}],"about":[{"href":"https:\/\/sneeboer.com\/fr-ch\/wp-json\/wp\/v2\/types\/product"}],"replies":[{"embeddable":true,"href":"https:\/\/sneeboer.com\/fr-ch\/wp-json\/wp\/v2\/comments?post=68178"}],"wp:featuredmedia":[{"embeddable":true,"href":"https:\/\/sneeboer.com\/fr-ch\/wp-json\/wp\/v2\/media\/5332"}],"wp:attachment":[{"href":"https:\/\/sneeboer.com\/fr-ch\/wp-json\/wp\/v2\/media?parent=68178"}],"wp:term":[{"taxonomy":"product_brand","embeddable":true,"href":"https:\/\/sneeboer.com\/fr-ch\/wp-json\/wp\/v2\/product_brand?post=68178"},{"taxonomy":"product_cat","embeddable":true,"href":"https:\/\/sneeboer.com\/fr-ch\/wp-json\/wp\/v2\/product_cat?post=68178"},{"taxonomy":"product_tag","embeddable":true,"href":"https:\/\/sneeboer.com\/fr-ch\/wp-json\/wp\/v2\/product_tag?post=68178"},{"taxonomy":"weeds","embeddable":true,"href":"https:\/\/sneeboer.com\/fr-ch\/wp-json\/wp\/v2\/weeds?post=68178"},{"taxonomy":"soil_types","embeddable":true,"href":"https:\/\/sneeboer.com\/fr-ch\/wp-json\/wp\/v2\/soil_types?post=68178"}],"curies":[{"name":"wp","href":"https:\/\/api.w.org\/{rel}","templated":true}]}}