{"id":68162,"date":"2023-05-09T12:19:29","date_gmt":"2023-05-09T10:19:29","guid":{"rendered":"https:\/\/sneeboer.com\/?p=68162"},"modified":"2026-04-22T16:14:45","modified_gmt":"2026-04-22T14:14:45","slug":"fourchette-a-braconner-en-titane","status":"publish","type":"product","link":"https:\/\/sneeboer.com\/fr-ch\/outils-de-jardin-forges-a-la-main\/fourchette-a-braconner-en-titane","title":{"rendered":"Fourchette \u00e0 braconner en titane"},"content":{"rendered":"<p style=\"text-align: left;\">La ligne en titane est \u00e9galement disponible sous forme de set. Ce set est pr\u00e9sent\u00e9 dans un coffret en bois et comprend une pelle \u00e0 transplanter, une fourchette \u00e0 main et un grattoir, le tout accompagn\u00e9 d&#8217;un \u00e9tui en cuir et d&#8217;un certificat.<\/p>\n","protected":false},"excerpt":{"rendered":"<p style=\"text-align : left ;\">En l&#8217;honneur du 100e anniversaire de Sneeboer en 2013, cet outil a \u00e9t\u00e9 d\u00e9velopp\u00e9. La fourche \u00e0 cueillir en titane est unique en son genre, avec un manche en noyer, un anneau en laiton et le logo Sneeboer grav\u00e9 sur le dessus du manche. L&#8217;alliage est le secret du forgeron. Les dents forg\u00e9es \u00e0 la main sont l\u00e9g\u00e8rement ponc\u00e9es, de sorte que la fourche \u00e0 main conserve l&#8217;aspect donn\u00e9 par le feu du forgeron. Les outils de jardin en titane de Sneeboer sont de loin les outils de jardin les plus luxueux et les plus exclusifs !<\/p>\n","protected":false},"featured_media":25124,"comment_status":"closed","ping_status":"closed","template":"","meta":{"inline_featured_image":false,"product_video_url":"","product_360_url":""},"product_brand":[],"product_cat":[246,101,119,117,103,244],"product_tag":[1180,612,1429,1435,1433,1427,1434,1428],"weeds":[],"soil_types":[],"class_list":{"0":"post-68162","1":"product","2":"type-product","3":"status-publish","4":"has-post-thumbnail","6":"product_cat-ensemble-de-titane-2","7":"product_cat-hand-tools-4","8":"product_cat-ligne-de-luxe-2","9":"product_cat-luxury-line-4","10":"product_cat-outils-a-main-2","11":"product_cat-titanium-en-us","12":"product_tag-aerate-en-us","13":"product_tag-beluchten-fr-ch","14":"product_tag-cultifying","15":"product_tag-culture","16":"product_tag-graben","18":"product_tag-les-fruits-a-coque-sont-enleves","19":"product_tag-unkraut-entfernen","20":"post","22":"first","23":"instock","24":"taxable","25":"shipping-taxable","26":"purchasable","27":"product-type-simple"},"exclude_global_add_ons":[],"addons":[],"_links":{"self":[{"href":"https:\/\/sneeboer.com\/fr-ch\/wp-json\/wp\/v2\/product\/68162","targetHints":{"allow":["GET"]}}],"collection":[{"href":"https:\/\/sneeboer.com\/fr-ch\/wp-json\/wp\/v2\/product"}],"about":[{"href":"https:\/\/sneeboer.com\/fr-ch\/wp-json\/wp\/v2\/types\/product"}],"replies":[{"embeddable":true,"href":"https:\/\/sneeboer.com\/fr-ch\/wp-json\/wp\/v2\/comments?post=68162"}],"wp:featuredmedia":[{"embeddable":true,"href":"https:\/\/sneeboer.com\/fr-ch\/wp-json\/wp\/v2\/media\/25124"}],"wp:attachment":[{"href":"https:\/\/sneeboer.com\/fr-ch\/wp-json\/wp\/v2\/media?parent=68162"}],"wp:term":[{"taxonomy":"product_brand","embeddable":true,"href":"https:\/\/sneeboer.com\/fr-ch\/wp-json\/wp\/v2\/product_brand?post=68162"},{"taxonomy":"product_cat","embeddable":true,"href":"https:\/\/sneeboer.com\/fr-ch\/wp-json\/wp\/v2\/product_cat?post=68162"},{"taxonomy":"product_tag","embeddable":true,"href":"https:\/\/sneeboer.com\/fr-ch\/wp-json\/wp\/v2\/product_tag?post=68162"},{"taxonomy":"weeds","embeddable":true,"href":"https:\/\/sneeboer.com\/fr-ch\/wp-json\/wp\/v2\/weeds?post=68162"},{"taxonomy":"soil_types","embeddable":true,"href":"https:\/\/sneeboer.com\/fr-ch\/wp-json\/wp\/v2\/soil_types?post=68162"}],"curies":[{"name":"wp","href":"https:\/\/api.w.org\/{rel}","templated":true}]}}