{"id":68153,"date":"2026-04-20T08:49:23","date_gmt":"2026-04-20T08:49:23","guid":{"rendered":"https:\/\/sneeboer.com\/?p=68153"},"modified":"2026-04-20T08:49:23","modified_gmt":"2026-04-20T08:49:23","slug":"ciseau-a-main-en-titane-12-cm","status":"publish","type":"product","link":"https:\/\/sneeboer.com\/fr-ch\/outils-de-jardin-forges-a-la-main\/ciseau-a-main-en-titane-12-cm","title":{"rendered":"Ciseau \u00e0 main en titane, 12 cm"},"content":{"rendered":"<p>La s\u00e9rie Titan est \u00e9galement disponible sous forme de coffret. Ce coffret est livr\u00e9 dans un coffret cadeau en bois et contient une pelle \u00e0 terre, une fourchette \u00e0 main et un r\u00e2teau, le tout accompagn\u00e9 d&#039;un \u00e9tui en cuir et d&#039;un certificat.<\/p>\n","protected":false},"excerpt":{"rendered":"<p>Cet outil a \u00e9t\u00e9 con\u00e7u \u00e0 l&#039;occasion du centenaire de Sneeboer en 2013. Ce grattoir en titane est une pi\u00e8ce unique dot\u00e9e d&#039;un manche en noyer orn\u00e9 d&#039;un anneau en laiton et du logo Sneeboer grav\u00e9 \u00e0 l&#039;extr\u00e9mit\u00e9 sup\u00e9rieure du manche. La composition de l&#039;alliage est le secret du forgeron. La lame forg\u00e9e \u00e0 la main est tremp\u00e9e et l\u00e9g\u00e8rement aff\u00fbt\u00e9e, ce qui permet \u00e0 la truelle de conserver l&#039;aspect marqu\u00e9 par le feu de la forge. Les outils de jardinage en titane de Sneeboer sont de loin les plus luxueux et les plus exclusifs !<\/p>\n","protected":false},"featured_media":26481,"comment_status":"closed","ping_status":"closed","template":"","meta":{"inline_featured_image":false,"product_video_url":"","product_360_url":""},"product_brand":[],"product_cat":[246,119,103],"product_tag":[922],"weeds":[],"soil_types":[],"class_list":{"0":"post-68153","1":"product","2":"type-product","3":"status-publish","4":"has-post-thumbnail","6":"product_cat-ensemble-de-titane-2","7":"product_cat-ligne-de-luxe-2","8":"product_cat-outils-a-main-2","9":"product_tag-weeding-2","10":"post","12":"first","13":"instock","14":"taxable","15":"shipping-taxable","16":"purchasable","17":"product-type-simple"},"exclude_global_add_ons":[],"addons":[],"_links":{"self":[{"href":"https:\/\/sneeboer.com\/fr-ch\/wp-json\/wp\/v2\/product\/68153","targetHints":{"allow":["GET"]}}],"collection":[{"href":"https:\/\/sneeboer.com\/fr-ch\/wp-json\/wp\/v2\/product"}],"about":[{"href":"https:\/\/sneeboer.com\/fr-ch\/wp-json\/wp\/v2\/types\/product"}],"replies":[{"embeddable":true,"href":"https:\/\/sneeboer.com\/fr-ch\/wp-json\/wp\/v2\/comments?post=68153"}],"wp:featuredmedia":[{"embeddable":true,"href":"https:\/\/sneeboer.com\/fr-ch\/wp-json\/wp\/v2\/media\/26481"}],"wp:attachment":[{"href":"https:\/\/sneeboer.com\/fr-ch\/wp-json\/wp\/v2\/media?parent=68153"}],"wp:term":[{"taxonomy":"product_brand","embeddable":true,"href":"https:\/\/sneeboer.com\/fr-ch\/wp-json\/wp\/v2\/product_brand?post=68153"},{"taxonomy":"product_cat","embeddable":true,"href":"https:\/\/sneeboer.com\/fr-ch\/wp-json\/wp\/v2\/product_cat?post=68153"},{"taxonomy":"product_tag","embeddable":true,"href":"https:\/\/sneeboer.com\/fr-ch\/wp-json\/wp\/v2\/product_tag?post=68153"},{"taxonomy":"weeds","embeddable":true,"href":"https:\/\/sneeboer.com\/fr-ch\/wp-json\/wp\/v2\/weeds?post=68153"},{"taxonomy":"soil_types","embeddable":true,"href":"https:\/\/sneeboer.com\/fr-ch\/wp-json\/wp\/v2\/soil_types?post=68153"}],"curies":[{"name":"wp","href":"https:\/\/api.w.org\/{rel}","templated":true}]}}