{"id":65827,"date":"2026-03-13T12:08:00","date_gmt":"2026-03-13T11:08:00","guid":{"rendered":"https:\/\/sneeboer.com\/handgesmeed-tuingereedschap\/pelle-de-plantation-arends"},"modified":"2026-03-13T12:08:00","modified_gmt":"2026-03-13T11:08:00","slug":"pelle-de-plantation-arends","status":"publish","type":"product","link":"https:\/\/sneeboer.com\/fr-ch\/outils-de-jardin-forges-a-la-main\/pelle-de-plantation-arends","title":{"rendered":"Pelle de plantation Arends"},"content":{"rendered":"\n<p>La <strong>pelle de plantation Arends<\/strong> a \u00e9t\u00e9 sp\u00e9cialement d\u00e9velopp\u00e9e pour la p\u00e9pini\u00e8re de plantes vivaces Arends. Cette p\u00e9pini\u00e8re a \u00e9t\u00e9 fond\u00e9e en 1888 par Georg Arends \u00e0 Ronsdorf, en Allemagne. Bon nombre des plantes vivaces qu\u2019il a cultiv\u00e9es ont re\u00e7u les plus hautes distinctions de la Royal Horticultural Society en Angleterre. Vers 1920, la pelle de plantation Arends a \u00e9t\u00e9 introduite. Sa base est une truelle de ma\u00e7on con\u00e7ue pour un usage professionnel, puis perfectionn\u00e9e afin de rendre le travail au jardin plus efficace et plus agr\u00e9able. En collaboration avec Anja Maubach, petite-fille de Georg Arends, Sneeboer a remis cette pelle de plantation Arends sur le march\u00e9 avec un grand enthousiasme. La pelle de plantation Arends est disponible avec un manche en bois de fr\u00eane ou de cerisier.<\/p>\n","protected":false},"excerpt":{"rendered":"<p>La pelle de plantation Arends poss\u00e8de une lame large et pointue, id\u00e9ale pour p\u00e9n\u00e9trer le sol et creuser un trou de plantation. La liaison entre la lame et le manche est courb\u00e9e afin de r\u00e9duire au minimum la tension exerc\u00e9e sur le poignet.<\/p>\n","protected":false},"featured_media":15135,"comment_status":"open","ping_status":"closed","template":"","meta":{"inline_featured_image":false,"product_video_url":"","product_360_url":""},"product_brand":[],"product_cat":[103,183],"product_tag":[334,491,526],"weeds":[],"soil_types":[],"class_list":{"0":"post-65827","1":"product","2":"type-product","3":"status-publish","4":"has-post-thumbnail","6":"product_cat-outils-a-main-2","7":"product_cat-plantoir-truelle-2","8":"product_tag-creuser-fr-ch","9":"product_tag-plantation","10":"product_tag-transplantation-fr-ch","11":"post","13":"first","14":"instock","15":"taxable","16":"shipping-taxable","17":"purchasable","18":"product-type-variable"},"exclude_global_add_ons":false,"addons":[{"name":"Gravure","type":"custom_text","position":0,"required":false,"title_format":"heading","default":"","description_enable":true,"description":"Entrez jusqu'\u00e0 50 caract\u00e8res.","placeholder_enable":false,"placeholder":"","display":"select","restrictions_type":"any_text","adjust_price":true,"price":"4.92","price_type":"quantity_based","restrictions":true,"min":"1","max":"50","options":[],"id":1684165753}],"_links":{"self":[{"href":"https:\/\/sneeboer.com\/fr-ch\/wp-json\/wp\/v2\/product\/65827","targetHints":{"allow":["GET"]}}],"collection":[{"href":"https:\/\/sneeboer.com\/fr-ch\/wp-json\/wp\/v2\/product"}],"about":[{"href":"https:\/\/sneeboer.com\/fr-ch\/wp-json\/wp\/v2\/types\/product"}],"replies":[{"embeddable":true,"href":"https:\/\/sneeboer.com\/fr-ch\/wp-json\/wp\/v2\/comments?post=65827"}],"wp:featuredmedia":[{"embeddable":true,"href":"https:\/\/sneeboer.com\/fr-ch\/wp-json\/wp\/v2\/media\/15135"}],"wp:attachment":[{"href":"https:\/\/sneeboer.com\/fr-ch\/wp-json\/wp\/v2\/media?parent=65827"}],"wp:term":[{"taxonomy":"product_brand","embeddable":true,"href":"https:\/\/sneeboer.com\/fr-ch\/wp-json\/wp\/v2\/product_brand?post=65827"},{"taxonomy":"product_cat","embeddable":true,"href":"https:\/\/sneeboer.com\/fr-ch\/wp-json\/wp\/v2\/product_cat?post=65827"},{"taxonomy":"product_tag","embeddable":true,"href":"https:\/\/sneeboer.com\/fr-ch\/wp-json\/wp\/v2\/product_tag?post=65827"},{"taxonomy":"weeds","embeddable":true,"href":"https:\/\/sneeboer.com\/fr-ch\/wp-json\/wp\/v2\/weeds?post=65827"},{"taxonomy":"soil_types","embeddable":true,"href":"https:\/\/sneeboer.com\/fr-ch\/wp-json\/wp\/v2\/soil_types?post=65827"}],"curies":[{"name":"wp","href":"https:\/\/api.w.org\/{rel}","templated":true}]}}