{"id":61581,"date":"2025-11-03T13:52:14","date_gmt":"2025-11-03T12:52:14","guid":{"rendered":"https:\/\/sneeboer.com\/handgesmeed-tuingereedschap\/petit-rateau-pour-enfants"},"modified":"2025-11-22T15:44:33","modified_gmt":"2025-11-22T14:44:33","slug":"petit-rateau-pour-enfants","status":"publish","type":"product","link":"https:\/\/sneeboer.com\/fr-ch\/outils-de-jardin-forges-a-la-main\/petit-rateau-pour-enfants","title":{"rendered":"Petit r\u00e2teau pour enfants"},"content":{"rendered":"\n<p>Tel p\u00e8re, tel fils, telle m\u00e8re, telle fille. Les enfants aiment imiter leurs parents lorsqu&#8217;ils voient que ceux-ci prennent beaucoup de plaisir \u00e0 faire ce qu&#8217;ils font. Il en va de m\u00eame pour le jardinage. Parce que les enfants, tout comme vous, n&#8217;ont pas envie d&#8217;utiliser des outils qui se tordent ou se cassent, Sneeboer a d\u00e9velopp\u00e9 une gamme sp\u00e9ciale d&#8217;outils. Cette gamme pour enfants est fabriqu\u00e9e selon la m\u00eame m\u00e9thode et avec la m\u00eame qualit\u00e9 que les outils que vous avez l&#8217;habitude d&#8217;utiliser. Les enfants \u00e0 partir de 6 ans peuvent utiliser ces outils sous la surveillance d&#8217;un adulte.<\/p>\n\n\n\n<p>Par rapport \u00e0 nos autres outils pour enfants, ceux-ci sont de conception plus robuste, ce qui les rend l\u00e9g\u00e8rement plus lourds. Ils sont donc plus r\u00e9sistants et supporteront mieux les chocs \u00e0 mesure que l&#8217;enfant grandit. En outre, ces outils sont \u00e9galement utilis\u00e9s par les personnes \u00e2g\u00e9es souffrant de probl\u00e8mes articulaires, car leur taille plus petite et leur poids plus l\u00e9ger par rapport \u00e0 nos outils classiques les rendent parfaits pour les travaux de jardinage l\u00e9gers effectu\u00e9s par des adultes.<\/p>\n\n\n\n<p>Gr\u00e2ce \u00e0 leur l\u00e9g\u00e8ret\u00e9, ces outils sont \u00e9galement tr\u00e8s maniables pour les petits jardiniers, tandis que l&#8217;acier inoxydable robuste leur conf\u00e8re une qualit\u00e9 irr\u00e9prochable. Ce que l&#8217;on apprend jeune reste grav\u00e9 dans la m\u00e9moire, et ces outils resteront \u00e0 jamais grav\u00e9s dans leur m\u00e9moire.<\/p>\n","protected":false},"excerpt":{"rendered":"<p>Jardiner d\u00e8s le plus jeune \u00e2ge avec des outils s\u00fbrs et adapt\u00e9s aux enfants est une exp\u00e9rience que vos proches n&#8217;oublieront jamais.<\/p>\n","protected":false},"featured_media":61614,"comment_status":"closed","ping_status":"closed","template":"","meta":{"inline_featured_image":false,"product_video_url":"","product_360_url":""},"product_brand":[],"product_cat":[422],"product_tag":[1344],"weeds":[],"soil_types":[],"class_list":{"0":"post-61581","1":"product","2":"type-product","3":"status-publish","4":"has-post-thumbnail","6":"product_cat-rateau-fr-ch","7":"product_tag-kinderen-fr-ch","8":"post","10":"first","11":"instock","12":"taxable","13":"shipping-taxable","14":"purchasable","15":"product-type-simple"},"exclude_global_add_ons":false,"addons":[{"name":"Gravure","type":"custom_text","position":0,"required":false,"title_format":"heading","default":"","description_enable":true,"description":"Entrez jusqu'\u00e0 50 caract\u00e8res.","placeholder_enable":false,"placeholder":"","display":"select","restrictions_type":"any_text","adjust_price":true,"price":"4.92","price_type":"quantity_based","restrictions":true,"min":"1","max":"50","options":[],"id":1684165753}],"_links":{"self":[{"href":"https:\/\/sneeboer.com\/fr-ch\/wp-json\/wp\/v2\/product\/61581","targetHints":{"allow":["GET"]}}],"collection":[{"href":"https:\/\/sneeboer.com\/fr-ch\/wp-json\/wp\/v2\/product"}],"about":[{"href":"https:\/\/sneeboer.com\/fr-ch\/wp-json\/wp\/v2\/types\/product"}],"replies":[{"embeddable":true,"href":"https:\/\/sneeboer.com\/fr-ch\/wp-json\/wp\/v2\/comments?post=61581"}],"wp:featuredmedia":[{"embeddable":true,"href":"https:\/\/sneeboer.com\/fr-ch\/wp-json\/wp\/v2\/media\/61614"}],"wp:attachment":[{"href":"https:\/\/sneeboer.com\/fr-ch\/wp-json\/wp\/v2\/media?parent=61581"}],"wp:term":[{"taxonomy":"product_brand","embeddable":true,"href":"https:\/\/sneeboer.com\/fr-ch\/wp-json\/wp\/v2\/product_brand?post=61581"},{"taxonomy":"product_cat","embeddable":true,"href":"https:\/\/sneeboer.com\/fr-ch\/wp-json\/wp\/v2\/product_cat?post=61581"},{"taxonomy":"product_tag","embeddable":true,"href":"https:\/\/sneeboer.com\/fr-ch\/wp-json\/wp\/v2\/product_tag?post=61581"},{"taxonomy":"weeds","embeddable":true,"href":"https:\/\/sneeboer.com\/fr-ch\/wp-json\/wp\/v2\/weeds?post=61581"},{"taxonomy":"soil_types","embeddable":true,"href":"https:\/\/sneeboer.com\/fr-ch\/wp-json\/wp\/v2\/soil_types?post=61581"}],"curies":[{"name":"wp","href":"https:\/\/api.w.org\/{rel}","templated":true}]}}