{"id":53803,"date":"2025-04-01T20:25:08","date_gmt":"2025-04-01T18:25:08","guid":{"rendered":"https:\/\/sneeboer.com\/handgesmeed-tuingereedschap\/truelle-de-jardin"},"modified":"2025-04-01T20:48:41","modified_gmt":"2025-04-01T18:48:41","slug":"truelle-de-jardin","status":"publish","type":"product","link":"https:\/\/sneeboer.com\/fr-ch\/outils-de-jardin-forges-a-la-main\/truelle-de-jardin","title":{"rendered":"Truelle de Jardin"},"content":{"rendered":"<p>La construction robuste et la forme soigneusement con\u00e7ue rendent \u00e9galement cette truelle id\u00e9ale pour d\u00e9placer des mat\u00e9riaux en vrac comme le sable, les copeaux de bois ou le terreau. La truelle tient confortablement dans la main gr\u00e2ce au manche de forme ergonomique, disponible en deux essences de bois luxueuses : le fr\u00eane durable ou le cerisier \u00e9l\u00e9gant.<\/p>\n","protected":false},"excerpt":{"rendered":"<p>La Truelle de Jardin Sneeboer est un outil polyvalent qu&#8217;aucun amateur de jardinage ne devrait manquer. Avec sa conception ing\u00e9nieuse, cette truelle est parfaite pour planter en pots ou en jardini\u00e8res. La forme creuse profonde pr\u00e9l\u00e8ve exactement la bonne quantit\u00e9 de terreau ou de compost du sac, vous permettant de remplir vos pots efficacement.<\/p>\n<p>Cette truelle fabriqu\u00e9e \u00e0 la main est dot\u00e9e d&#8217;un bord dentel\u00e9 qui facilite l&#8217;ouverture des sacs de terreau, de compost ou d&#8217;autres mat\u00e9riaux. Plus besoin de ciseaux ou de couteau &#8211; d&#8217;un seul mouvement, vous pouvez d\u00e9chirer les sacs en plastique.<\/p>\n","protected":false},"featured_media":54183,"comment_status":"closed","ping_status":"closed","template":"","meta":{"inline_featured_image":false,"product_video_url":"","product_360_url":""},"product_brand":[],"product_cat":[103,219],"product_tag":[],"weeds":[],"soil_types":[],"class_list":{"0":"post-53803","1":"product","2":"type-product","3":"status-publish","4":"has-post-thumbnail","6":"product_cat-outils-a-main-2","7":"product_cat-outils-essentiels-2","8":"post","10":"first","11":"instock","12":"taxable","13":"shipping-taxable","14":"purchasable","15":"product-type-variable","16":"has-default-attributes"},"exclude_global_add_ons":false,"addons":[{"name":"Gravure","type":"custom_text","position":0,"required":false,"title_format":"heading","default":"","description_enable":true,"description":"Entrez jusqu'\u00e0 50 caract\u00e8res.","placeholder_enable":false,"placeholder":"","display":"select","restrictions_type":"any_text","adjust_price":true,"price":"4.92","price_type":"quantity_based","restrictions":true,"min":"1","max":"50","options":[],"id":1684165753}],"_links":{"self":[{"href":"https:\/\/sneeboer.com\/fr-ch\/wp-json\/wp\/v2\/product\/53803","targetHints":{"allow":["GET"]}}],"collection":[{"href":"https:\/\/sneeboer.com\/fr-ch\/wp-json\/wp\/v2\/product"}],"about":[{"href":"https:\/\/sneeboer.com\/fr-ch\/wp-json\/wp\/v2\/types\/product"}],"replies":[{"embeddable":true,"href":"https:\/\/sneeboer.com\/fr-ch\/wp-json\/wp\/v2\/comments?post=53803"}],"wp:featuredmedia":[{"embeddable":true,"href":"https:\/\/sneeboer.com\/fr-ch\/wp-json\/wp\/v2\/media\/54183"}],"wp:attachment":[{"href":"https:\/\/sneeboer.com\/fr-ch\/wp-json\/wp\/v2\/media?parent=53803"}],"wp:term":[{"taxonomy":"product_brand","embeddable":true,"href":"https:\/\/sneeboer.com\/fr-ch\/wp-json\/wp\/v2\/product_brand?post=53803"},{"taxonomy":"product_cat","embeddable":true,"href":"https:\/\/sneeboer.com\/fr-ch\/wp-json\/wp\/v2\/product_cat?post=53803"},{"taxonomy":"product_tag","embeddable":true,"href":"https:\/\/sneeboer.com\/fr-ch\/wp-json\/wp\/v2\/product_tag?post=53803"},{"taxonomy":"weeds","embeddable":true,"href":"https:\/\/sneeboer.com\/fr-ch\/wp-json\/wp\/v2\/weeds?post=53803"},{"taxonomy":"soil_types","embeddable":true,"href":"https:\/\/sneeboer.com\/fr-ch\/wp-json\/wp\/v2\/soil_types?post=53803"}],"curies":[{"name":"wp","href":"https:\/\/api.w.org\/{rel}","templated":true}]}}