{"id":53782,"date":"2023-11-24T17:01:02","date_gmt":"2023-11-24T16:01:02","guid":{"rendered":"https:\/\/sneeboer.com\/handgesmeed-tuingereedschap\/handspade"},"modified":"2024-02-01T11:01:23","modified_gmt":"2024-02-01T10:01:23","slug":"beche-a-main","status":"publish","type":"product","link":"https:\/\/sneeboer.com\/fr-ch\/outils-de-jardin-forges-a-la-main\/beche-a-main","title":{"rendered":"B\u00eache \u00e0 main (mod\u00e8le d\u00e9pos\u00e9)"},"content":{"rendered":"<p><span style=\"font-weight: 400;\">Chaque lame est minutieusement fa\u00e7onn\u00e9e et aff\u00fbt\u00e9e par les mains expertes des ma\u00eetres artisans de Sneeboer, une tradition qui fait la renomm\u00e9e des outils Sneeboer. Le r\u00e9sultat est une lame qui glisse dans le sol sans effort, facilitant ainsi vos travaux de jardinage. Cette lame n&#8217;est pas seulement une \u0153uvre d&#8217;art \u00e9tonnante, mais comme elle est fabriqu\u00e9e en acier inoxydable de 3 mm, elle est aussi un cheval de bataille robuste dans votre jardin.<\/span><\/p>\n<p><span style=\"font-weight: 400;\">La lame de la b\u00eache \u00e0 main est courb\u00e9e sur le c\u00f4t\u00e9 long pour lui donner de la force et \u00e9viter qu&#8217;elle ne se brise en creusant. De plus, l&#8217;angle de fixation de la lame sur le manche en T est sp\u00e9cialement d\u00e9termin\u00e9 pour rendre le travail avec la b\u00eache plus confortable. Que vous vous occupiez de plantes d\u00e9licates ou que vous entrepreniez des projets plus exigeants, cette b\u00eache \u00e0 main est la solution id\u00e9ale.<\/span><\/p>\n","protected":false},"excerpt":{"rendered":"<p><span style=\"font-weight: 400;\">La b\u00eache \u00e0 main est la quintessence de l&#8217;\u00e9l\u00e9gance et de la fonctionnalit\u00e9 des outils de jardinage. Elle peut \u00eatre utilis\u00e9e pour retourner la terre et transplanter des plantes, mais aussi pour diviser des arbustes et creuser de petits trous. Fabriqu\u00e9 \u00e0 la perfection, ce chef-d&#8217;\u0153uvre est con\u00e7u pour red\u00e9finir votre exp\u00e9rience du jardinage gr\u00e2ce \u00e0 sa fabrication exquise et \u00e0 ses applications multifonctionnelles. La b\u00eache \u00e0 main est id\u00e9ale pour les jardiniers qui se d\u00e9placent beaucoup, qui travaillent \u00e0 genoux ou qui trouvent qu&#8217;une b\u00eache ordinaire est trop grande et trop lourde.<\/span><\/p>\n<p><em>Ce dessin ou mod\u00e8le est enregistr\u00e9 (sous les num\u00e9ros onder nummers RCD 015035063-0001\/UK 6316568) et est prot\u00e9g\u00e9 par les droits de dessin ou mod\u00e8le. Il n&#8217;est pas permis, conform\u00e9ment aux r\u00e9glementations telles que le r\u00e8glement sur les dessins ou mod\u00e8les communautaires, de copier ou de reproduire nos dessins ou mod\u00e8les sans autorisation.<\/em><\/p>\n","protected":false},"featured_media":54381,"comment_status":"closed","ping_status":"closed","template":"","meta":{"inline_featured_image":false,"product_video_url":"","product_360_url":""},"product_brand":[],"product_cat":[156,103,219],"product_tag":[],"weeds":[],"soil_types":[],"class_list":{"0":"post-53782","1":"product","2":"type-product","3":"status-publish","4":"has-post-thumbnail","6":"product_cat-beche-2","7":"product_cat-outils-a-main-2","8":"product_cat-outils-essentiels-2","9":"post","11":"first","12":"instock","13":"taxable","14":"shipping-taxable","15":"purchasable","16":"product-type-simple"},"exclude_global_add_ons":false,"addons":[{"name":"Gravure","type":"custom_text","position":0,"required":false,"title_format":"heading","default":"","description_enable":true,"description":"Entrez jusqu'\u00e0 50 caract\u00e8res.","placeholder_enable":false,"placeholder":"","display":"select","restrictions_type":"any_text","adjust_price":true,"price":"4.92","price_type":"quantity_based","restrictions":true,"min":"1","max":"50","options":[],"id":1684165753}],"_links":{"self":[{"href":"https:\/\/sneeboer.com\/fr-ch\/wp-json\/wp\/v2\/product\/53782","targetHints":{"allow":["GET"]}}],"collection":[{"href":"https:\/\/sneeboer.com\/fr-ch\/wp-json\/wp\/v2\/product"}],"about":[{"href":"https:\/\/sneeboer.com\/fr-ch\/wp-json\/wp\/v2\/types\/product"}],"replies":[{"embeddable":true,"href":"https:\/\/sneeboer.com\/fr-ch\/wp-json\/wp\/v2\/comments?post=53782"}],"wp:featuredmedia":[{"embeddable":true,"href":"https:\/\/sneeboer.com\/fr-ch\/wp-json\/wp\/v2\/media\/54381"}],"wp:attachment":[{"href":"https:\/\/sneeboer.com\/fr-ch\/wp-json\/wp\/v2\/media?parent=53782"}],"wp:term":[{"taxonomy":"product_brand","embeddable":true,"href":"https:\/\/sneeboer.com\/fr-ch\/wp-json\/wp\/v2\/product_brand?post=53782"},{"taxonomy":"product_cat","embeddable":true,"href":"https:\/\/sneeboer.com\/fr-ch\/wp-json\/wp\/v2\/product_cat?post=53782"},{"taxonomy":"product_tag","embeddable":true,"href":"https:\/\/sneeboer.com\/fr-ch\/wp-json\/wp\/v2\/product_tag?post=53782"},{"taxonomy":"weeds","embeddable":true,"href":"https:\/\/sneeboer.com\/fr-ch\/wp-json\/wp\/v2\/weeds?post=53782"},{"taxonomy":"soil_types","embeddable":true,"href":"https:\/\/sneeboer.com\/fr-ch\/wp-json\/wp\/v2\/soil_types?post=53782"}],"curies":[{"name":"wp","href":"https:\/\/api.w.org\/{rel}","templated":true}]}}