{"id":53661,"date":"2023-06-20T16:34:46","date_gmt":"2023-06-20T14:34:46","guid":{"rendered":"https:\/\/sneeboer.com\/handgesmeed-tuingereedschap\/wrotter"},"modified":"2025-11-28T11:26:29","modified_gmt":"2025-11-28T10:26:29","slug":"wrotter","status":"publish","type":"product","link":"https:\/\/sneeboer.com\/fr-ch\/outils-de-jardin-forges-a-la-main\/wrotter","title":{"rendered":"Wrotter"},"content":{"rendered":"","protected":false},"excerpt":{"rendered":"<p>Le nom\u00a0<em>Wrotter<\/em>\u00a0vient du frison, une des plus vieilles langues des Pays-Bas et veut dire &#8216;bon travailleur&#8217;. C&#8217;est un outil tr\u00e8s intelligent pour d\u00e9sherber les mauvaises herbes dans les espaces o\u00f9 le d\u00e9sherbage n&#8217;est presque pas possible (par exemple dans les parterres de roses). Aussi bien pour le d\u00e9sherbage de mauvaises herbes dans la pelouse. Avec le\u00a0<em>Wrotter\u00a0<\/em>vous tirez les racines compl\u00e8tement du sol.\u00a0Le manche du\u00a0<em>Wrotter<\/em>\u00a0est disponible en bois de fr\u00eane ou cerisier.<\/p><\/p>\n","protected":false},"featured_media":23282,"comment_status":"closed","ping_status":"closed","template":"","meta":{"inline_featured_image":false,"product_video_url":"","product_360_url":""},"product_brand":[],"product_cat":[201,103],"product_tag":[],"weeds":[],"soil_types":[],"class_list":{"0":"post-53661","1":"product","2":"type-product","3":"status-publish","4":"has-post-thumbnail","6":"product_cat-arracher-2","7":"product_cat-outils-a-main-2","8":"post","10":"first","11":"instock","12":"taxable","13":"shipping-taxable","14":"purchasable","15":"product-type-simple"},"exclude_global_add_ons":false,"addons":[{"name":"Gravure","type":"custom_text","position":0,"required":false,"title_format":"heading","default":"","description_enable":true,"description":"Entrez jusqu'\u00e0 50 caract\u00e8res.","placeholder_enable":false,"placeholder":"","display":"select","restrictions_type":"any_text","adjust_price":true,"price":"4.92","price_type":"quantity_based","restrictions":true,"min":"1","max":"50","options":[],"id":1684165753}],"_links":{"self":[{"href":"https:\/\/sneeboer.com\/fr-ch\/wp-json\/wp\/v2\/product\/53661","targetHints":{"allow":["GET"]}}],"collection":[{"href":"https:\/\/sneeboer.com\/fr-ch\/wp-json\/wp\/v2\/product"}],"about":[{"href":"https:\/\/sneeboer.com\/fr-ch\/wp-json\/wp\/v2\/types\/product"}],"replies":[{"embeddable":true,"href":"https:\/\/sneeboer.com\/fr-ch\/wp-json\/wp\/v2\/comments?post=53661"}],"wp:featuredmedia":[{"embeddable":true,"href":"https:\/\/sneeboer.com\/fr-ch\/wp-json\/wp\/v2\/media\/23282"}],"wp:attachment":[{"href":"https:\/\/sneeboer.com\/fr-ch\/wp-json\/wp\/v2\/media?parent=53661"}],"wp:term":[{"taxonomy":"product_brand","embeddable":true,"href":"https:\/\/sneeboer.com\/fr-ch\/wp-json\/wp\/v2\/product_brand?post=53661"},{"taxonomy":"product_cat","embeddable":true,"href":"https:\/\/sneeboer.com\/fr-ch\/wp-json\/wp\/v2\/product_cat?post=53661"},{"taxonomy":"product_tag","embeddable":true,"href":"https:\/\/sneeboer.com\/fr-ch\/wp-json\/wp\/v2\/product_tag?post=53661"},{"taxonomy":"weeds","embeddable":true,"href":"https:\/\/sneeboer.com\/fr-ch\/wp-json\/wp\/v2\/weeds?post=53661"},{"taxonomy":"soil_types","embeddable":true,"href":"https:\/\/sneeboer.com\/fr-ch\/wp-json\/wp\/v2\/soil_types?post=53661"}],"curies":[{"name":"wp","href":"https:\/\/api.w.org\/{rel}","templated":true}]}}