{"id":53604,"date":"2023-05-10T07:14:15","date_gmt":"2023-05-10T05:14:15","guid":{"rendered":"https:\/\/testsite.sneeboer.com\/tuingereedschap\/dresse-bordure-traditionnel-avec-repose-pieds"},"modified":"2023-06-26T12:20:17","modified_gmt":"2023-06-26T10:20:17","slug":"dresse-bordure-traditionnel-avec-repose-pieds","status":"publish","type":"product","link":"https:\/\/sneeboer.com\/fr-ch\/outils-de-jardin-forges-a-la-main\/dresse-bordure-traditionnel-avec-repose-pieds","title":{"rendered":"Dresse-bordure traditionnel avec repose-pieds"},"content":{"rendered":"","protected":false},"excerpt":{"rendered":"<p>Le dresse-bordure traditionnel a un manche tout en acier inox, avec une poign\u00e9e en caoutchouc et une lame tr\u00e8s tranchante qui d\u00e9coupe facilement la pelouse.\u00a0Avec les repose-pieds vous pouvez donner plus de force et prot\u00e9gez-vous vos chaussures. Cet outil populaire est un achat impressionnant pour chacun qui aime sa pelouse.<\/p>\n","protected":false},"featured_media":21744,"comment_status":"closed","ping_status":"closed","template":"","meta":{"inline_featured_image":false,"product_video_url":"","product_360_url":""},"product_brand":[],"product_cat":[93],"product_tag":[482],"weeds":[],"soil_types":[],"class_list":{"0":"post-53604","1":"product","2":"type-product","3":"status-publish","4":"has-post-thumbnail","6":"product_cat-dresse-bordure-2","7":"product_tag-coupe-bordure-fr-ch","8":"post","10":"first","11":"instock","12":"taxable","13":"shipping-taxable","14":"purchasable","15":"product-type-simple"},"exclude_global_add_ons":[],"addons":[],"_links":{"self":[{"href":"https:\/\/sneeboer.com\/fr-ch\/wp-json\/wp\/v2\/product\/53604","targetHints":{"allow":["GET"]}}],"collection":[{"href":"https:\/\/sneeboer.com\/fr-ch\/wp-json\/wp\/v2\/product"}],"about":[{"href":"https:\/\/sneeboer.com\/fr-ch\/wp-json\/wp\/v2\/types\/product"}],"replies":[{"embeddable":true,"href":"https:\/\/sneeboer.com\/fr-ch\/wp-json\/wp\/v2\/comments?post=53604"}],"wp:featuredmedia":[{"embeddable":true,"href":"https:\/\/sneeboer.com\/fr-ch\/wp-json\/wp\/v2\/media\/21744"}],"wp:attachment":[{"href":"https:\/\/sneeboer.com\/fr-ch\/wp-json\/wp\/v2\/media?parent=53604"}],"wp:term":[{"taxonomy":"product_brand","embeddable":true,"href":"https:\/\/sneeboer.com\/fr-ch\/wp-json\/wp\/v2\/product_brand?post=53604"},{"taxonomy":"product_cat","embeddable":true,"href":"https:\/\/sneeboer.com\/fr-ch\/wp-json\/wp\/v2\/product_cat?post=53604"},{"taxonomy":"product_tag","embeddable":true,"href":"https:\/\/sneeboer.com\/fr-ch\/wp-json\/wp\/v2\/product_tag?post=53604"},{"taxonomy":"weeds","embeddable":true,"href":"https:\/\/sneeboer.com\/fr-ch\/wp-json\/wp\/v2\/weeds?post=53604"},{"taxonomy":"soil_types","embeddable":true,"href":"https:\/\/sneeboer.com\/fr-ch\/wp-json\/wp\/v2\/soil_types?post=53604"}],"curies":[{"name":"wp","href":"https:\/\/api.w.org\/{rel}","templated":true}]}}