{"id":53568,"date":"2023-05-10T07:12:13","date_gmt":"2023-05-10T05:12:13","guid":{"rendered":"https:\/\/testsite.sneeboer.com\/tuingereedschap\/tariere-pour-echantillon-de-sol"},"modified":"2023-06-26T12:20:34","modified_gmt":"2023-06-26T10:20:34","slug":"tariere-pour-echantillon-de-sol","status":"publish","type":"product","link":"https:\/\/sneeboer.com\/fr-ch\/outils-de-jardin-forges-a-la-main\/tariere-pour-echantillon-de-sol","title":{"rendered":"Tari\u00e8re pour \u00e9chantillon de sol"},"content":{"rendered":"","protected":false},"excerpt":{"rendered":"<p>Cet outil est sp\u00e9cialement d\u00e9velopp\u00e9 pour collectionner des \u00e9chantillons de sol. Le tari\u00e8re est compl\u00e8tement fait en acier inox, donc vous pourriez donner beaucoup de force.<\/p>\n<p>\u00a0<\/p>\n<p>The soil sample drill set comes into two pieces, the actual soil sample drill and \u201cthe Thumb\u201d, a stainless-steel protection to get the core out.<\/p>\n<p>\u00a0<\/p>\n<p>Instruction:<\/p>\n<p>The drill, push the drill with 2 hands firmly into the soil, turn the drill a quarter and pull up, the sample (core) sticks into the drill and is ready to be examined. To get the sample (core) out of the drill we supplied the stainless thumb, your protection. Put your own thumb into the stainless thumb and push the core out.<\/p>\n<p>Due sharpness of both sides of the drill and possible burs, taking out the core with your own thumb (without the stainless protection) you might scratch\/open your thumb (Bleeding).<\/p>\n<p>\u00a0<\/p>\n<p>\u00a0<\/p>\n","protected":false},"featured_media":21555,"comment_status":"closed","ping_status":"closed","template":"","meta":{"inline_featured_image":false,"product_video_url":"","product_360_url":""},"product_brand":[],"product_cat":[210],"product_tag":[334],"weeds":[],"soil_types":[],"class_list":{"0":"post-53568","1":"product","2":"type-product","3":"status-publish","4":"has-post-thumbnail","6":"product_cat-collections-speciales-2","7":"product_tag-creuser-fr-ch","8":"post","10":"first","11":"instock","12":"taxable","13":"shipping-taxable","14":"purchasable","15":"product-type-simple"},"exclude_global_add_ons":[],"addons":[],"_links":{"self":[{"href":"https:\/\/sneeboer.com\/fr-ch\/wp-json\/wp\/v2\/product\/53568","targetHints":{"allow":["GET"]}}],"collection":[{"href":"https:\/\/sneeboer.com\/fr-ch\/wp-json\/wp\/v2\/product"}],"about":[{"href":"https:\/\/sneeboer.com\/fr-ch\/wp-json\/wp\/v2\/types\/product"}],"replies":[{"embeddable":true,"href":"https:\/\/sneeboer.com\/fr-ch\/wp-json\/wp\/v2\/comments?post=53568"}],"wp:featuredmedia":[{"embeddable":true,"href":"https:\/\/sneeboer.com\/fr-ch\/wp-json\/wp\/v2\/media\/21555"}],"wp:attachment":[{"href":"https:\/\/sneeboer.com\/fr-ch\/wp-json\/wp\/v2\/media?parent=53568"}],"wp:term":[{"taxonomy":"product_brand","embeddable":true,"href":"https:\/\/sneeboer.com\/fr-ch\/wp-json\/wp\/v2\/product_brand?post=53568"},{"taxonomy":"product_cat","embeddable":true,"href":"https:\/\/sneeboer.com\/fr-ch\/wp-json\/wp\/v2\/product_cat?post=53568"},{"taxonomy":"product_tag","embeddable":true,"href":"https:\/\/sneeboer.com\/fr-ch\/wp-json\/wp\/v2\/product_tag?post=53568"},{"taxonomy":"weeds","embeddable":true,"href":"https:\/\/sneeboer.com\/fr-ch\/wp-json\/wp\/v2\/weeds?post=53568"},{"taxonomy":"soil_types","embeddable":true,"href":"https:\/\/sneeboer.com\/fr-ch\/wp-json\/wp\/v2\/soil_types?post=53568"}],"curies":[{"name":"wp","href":"https:\/\/api.w.org\/{rel}","templated":true}]}}