{"id":53559,"date":"2023-05-10T07:11:41","date_gmt":"2023-05-10T05:11:41","guid":{"rendered":"https:\/\/testsite.sneeboer.com\/tuingereedschap\/kit-dentretien-pour-les-outils"},"modified":"2023-06-26T12:20:39","modified_gmt":"2023-06-26T10:20:39","slug":"kit-dentretien-pour-les-outils","status":"publish","type":"product","link":"https:\/\/sneeboer.com\/fr-ch\/outils-de-jardin-forges-a-la-main\/kit-dentretien-pour-les-outils","title":{"rendered":"Kit d&#8217;entretien pour les outils"},"content":{"rendered":"","protected":false},"excerpt":{"rendered":"<p>Un kit d&#8217;entretien pour les outils de Sneeboer. Dans la bo\u00eete vous trouverez l&#8217;huile de lin, un aiguiseur sp\u00e9cial et une brosse m\u00e9tallique. Avec ces produits vous pouvez garder vos outils de Sneeboer en parfait \u00e9tat, du haut de la poign\u00e9e \u00e0 la pointe de la lame. La brosse m\u00e9tallique est utilis\u00e9e pour essuyer du sable ou de la terre de votre lame de pelle. L&#8217;aiguiseur exclusif est utilis\u00e9 pour aiguiser vos outils. Lorsque vous aiguisez vos outils, nous vous recommandons d&#8217;utiliser de l&#8217;eau froide entre votre outil et l&#8217;aiguiseur pour pr\u00e9venir que la lame deviendra tr\u00e8s chaude. N&#8217;utilisez jamais un aiguiseur \u00e9lectrique ! L&#8217;acier deviendra affaibli. Vous utilisez l&#8217;huile de lin en combinaison avec le chiffon pour maintenir les manches.\u00a0Si vous envisagez d&#8217;acheter un outil Sneeboer ou que vous \u00eates assez chanceux pour en poss\u00e9der d\u00e9j\u00e0, obtenir le kit de maintenance Sneeboer doit \u00eatre en premi\u00e8re position sur votre liste d&#8217;achats !<\/p>\n","protected":false},"featured_media":63155,"comment_status":"closed","ping_status":"closed","template":"","meta":{"inline_featured_image":false,"product_video_url":"","product_360_url":""},"product_brand":[],"product_cat":[283,219],"product_tag":[484],"weeds":[],"soil_types":[],"class_list":{"0":"post-53559","1":"product","2":"type-product","3":"status-publish","4":"has-post-thumbnail","6":"product_cat-entretien-2","7":"product_cat-outils-essentiels-2","8":"product_tag-entretien-fr-ch","9":"post","11":"first","12":"instock","13":"taxable","14":"shipping-taxable","15":"purchasable","16":"product-type-simple"},"exclude_global_add_ons":[],"addons":[],"_links":{"self":[{"href":"https:\/\/sneeboer.com\/fr-ch\/wp-json\/wp\/v2\/product\/53559","targetHints":{"allow":["GET"]}}],"collection":[{"href":"https:\/\/sneeboer.com\/fr-ch\/wp-json\/wp\/v2\/product"}],"about":[{"href":"https:\/\/sneeboer.com\/fr-ch\/wp-json\/wp\/v2\/types\/product"}],"replies":[{"embeddable":true,"href":"https:\/\/sneeboer.com\/fr-ch\/wp-json\/wp\/v2\/comments?post=53559"}],"wp:featuredmedia":[{"embeddable":true,"href":"https:\/\/sneeboer.com\/fr-ch\/wp-json\/wp\/v2\/media\/63155"}],"wp:attachment":[{"href":"https:\/\/sneeboer.com\/fr-ch\/wp-json\/wp\/v2\/media?parent=53559"}],"wp:term":[{"taxonomy":"product_brand","embeddable":true,"href":"https:\/\/sneeboer.com\/fr-ch\/wp-json\/wp\/v2\/product_brand?post=53559"},{"taxonomy":"product_cat","embeddable":true,"href":"https:\/\/sneeboer.com\/fr-ch\/wp-json\/wp\/v2\/product_cat?post=53559"},{"taxonomy":"product_tag","embeddable":true,"href":"https:\/\/sneeboer.com\/fr-ch\/wp-json\/wp\/v2\/product_tag?post=53559"},{"taxonomy":"weeds","embeddable":true,"href":"https:\/\/sneeboer.com\/fr-ch\/wp-json\/wp\/v2\/weeds?post=53559"},{"taxonomy":"soil_types","embeddable":true,"href":"https:\/\/sneeboer.com\/fr-ch\/wp-json\/wp\/v2\/soil_types?post=53559"}],"curies":[{"name":"wp","href":"https:\/\/api.w.org\/{rel}","templated":true}]}}