{"id":53442,"date":"2023-05-10T07:05:05","date_gmt":"2023-05-10T05:05:05","guid":{"rendered":"https:\/\/testsite.sneeboer.com\/tuingereedschap\/binette-a-tirer-16-cm"},"modified":"2023-06-26T12:21:43","modified_gmt":"2023-06-26T10:21:43","slug":"binette-a-tirer-16-cm","status":"publish","type":"product","link":"https:\/\/sneeboer.com\/fr-ch\/outils-de-jardin-forges-a-la-main\/binette-a-tirer-16-cm","title":{"rendered":"Binette \u00e0 tirer 16 cm"},"content":{"rendered":"","protected":false},"excerpt":{"rendered":"<p>Cette binette a une lame avec des c\u00f4t\u00e9s tr\u00e8s tranchantes avec laquelle vous pouvez arracher facilement les mauvaises herbes. Le manche en bois de fr\u00eane a une longueur de 155 cm avec lequel vous pouvez travailler rapidement aux grandes surfaces. Lorsque vous utilisez votre poids corporel, il n&#8217;y a pas de n\u00e9cessit\u00e9 de donner beaucoup de force pour remuer le sol. Cette binette est tr\u00e8s id\u00e9ale \u00e0 utiliser dans votre potager, elle est id\u00e9ale pour travailler dans les sols compacts.<\/p><\/p>\n","protected":false},"featured_media":20988,"comment_status":"closed","ping_status":"closed","template":"","meta":{"inline_featured_image":false,"product_video_url":"","product_360_url":""},"product_brand":[],"product_cat":[142],"product_tag":[534,474],"weeds":[],"soil_types":[],"class_list":{"0":"post-53442","1":"product","2":"type-product","3":"status-publish","4":"has-post-thumbnail","6":"product_cat-sarcloir-et-binette-2","7":"product_tag-mauvaises-herbes-fr-ch","8":"product_tag-sillonage-fr-ch","9":"post","11":"first","12":"instock","13":"taxable","14":"shipping-taxable","15":"purchasable","16":"product-type-simple"},"exclude_global_add_ons":false,"addons":[{"name":"Gravure","type":"custom_text","position":0,"required":false,"title_format":"heading","default":"","description_enable":true,"description":"Entrez jusqu'\u00e0 50 caract\u00e8res.","placeholder_enable":false,"placeholder":"","display":"select","restrictions_type":"any_text","adjust_price":true,"price":"4.92","price_type":"quantity_based","restrictions":true,"min":"1","max":"50","options":[],"id":1684165753}],"_links":{"self":[{"href":"https:\/\/sneeboer.com\/fr-ch\/wp-json\/wp\/v2\/product\/53442","targetHints":{"allow":["GET"]}}],"collection":[{"href":"https:\/\/sneeboer.com\/fr-ch\/wp-json\/wp\/v2\/product"}],"about":[{"href":"https:\/\/sneeboer.com\/fr-ch\/wp-json\/wp\/v2\/types\/product"}],"replies":[{"embeddable":true,"href":"https:\/\/sneeboer.com\/fr-ch\/wp-json\/wp\/v2\/comments?post=53442"}],"wp:featuredmedia":[{"embeddable":true,"href":"https:\/\/sneeboer.com\/fr-ch\/wp-json\/wp\/v2\/media\/20988"}],"wp:attachment":[{"href":"https:\/\/sneeboer.com\/fr-ch\/wp-json\/wp\/v2\/media?parent=53442"}],"wp:term":[{"taxonomy":"product_brand","embeddable":true,"href":"https:\/\/sneeboer.com\/fr-ch\/wp-json\/wp\/v2\/product_brand?post=53442"},{"taxonomy":"product_cat","embeddable":true,"href":"https:\/\/sneeboer.com\/fr-ch\/wp-json\/wp\/v2\/product_cat?post=53442"},{"taxonomy":"product_tag","embeddable":true,"href":"https:\/\/sneeboer.com\/fr-ch\/wp-json\/wp\/v2\/product_tag?post=53442"},{"taxonomy":"weeds","embeddable":true,"href":"https:\/\/sneeboer.com\/fr-ch\/wp-json\/wp\/v2\/weeds?post=53442"},{"taxonomy":"soil_types","embeddable":true,"href":"https:\/\/sneeboer.com\/fr-ch\/wp-json\/wp\/v2\/soil_types?post=53442"}],"curies":[{"name":"wp","href":"https:\/\/api.w.org\/{rel}","templated":true}]}}