{"id":53388,"date":"2023-05-10T07:01:43","date_gmt":"2023-05-10T05:01:43","guid":{"rendered":"https:\/\/testsite.sneeboer.com\/tuingereedschap\/binette-a-tirer-15-cm"},"modified":"2023-06-26T12:22:12","modified_gmt":"2023-06-26T10:22:12","slug":"binette-a-tirer-15-cm","status":"publish","type":"product","link":"https:\/\/sneeboer.com\/fr-ch\/outils-de-jardin-forges-a-la-main\/binette-a-tirer-15-cm","title":{"rendered":"Binette \u00e0 tirer 15 cm"},"content":{"rendered":"","protected":false},"excerpt":{"rendered":"<p>Cette binette \u00e0 tirer est principalement utilis\u00e9e pour le binage des mauvaises herbes aux sols compacts. Cet outil peut \u00eatre utilis\u00e9 pour le r\u00e9colte des l\u00e9gumes, mais aussi pour faire des tranch\u00e9es. Les mauvaises herbes n&#8217;a aucune chance quand vous utilisez cette binette, parce que la lame a un angle pr\u00e9cis qui d\u00e9coupe les mauvaises herbes imm\u00e9diatement. Avec sa lame tranchante, ce travail peut \u00eatre r\u00e9alis\u00e9 sans effort.\u00a0<\/p>\n","protected":false},"featured_media":20646,"comment_status":"closed","ping_status":"closed","template":"","meta":{"inline_featured_image":false,"product_video_url":"","product_360_url":""},"product_brand":[],"product_cat":[142],"product_tag":[534,474],"weeds":[],"soil_types":[],"class_list":{"0":"post-53388","1":"product","2":"type-product","3":"status-publish","4":"has-post-thumbnail","6":"product_cat-sarcloir-et-binette-2","7":"product_tag-mauvaises-herbes-fr-ch","8":"product_tag-sillonage-fr-ch","9":"post","11":"first","12":"instock","13":"taxable","14":"shipping-taxable","15":"purchasable","16":"product-type-simple"},"exclude_global_add_ons":false,"addons":[{"name":"Gravure","type":"custom_text","position":0,"required":false,"title_format":"heading","default":"","description_enable":true,"description":"Entrez jusqu'\u00e0 50 caract\u00e8res.","placeholder_enable":false,"placeholder":"","display":"select","restrictions_type":"any_text","adjust_price":true,"price":"4.92","price_type":"quantity_based","restrictions":true,"min":"1","max":"50","options":[],"id":1684165753}],"_links":{"self":[{"href":"https:\/\/sneeboer.com\/fr-ch\/wp-json\/wp\/v2\/product\/53388","targetHints":{"allow":["GET"]}}],"collection":[{"href":"https:\/\/sneeboer.com\/fr-ch\/wp-json\/wp\/v2\/product"}],"about":[{"href":"https:\/\/sneeboer.com\/fr-ch\/wp-json\/wp\/v2\/types\/product"}],"replies":[{"embeddable":true,"href":"https:\/\/sneeboer.com\/fr-ch\/wp-json\/wp\/v2\/comments?post=53388"}],"wp:featuredmedia":[{"embeddable":true,"href":"https:\/\/sneeboer.com\/fr-ch\/wp-json\/wp\/v2\/media\/20646"}],"wp:attachment":[{"href":"https:\/\/sneeboer.com\/fr-ch\/wp-json\/wp\/v2\/media?parent=53388"}],"wp:term":[{"taxonomy":"product_brand","embeddable":true,"href":"https:\/\/sneeboer.com\/fr-ch\/wp-json\/wp\/v2\/product_brand?post=53388"},{"taxonomy":"product_cat","embeddable":true,"href":"https:\/\/sneeboer.com\/fr-ch\/wp-json\/wp\/v2\/product_cat?post=53388"},{"taxonomy":"product_tag","embeddable":true,"href":"https:\/\/sneeboer.com\/fr-ch\/wp-json\/wp\/v2\/product_tag?post=53388"},{"taxonomy":"weeds","embeddable":true,"href":"https:\/\/sneeboer.com\/fr-ch\/wp-json\/wp\/v2\/weeds?post=53388"},{"taxonomy":"soil_types","embeddable":true,"href":"https:\/\/sneeboer.com\/fr-ch\/wp-json\/wp\/v2\/soil_types?post=53388"}],"curies":[{"name":"wp","href":"https:\/\/api.w.org\/{rel}","templated":true}]}}