{"id":53244,"date":"2023-05-09T21:35:50","date_gmt":"2023-05-09T19:35:50","guid":{"rendered":"https:\/\/testsite.sneeboer.com\/tuingereedschap\/sarcloir-carreau-16-cm"},"modified":"2026-04-24T09:46:09","modified_gmt":"2026-04-24T07:46:09","slug":"houe-diamantee-16-cm","status":"publish","type":"product","link":"https:\/\/sneeboer.com\/fr-ch\/outils-de-jardin-forges-a-la-main\/houe-diamantee-16-cm","title":{"rendered":"Houe diamant\u00e9e 16 cm"},"content":{"rendered":"<p>En profitant d&#8217;une p\u00e9riode s\u00e8che pour biner au d\u00e9but du printemps, vous devancez la croissance des mauvaises herbes autour de vos cultures. Les mauvaises herbes ont du mal \u00e0 repousser \u00e0 l&#8217;ombre de vos cultures et l&#8217;utilisation de cette houe vous permettra d&#8217;\u00e9liminer rapidement les mauvaises herbes. La houe diamant\u00e9e a une lame de 16 cm de large et est livr\u00e9e avec un manche en fr\u00eane de 155 cm de long ou un manche en fr\u00eane de luxe de 145 cm de long.<\/p>\n","protected":false},"excerpt":{"rendered":"<p>Avec cette houe en forme de diamant, vous pouvez facilement \u00e9liminer les mauvaises herbes sans avoir \u00e0 vous pencher. La forme unique de la petite lame vous permet de travailler dans votre jardin avec une extr\u00eame pr\u00e9cision. Cette houe est forg\u00e9e \u00e0 la main sur les quatre c\u00f4t\u00e9s, puis aff\u00fbt\u00e9e, ce qui vous permet de couper rapidement et habilement les mauvaises herbes entre les plantes.<\/p>\n","protected":false},"featured_media":19764,"comment_status":"closed","ping_status":"closed","template":"","meta":{"inline_featured_image":false,"product_video_url":"","product_360_url":""},"product_brand":[],"product_cat":[142,136],"product_tag":[1417],"weeds":[],"soil_types":[],"class_list":{"0":"post-53244","1":"product","2":"type-product","3":"status-publish","4":"has-post-thumbnail","6":"product_cat-sarcloir-et-binette-2","7":"product_cat-schoffel-en-hak","8":"product_tag-desherbage","9":"post","11":"first","12":"instock","13":"taxable","14":"shipping-taxable","15":"purchasable","16":"product-type-simple"},"exclude_global_add_ons":false,"addons":[{"name":"Gravure","type":"custom_text","position":0,"required":false,"title_format":"heading","default":"","description_enable":true,"description":"Entrez jusqu'\u00e0 50 caract\u00e8res.","placeholder_enable":false,"placeholder":"","display":"select","restrictions_type":"any_text","adjust_price":true,"price":"4.92","price_type":"quantity_based","restrictions":true,"min":"1","max":"50","options":[],"id":1684165753}],"_links":{"self":[{"href":"https:\/\/sneeboer.com\/fr-ch\/wp-json\/wp\/v2\/product\/53244","targetHints":{"allow":["GET"]}}],"collection":[{"href":"https:\/\/sneeboer.com\/fr-ch\/wp-json\/wp\/v2\/product"}],"about":[{"href":"https:\/\/sneeboer.com\/fr-ch\/wp-json\/wp\/v2\/types\/product"}],"replies":[{"embeddable":true,"href":"https:\/\/sneeboer.com\/fr-ch\/wp-json\/wp\/v2\/comments?post=53244"}],"wp:featuredmedia":[{"embeddable":true,"href":"https:\/\/sneeboer.com\/fr-ch\/wp-json\/wp\/v2\/media\/19764"}],"wp:attachment":[{"href":"https:\/\/sneeboer.com\/fr-ch\/wp-json\/wp\/v2\/media?parent=53244"}],"wp:term":[{"taxonomy":"product_brand","embeddable":true,"href":"https:\/\/sneeboer.com\/fr-ch\/wp-json\/wp\/v2\/product_brand?post=53244"},{"taxonomy":"product_cat","embeddable":true,"href":"https:\/\/sneeboer.com\/fr-ch\/wp-json\/wp\/v2\/product_cat?post=53244"},{"taxonomy":"product_tag","embeddable":true,"href":"https:\/\/sneeboer.com\/fr-ch\/wp-json\/wp\/v2\/product_tag?post=53244"},{"taxonomy":"weeds","embeddable":true,"href":"https:\/\/sneeboer.com\/fr-ch\/wp-json\/wp\/v2\/weeds?post=53244"},{"taxonomy":"soil_types","embeddable":true,"href":"https:\/\/sneeboer.com\/fr-ch\/wp-json\/wp\/v2\/soil_types?post=53244"}],"curies":[{"name":"wp","href":"https:\/\/api.w.org\/{rel}","templated":true}]}}