{"id":53235,"date":"2023-05-09T21:35:14","date_gmt":"2023-05-09T19:35:14","guid":{"rendered":"https:\/\/testsite.sneeboer.com\/tuingereedschap\/sarcloir-royal-hollandais-125-cm"},"modified":"2026-04-22T16:04:21","modified_gmt":"2026-04-22T14:04:21","slug":"houe-royale-125-cm","status":"publish","type":"product","link":"https:\/\/sneeboer.com\/fr-ch\/outils-de-jardin-forges-a-la-main\/houe-royale-125-cm","title":{"rendered":"Houe royale 12,5 cm"},"content":{"rendered":"<ol>\n<li>La dentelure de la lame de la houe permet d&#8217;\u00e9liminer encore mieux les mauvaises herbes, m\u00eame dans les sols plus lourds. La houe royale offre \u00e9galement une meilleure pr\u00e9cision de binage que la houe ordinaire gr\u00e2ce \u00e0 cette dentelure.<\/li>\n<li>L&#8217;arri\u00e8re de la lame se r\u00e9tr\u00e9cit en pointe, ce qui facilite l&#8217;\u00e9limination des mauvaises herbes par un mouvement de traction. Cela vous permet d&#8217;enlever les mauvaises herbes sans laisser de traces de pas qui peuvent favoriser la prolif\u00e9ration des mauvaises herbes.<\/li>\n<li>Le manche de la houe royale est \u00e9vas\u00e9. La partie la plus fine du manche permet de travailler encore plus finement \u00e0 deux mains.<\/li>\n<\/ol>\n<p>En outre, la houe royale est plus l\u00e9g\u00e8re que la houe ordinaire, ce qui la rend encore plus maniable. Avec la houe royale, vous \u00eates le roi de la jungle, et dans votre propre jardin !<\/p>\n","protected":false},"excerpt":{"rendered":"<p>Avec la houe royale, vous pouvez facilement \u00e9liminer les mauvaises herbes sans vous pencher. Con\u00e7ue en collaboration avec le c\u00e9l\u00e8bre rosi\u00e9riste John Scarman, cette variante innovante de la houe se distingue d&#8217;une houe ordinaire par sa forme et son utilisation. La houe royale a \u00e9t\u00e9 d\u00e9velopp\u00e9e en 2013, l&#8217;ann\u00e9e de notre 100e anniversaire, et a \u00e9t\u00e9 nomin\u00e9e la m\u00eame ann\u00e9e pour le produit de jardinage de l&#8217;ann\u00e9e au RHS Chelsea Flower Show 2013 !<\/p>\n<p>La houe royale pr\u00e9sente trois innovations sp\u00e9ciales qui jouent chacune un r\u00f4le dans l&#8217;utilisation de la houe. Par exemple, la lame comporte des dents \u00e0 l&#8217;avant, la partie arri\u00e8re de la lame se r\u00e9tr\u00e9cit en pointe et le manche de la houe royale est \u00e9vas\u00e9.<\/p>\n<p>Avec la houe royale, vous serez le roi du monde et de votre jardin ! <br class=\"avia-permanent-lb\" \/><br class=\"avia-permanent-lb\" \/><\/p>\n","protected":false},"featured_media":62928,"comment_status":"closed","ping_status":"closed","template":"","meta":{"inline_featured_image":false,"product_video_url":"","product_360_url":""},"product_brand":[],"product_cat":[217,140,219,142],"product_tag":[1417,958],"weeds":[],"soil_types":[],"class_list":{"0":"post-53235","1":"product","2":"type-product","3":"status-publish","4":"has-post-thumbnail","6":"product_cat-essential-tools-4","7":"product_cat-garden-hoe-4","8":"product_cat-outils-essentiels-2","9":"product_cat-sarcloir-et-binette-2","10":"product_tag-desherbage","11":"product_tag-weeding-en-us","12":"post","14":"first","15":"instock","16":"taxable","17":"shipping-taxable","18":"purchasable","19":"product-type-simple"},"exclude_global_add_ons":false,"addons":[{"name":"Gravure","type":"custom_text","position":0,"required":false,"title_format":"heading","default":"","description_enable":true,"description":"Entrez jusqu'\u00e0 50 caract\u00e8res.","placeholder_enable":false,"placeholder":"","display":"select","restrictions_type":"any_text","adjust_price":true,"price":"4.92","price_type":"quantity_based","restrictions":true,"min":"1","max":"50","options":[],"id":1684165753}],"_links":{"self":[{"href":"https:\/\/sneeboer.com\/fr-ch\/wp-json\/wp\/v2\/product\/53235","targetHints":{"allow":["GET"]}}],"collection":[{"href":"https:\/\/sneeboer.com\/fr-ch\/wp-json\/wp\/v2\/product"}],"about":[{"href":"https:\/\/sneeboer.com\/fr-ch\/wp-json\/wp\/v2\/types\/product"}],"replies":[{"embeddable":true,"href":"https:\/\/sneeboer.com\/fr-ch\/wp-json\/wp\/v2\/comments?post=53235"}],"wp:featuredmedia":[{"embeddable":true,"href":"https:\/\/sneeboer.com\/fr-ch\/wp-json\/wp\/v2\/media\/62928"}],"wp:attachment":[{"href":"https:\/\/sneeboer.com\/fr-ch\/wp-json\/wp\/v2\/media?parent=53235"}],"wp:term":[{"taxonomy":"product_brand","embeddable":true,"href":"https:\/\/sneeboer.com\/fr-ch\/wp-json\/wp\/v2\/product_brand?post=53235"},{"taxonomy":"product_cat","embeddable":true,"href":"https:\/\/sneeboer.com\/fr-ch\/wp-json\/wp\/v2\/product_cat?post=53235"},{"taxonomy":"product_tag","embeddable":true,"href":"https:\/\/sneeboer.com\/fr-ch\/wp-json\/wp\/v2\/product_tag?post=53235"},{"taxonomy":"weeds","embeddable":true,"href":"https:\/\/sneeboer.com\/fr-ch\/wp-json\/wp\/v2\/weeds?post=53235"},{"taxonomy":"soil_types","embeddable":true,"href":"https:\/\/sneeboer.com\/fr-ch\/wp-json\/wp\/v2\/soil_types?post=53235"}],"curies":[{"name":"wp","href":"https:\/\/api.w.org\/{rel}","templated":true}]}}