{"id":53226,"date":"2023-05-09T21:34:40","date_gmt":"2023-05-09T19:34:40","guid":{"rendered":"https:\/\/testsite.sneeboer.com\/tuingereedschap\/sarcloir-jardin"},"modified":"2023-06-26T12:23:49","modified_gmt":"2023-06-26T10:23:49","slug":"sarcloir-jardin","status":"publish","type":"product","link":"https:\/\/sneeboer.com\/fr-ch\/outils-de-jardin-forges-a-la-main\/sarcloir-jardin","title":{"rendered":"Sarcloir Jardin"},"content":{"rendered":"","protected":false},"excerpt":{"rendered":"<p>Ce sarcloir est d\u00e9velopp\u00e9 d&#8217;apr\u00e8s une id\u00e9e de Jardins Anim\u00e9s, une entreprise fran\u00e7aise. Ce sarcloir a une lame taill\u00e9e aux quatre c\u00f4t\u00e9s avec laquelle vous pourriez arracher tr\u00e8s facilement les mauvaises herbes.<\/p>\n","protected":false},"featured_media":19663,"comment_status":"closed","ping_status":"closed","template":"","meta":{"inline_featured_image":false,"product_video_url":"","product_360_url":""},"product_brand":[],"product_cat":[142],"product_tag":[534,474],"weeds":[],"soil_types":[],"class_list":{"0":"post-53226","1":"product","2":"type-product","3":"status-publish","4":"has-post-thumbnail","6":"product_cat-sarcloir-et-binette-2","7":"product_tag-mauvaises-herbes-fr-ch","8":"product_tag-sillonage-fr-ch","9":"post","11":"first","12":"instock","13":"taxable","14":"shipping-taxable","15":"purchasable","16":"product-type-simple"},"exclude_global_add_ons":false,"addons":[{"name":"Gravure","type":"custom_text","position":0,"required":false,"title_format":"heading","default":"","description_enable":true,"description":"Entrez jusqu'\u00e0 50 caract\u00e8res.","placeholder_enable":false,"placeholder":"","display":"select","restrictions_type":"any_text","adjust_price":true,"price":"4.92","price_type":"quantity_based","restrictions":true,"min":"1","max":"50","options":[],"id":1684165753}],"_links":{"self":[{"href":"https:\/\/sneeboer.com\/fr-ch\/wp-json\/wp\/v2\/product\/53226","targetHints":{"allow":["GET"]}}],"collection":[{"href":"https:\/\/sneeboer.com\/fr-ch\/wp-json\/wp\/v2\/product"}],"about":[{"href":"https:\/\/sneeboer.com\/fr-ch\/wp-json\/wp\/v2\/types\/product"}],"replies":[{"embeddable":true,"href":"https:\/\/sneeboer.com\/fr-ch\/wp-json\/wp\/v2\/comments?post=53226"}],"wp:featuredmedia":[{"embeddable":true,"href":"https:\/\/sneeboer.com\/fr-ch\/wp-json\/wp\/v2\/media\/19663"}],"wp:attachment":[{"href":"https:\/\/sneeboer.com\/fr-ch\/wp-json\/wp\/v2\/media?parent=53226"}],"wp:term":[{"taxonomy":"product_brand","embeddable":true,"href":"https:\/\/sneeboer.com\/fr-ch\/wp-json\/wp\/v2\/product_brand?post=53226"},{"taxonomy":"product_cat","embeddable":true,"href":"https:\/\/sneeboer.com\/fr-ch\/wp-json\/wp\/v2\/product_cat?post=53226"},{"taxonomy":"product_tag","embeddable":true,"href":"https:\/\/sneeboer.com\/fr-ch\/wp-json\/wp\/v2\/product_tag?post=53226"},{"taxonomy":"weeds","embeddable":true,"href":"https:\/\/sneeboer.com\/fr-ch\/wp-json\/wp\/v2\/weeds?post=53226"},{"taxonomy":"soil_types","embeddable":true,"href":"https:\/\/sneeboer.com\/fr-ch\/wp-json\/wp\/v2\/soil_types?post=53226"}],"curies":[{"name":"wp","href":"https:\/\/api.w.org\/{rel}","templated":true}]}}