{"id":53163,"date":"2023-05-09T21:30:09","date_gmt":"2023-05-09T19:30:09","guid":{"rendered":"https:\/\/testsite.sneeboer.com\/tuingereedschap\/sarcloir-a-pousser-15-cm"},"modified":"2023-06-26T12:24:31","modified_gmt":"2023-06-26T10:24:31","slug":"sarcloir-a-pousser-15-cm","status":"publish","type":"product","link":"https:\/\/sneeboer.com\/fr-ch\/outils-de-jardin-forges-a-la-main\/sarcloir-a-pousser-15-cm","title":{"rendered":"Sarcloir \u00e0 pousser 15 cm"},"content":{"rendered":"<p>Article No: 2003<\/p>\n","protected":false},"excerpt":{"rendered":"<p>Ce sarcloir \u00e0 pousser est un outil tr\u00e8s effectif pour le d\u00e9sherbage. La lame en inox est taill\u00e9e aux quatre c\u00f4t\u00e9s et vous aide \u00e0 d\u00e9sherber et a\u00e9rer facilement le sol. Le manche de 155 cm en bois de fr\u00eane vous donne une grande\u00a0port\u00e9e. Ce sarcloir peut \u00eatre utilis\u00e9 aux sols compacts aussi.\u00a0<\/p>\n","protected":false},"featured_media":62882,"comment_status":"closed","ping_status":"closed","template":"","meta":{"inline_featured_image":false,"product_video_url":"","product_360_url":"\/wp-content\/uploads\/2025\/11\/2003-547221\/2003_547221.xml"},"product_brand":[],"product_cat":[142],"product_tag":[534],"weeds":[],"soil_types":[],"class_list":{"0":"post-53163","1":"product","2":"type-product","3":"status-publish","4":"has-post-thumbnail","6":"product_cat-sarcloir-et-binette-2","7":"product_tag-mauvaises-herbes-fr-ch","8":"post","10":"first","11":"instock","12":"taxable","13":"shipping-taxable","14":"purchasable","15":"product-type-simple"},"exclude_global_add_ons":false,"addons":[{"name":"Gravure","type":"custom_text","position":0,"required":false,"title_format":"heading","default":"","description_enable":true,"description":"Entrez jusqu'\u00e0 50 caract\u00e8res.","placeholder_enable":false,"placeholder":"","display":"select","restrictions_type":"any_text","adjust_price":true,"price":"4.92","price_type":"quantity_based","restrictions":true,"min":"1","max":"50","options":[],"id":1684165753}],"_links":{"self":[{"href":"https:\/\/sneeboer.com\/fr-ch\/wp-json\/wp\/v2\/product\/53163","targetHints":{"allow":["GET"]}}],"collection":[{"href":"https:\/\/sneeboer.com\/fr-ch\/wp-json\/wp\/v2\/product"}],"about":[{"href":"https:\/\/sneeboer.com\/fr-ch\/wp-json\/wp\/v2\/types\/product"}],"replies":[{"embeddable":true,"href":"https:\/\/sneeboer.com\/fr-ch\/wp-json\/wp\/v2\/comments?post=53163"}],"wp:featuredmedia":[{"embeddable":true,"href":"https:\/\/sneeboer.com\/fr-ch\/wp-json\/wp\/v2\/media\/62882"}],"wp:attachment":[{"href":"https:\/\/sneeboer.com\/fr-ch\/wp-json\/wp\/v2\/media?parent=53163"}],"wp:term":[{"taxonomy":"product_brand","embeddable":true,"href":"https:\/\/sneeboer.com\/fr-ch\/wp-json\/wp\/v2\/product_brand?post=53163"},{"taxonomy":"product_cat","embeddable":true,"href":"https:\/\/sneeboer.com\/fr-ch\/wp-json\/wp\/v2\/product_cat?post=53163"},{"taxonomy":"product_tag","embeddable":true,"href":"https:\/\/sneeboer.com\/fr-ch\/wp-json\/wp\/v2\/product_tag?post=53163"},{"taxonomy":"weeds","embeddable":true,"href":"https:\/\/sneeboer.com\/fr-ch\/wp-json\/wp\/v2\/weeds?post=53163"},{"taxonomy":"soil_types","embeddable":true,"href":"https:\/\/sneeboer.com\/fr-ch\/wp-json\/wp\/v2\/soil_types?post=53163"}],"curies":[{"name":"wp","href":"https:\/\/api.w.org\/{rel}","templated":true}]}}