{"id":52821,"date":"2023-05-09T21:08:12","date_gmt":"2023-05-09T19:08:12","guid":{"rendered":"https:\/\/testsite.sneeboer.com\/tuingereedschap\/pelle-beche-a-transplanter-avec-repose-pied-3"},"modified":"2023-06-26T12:27:57","modified_gmt":"2023-06-26T10:27:57","slug":"pelle-beche-a-transplanter-avec-repose-pied-3","status":"publish","type":"product","link":"https:\/\/sneeboer.com\/fr-ch\/outils-de-jardin-forges-a-la-main\/pelle-beche-a-transplanter-avec-repose-pied-3","title":{"rendered":"Pelle b\u00eache \u00e0 transplanter avec repose-pied"},"content":{"rendered":"","protected":false},"excerpt":{"rendered":"<p>Cette pelle b\u00eache \u00e0 transplanter a une lame tranchante en forme d&#8217;un V avec laquelle vous pouvez transplanter des arbres ou arbustes et trancher facilement des racines. Avec un D-manche de 85 cm de long en bois de fr\u00eane. Le repose-pied prot\u00e8ge vos chaussures et donne la possibilit\u00e9 de donner plus de force.<\/p>\n","protected":false},"featured_media":17246,"comment_status":"closed","ping_status":"closed","template":"","meta":{"inline_featured_image":false,"product_video_url":"","product_360_url":""},"product_brand":[],"product_cat":[156],"product_tag":[334,491,526],"weeds":[],"soil_types":[],"class_list":{"0":"post-52821","1":"product","2":"type-product","3":"status-publish","4":"has-post-thumbnail","6":"product_cat-beche-2","7":"product_tag-creuser-fr-ch","8":"product_tag-plantation","9":"product_tag-transplantation-fr-ch","10":"post","12":"first","13":"instock","14":"taxable","15":"shipping-taxable","16":"purchasable","17":"product-type-simple"},"exclude_global_add_ons":false,"addons":[{"name":"Gravure","type":"custom_text","position":0,"required":false,"title_format":"heading","default":"","description_enable":true,"description":"Entrez jusqu'\u00e0 50 caract\u00e8res.","placeholder_enable":false,"placeholder":"","display":"select","restrictions_type":"any_text","adjust_price":true,"price":"4.92","price_type":"quantity_based","restrictions":true,"min":"1","max":"50","options":[],"id":1684165753}],"_links":{"self":[{"href":"https:\/\/sneeboer.com\/fr-ch\/wp-json\/wp\/v2\/product\/52821","targetHints":{"allow":["GET"]}}],"collection":[{"href":"https:\/\/sneeboer.com\/fr-ch\/wp-json\/wp\/v2\/product"}],"about":[{"href":"https:\/\/sneeboer.com\/fr-ch\/wp-json\/wp\/v2\/types\/product"}],"replies":[{"embeddable":true,"href":"https:\/\/sneeboer.com\/fr-ch\/wp-json\/wp\/v2\/comments?post=52821"}],"wp:featuredmedia":[{"embeddable":true,"href":"https:\/\/sneeboer.com\/fr-ch\/wp-json\/wp\/v2\/media\/17246"}],"wp:attachment":[{"href":"https:\/\/sneeboer.com\/fr-ch\/wp-json\/wp\/v2\/media?parent=52821"}],"wp:term":[{"taxonomy":"product_brand","embeddable":true,"href":"https:\/\/sneeboer.com\/fr-ch\/wp-json\/wp\/v2\/product_brand?post=52821"},{"taxonomy":"product_cat","embeddable":true,"href":"https:\/\/sneeboer.com\/fr-ch\/wp-json\/wp\/v2\/product_cat?post=52821"},{"taxonomy":"product_tag","embeddable":true,"href":"https:\/\/sneeboer.com\/fr-ch\/wp-json\/wp\/v2\/product_tag?post=52821"},{"taxonomy":"weeds","embeddable":true,"href":"https:\/\/sneeboer.com\/fr-ch\/wp-json\/wp\/v2\/weeds?post=52821"},{"taxonomy":"soil_types","embeddable":true,"href":"https:\/\/sneeboer.com\/fr-ch\/wp-json\/wp\/v2\/soil_types?post=52821"}],"curies":[{"name":"wp","href":"https:\/\/api.w.org\/{rel}","templated":true}]}}