{"id":52713,"date":"2023-05-09T20:57:36","date_gmt":"2023-05-09T18:57:36","guid":{"rendered":"https:\/\/testsite.sneeboer.com\/tuingereedschap\/indoor-cultivateur-2"},"modified":"2023-06-26T12:29:08","modified_gmt":"2023-06-26T10:29:08","slug":"indoor-cultivateur-2","status":"publish","type":"product","link":"https:\/\/sneeboer.com\/fr-ch\/outils-de-jardin-forges-a-la-main\/indoor-cultivateur-2","title":{"rendered":"Indoor Cultivateur"},"content":{"rendered":"","protected":false},"excerpt":{"rendered":"<p>Cet outil de &#8220;Indoor&#8221; est une version plus petite de l&#8217;outil original.\u00a0Les outils &#8220;Indoor&#8221; sont parfaits pour le jardinage dans les petites serres.<\/p>\n<p>Les trois petites dents tranchantes sont d\u00e9velopp\u00e9es pour ameublir le sol, de sorte que la lumi\u00e8re, l&#8217;air et l&#8217;eau puissent m\u00e9langer avec le sol. Avec un manche en bois de cerisier.<\/p>\n","protected":false},"featured_media":16530,"comment_status":"closed","ping_status":"closed","template":"","meta":{"inline_featured_image":false,"product_video_url":"","product_360_url":""},"product_brand":[],"product_cat":[84,103,174],"product_tag":[307],"weeds":[],"soil_types":[],"class_list":{"0":"post-52713","1":"product","2":"type-product","3":"status-publish","4":"has-post-thumbnail","6":"product_cat-cultivateur-2","7":"product_cat-outils-a-main-2","8":"product_cat-speciale-2","9":"product_tag-cultiver-fr-ch","10":"post","12":"first","13":"instock","14":"taxable","15":"shipping-taxable","16":"purchasable","17":"product-type-simple"},"exclude_global_add_ons":false,"addons":[{"name":"Gravure","type":"custom_text","position":0,"required":false,"title_format":"heading","default":"","description_enable":true,"description":"Entrez jusqu'\u00e0 50 caract\u00e8res.","placeholder_enable":false,"placeholder":"","display":"select","restrictions_type":"any_text","adjust_price":true,"price":"4.92","price_type":"quantity_based","restrictions":true,"min":"1","max":"50","options":[],"id":1684165753}],"_links":{"self":[{"href":"https:\/\/sneeboer.com\/fr-ch\/wp-json\/wp\/v2\/product\/52713","targetHints":{"allow":["GET"]}}],"collection":[{"href":"https:\/\/sneeboer.com\/fr-ch\/wp-json\/wp\/v2\/product"}],"about":[{"href":"https:\/\/sneeboer.com\/fr-ch\/wp-json\/wp\/v2\/types\/product"}],"replies":[{"embeddable":true,"href":"https:\/\/sneeboer.com\/fr-ch\/wp-json\/wp\/v2\/comments?post=52713"}],"wp:featuredmedia":[{"embeddable":true,"href":"https:\/\/sneeboer.com\/fr-ch\/wp-json\/wp\/v2\/media\/16530"}],"wp:attachment":[{"href":"https:\/\/sneeboer.com\/fr-ch\/wp-json\/wp\/v2\/media?parent=52713"}],"wp:term":[{"taxonomy":"product_brand","embeddable":true,"href":"https:\/\/sneeboer.com\/fr-ch\/wp-json\/wp\/v2\/product_brand?post=52713"},{"taxonomy":"product_cat","embeddable":true,"href":"https:\/\/sneeboer.com\/fr-ch\/wp-json\/wp\/v2\/product_cat?post=52713"},{"taxonomy":"product_tag","embeddable":true,"href":"https:\/\/sneeboer.com\/fr-ch\/wp-json\/wp\/v2\/product_tag?post=52713"},{"taxonomy":"weeds","embeddable":true,"href":"https:\/\/sneeboer.com\/fr-ch\/wp-json\/wp\/v2\/weeds?post=52713"},{"taxonomy":"soil_types","embeddable":true,"href":"https:\/\/sneeboer.com\/fr-ch\/wp-json\/wp\/v2\/soil_types?post=52713"}],"curies":[{"name":"wp","href":"https:\/\/api.w.org\/{rel}","templated":true}]}}