{"id":52623,"date":"2023-05-09T20:51:31","date_gmt":"2023-05-09T18:51:31","guid":{"rendered":"https:\/\/testsite.sneeboer.com\/tuingereedschap\/plantoir-truelle-modele-vieux-hollandais"},"modified":"2023-06-26T12:33:57","modified_gmt":"2023-06-26T10:33:57","slug":"plantoir-truelle-modele-vieux-hollandais","status":"publish","type":"product","link":"https:\/\/sneeboer.com\/fr-ch\/outils-de-jardin-forges-a-la-main\/plantoir-truelle-modele-vieux-hollandais","title":{"rendered":"Plantoir truelle mod\u00e8le vieux hollandais"},"content":{"rendered":"","protected":false},"excerpt":{"rendered":"<p>Ce plantoir truelle a des bords aiguis\u00e9s et vous aide \u00e0 r\u00e9soudre vos probl\u00e8mes de jardinage. Il est id\u00e9al pour planter des bulbes, mais aussi pour d\u00e9chirer des petites plantes.\u00a0<\/p>\n<p>Utilisation: vous n&#8217;utilisez pas ce plantoir truelle pas comme une pelle \u00e0 transplanter. Cet outil est lourd et n&#8217;est pas balanc\u00e9. Le fonctionnement est plus ou moins le m\u00eame comme une hache. Vous p\u00e9n\u00e9trez le sol et vous bougez cet outil en avant et inverse et vous avez un trous parfait. Millions de bulbes sont plant\u00e9s avec cet outil au\u00a0<em>Keukenhof\u00a0<\/em>(le plus beau parc printanier du monde). Cet outil est forg\u00e9 \u00e0 la main, en inox et a un manche en bois de\u00a0cerisier avec un label.<\/p>\n","protected":false},"featured_media":15765,"comment_status":"closed","ping_status":"closed","template":"","meta":{"inline_featured_image":false,"product_video_url":"","product_360_url":""},"product_brand":[],"product_cat":[103,128,183],"product_tag":[334,491],"weeds":[],"soil_types":[],"class_list":{"0":"post-52623","1":"product","2":"type-product","3":"status-publish","4":"has-post-thumbnail","6":"product_cat-outils-a-main-2","7":"product_cat-plantoir-2","8":"product_cat-plantoir-truelle-2","9":"product_tag-creuser-fr-ch","10":"product_tag-plantation","11":"post","13":"first","14":"instock","15":"taxable","16":"shipping-taxable","17":"purchasable","18":"product-type-simple"},"exclude_global_add_ons":false,"addons":[{"name":"Gravure","type":"custom_text","position":0,"required":false,"title_format":"heading","default":"","description_enable":true,"description":"Entrez jusqu'\u00e0 50 caract\u00e8res.","placeholder_enable":false,"placeholder":"","display":"select","restrictions_type":"any_text","adjust_price":true,"price":"4.92","price_type":"quantity_based","restrictions":true,"min":"1","max":"50","options":[],"id":1684165753}],"_links":{"self":[{"href":"https:\/\/sneeboer.com\/fr-ch\/wp-json\/wp\/v2\/product\/52623","targetHints":{"allow":["GET"]}}],"collection":[{"href":"https:\/\/sneeboer.com\/fr-ch\/wp-json\/wp\/v2\/product"}],"about":[{"href":"https:\/\/sneeboer.com\/fr-ch\/wp-json\/wp\/v2\/types\/product"}],"replies":[{"embeddable":true,"href":"https:\/\/sneeboer.com\/fr-ch\/wp-json\/wp\/v2\/comments?post=52623"}],"wp:featuredmedia":[{"embeddable":true,"href":"https:\/\/sneeboer.com\/fr-ch\/wp-json\/wp\/v2\/media\/15765"}],"wp:attachment":[{"href":"https:\/\/sneeboer.com\/fr-ch\/wp-json\/wp\/v2\/media?parent=52623"}],"wp:term":[{"taxonomy":"product_brand","embeddable":true,"href":"https:\/\/sneeboer.com\/fr-ch\/wp-json\/wp\/v2\/product_brand?post=52623"},{"taxonomy":"product_cat","embeddable":true,"href":"https:\/\/sneeboer.com\/fr-ch\/wp-json\/wp\/v2\/product_cat?post=52623"},{"taxonomy":"product_tag","embeddable":true,"href":"https:\/\/sneeboer.com\/fr-ch\/wp-json\/wp\/v2\/product_tag?post=52623"},{"taxonomy":"weeds","embeddable":true,"href":"https:\/\/sneeboer.com\/fr-ch\/wp-json\/wp\/v2\/weeds?post=52623"},{"taxonomy":"soil_types","embeddable":true,"href":"https:\/\/sneeboer.com\/fr-ch\/wp-json\/wp\/v2\/soil_types?post=52623"}],"curies":[{"name":"wp","href":"https:\/\/api.w.org\/{rel}","templated":true}]}}