{"id":52587,"date":"2023-05-09T20:49:09","date_gmt":"2023-05-09T18:49:09","guid":{"rendered":"https:\/\/testsite.sneeboer.com\/tuingereedschap\/pelle-a-planter"},"modified":"2023-06-26T12:34:15","modified_gmt":"2023-06-26T10:34:15","slug":"pelle-a-planter","status":"publish","type":"product","link":"https:\/\/sneeboer.com\/fr-ch\/outils-de-jardin-forges-a-la-main\/pelle-a-planter","title":{"rendered":"Pelle \u00e0 planter"},"content":{"rendered":"","protected":false},"excerpt":{"rendered":"<p>Une petite pelle pointue avec un manche court: id\u00e9ale pour transplanter, faire des trous et une aide utile \u00e0 d\u00e9chirer des plantes ou des buissons. Tr\u00e8s solide et pour les adultes un outil id\u00e9al lorsqu&#8217;ils travaillent \u00e0 genoux. Avec un manche de 28 cm de long.<\/p>\n","protected":false},"featured_media":63074,"comment_status":"closed","ping_status":"closed","template":"","meta":{"inline_featured_image":false,"product_video_url":"","product_360_url":"\/wp-content\/uploads\/2025\/11\/4004-210774\/4004_210774.xml"},"product_brand":[],"product_cat":[156],"product_tag":[334,491,526],"weeds":[],"soil_types":[],"class_list":{"0":"post-52587","1":"product","2":"type-product","3":"status-publish","4":"has-post-thumbnail","6":"product_cat-beche-2","7":"product_tag-creuser-fr-ch","8":"product_tag-plantation","9":"product_tag-transplantation-fr-ch","10":"post","12":"first","13":"instock","14":"taxable","15":"shipping-taxable","16":"purchasable","17":"product-type-simple"},"exclude_global_add_ons":false,"addons":[{"name":"Gravure","type":"custom_text","position":0,"required":false,"title_format":"heading","default":"","description_enable":true,"description":"Entrez jusqu'\u00e0 50 caract\u00e8res.","placeholder_enable":false,"placeholder":"","display":"select","restrictions_type":"any_text","adjust_price":true,"price":"4.92","price_type":"quantity_based","restrictions":true,"min":"1","max":"50","options":[],"id":1684165753}],"_links":{"self":[{"href":"https:\/\/sneeboer.com\/fr-ch\/wp-json\/wp\/v2\/product\/52587","targetHints":{"allow":["GET"]}}],"collection":[{"href":"https:\/\/sneeboer.com\/fr-ch\/wp-json\/wp\/v2\/product"}],"about":[{"href":"https:\/\/sneeboer.com\/fr-ch\/wp-json\/wp\/v2\/types\/product"}],"replies":[{"embeddable":true,"href":"https:\/\/sneeboer.com\/fr-ch\/wp-json\/wp\/v2\/comments?post=52587"}],"wp:featuredmedia":[{"embeddable":true,"href":"https:\/\/sneeboer.com\/fr-ch\/wp-json\/wp\/v2\/media\/63074"}],"wp:attachment":[{"href":"https:\/\/sneeboer.com\/fr-ch\/wp-json\/wp\/v2\/media?parent=52587"}],"wp:term":[{"taxonomy":"product_brand","embeddable":true,"href":"https:\/\/sneeboer.com\/fr-ch\/wp-json\/wp\/v2\/product_brand?post=52587"},{"taxonomy":"product_cat","embeddable":true,"href":"https:\/\/sneeboer.com\/fr-ch\/wp-json\/wp\/v2\/product_cat?post=52587"},{"taxonomy":"product_tag","embeddable":true,"href":"https:\/\/sneeboer.com\/fr-ch\/wp-json\/wp\/v2\/product_tag?post=52587"},{"taxonomy":"weeds","embeddable":true,"href":"https:\/\/sneeboer.com\/fr-ch\/wp-json\/wp\/v2\/weeds?post=52587"},{"taxonomy":"soil_types","embeddable":true,"href":"https:\/\/sneeboer.com\/fr-ch\/wp-json\/wp\/v2\/soil_types?post=52587"}],"curies":[{"name":"wp","href":"https:\/\/api.w.org\/{rel}","templated":true}]}}