{"id":52560,"date":"2023-05-09T20:47:31","date_gmt":"2023-05-09T18:47:31","guid":{"rendered":"https:\/\/testsite.sneeboer.com\/tuingereedschap\/great-dixter-pelle-a-desherber-a-main"},"modified":"2023-06-26T12:34:28","modified_gmt":"2023-06-26T10:34:28","slug":"great-dixter-pelle-a-desherber-a-main","status":"publish","type":"product","link":"https:\/\/sneeboer.com\/fr-ch\/outils-de-jardin-forges-a-la-main\/great-dixter-pelle-a-desherber-a-main","title":{"rendered":"Great Dixter Pelle \u00e0 d\u00e9sherber \u00e0 main"},"content":{"rendered":"","protected":false},"excerpt":{"rendered":"<p>Cet outil fait partie d&#8217;une collection r\u00e9alis\u00e9 par le\u00a0<em>Great Dixter<\/em>.\u00a0<\/p>\n<p>Le mod\u00e8le de cette pelle \u00e0 main s&#8217;est fond\u00e9 selon les mod\u00e8les de Christohper Lloyd. Lloyd a r\u00e9alis\u00e9 les jardins\u00a0<em>Great Dixter<\/em>\u00a0dans le sud-est de l&#8217;Angleterre. SNEEBOER est la seule entreprise dans le monde entier qui a le droit de faire et vendre ces produits de\u00a0<em>Great Dixter<\/em>.<\/p>\n<p>Cette pelle \u00e0 main est id\u00e9ale pour d\u00e9raciner les mauvaises herbes ou pour planter des bulbes. Elle est \u00e9troite et aigu\u00eb. Avec un manche en bois de cerisier.<\/p>\n","protected":false},"featured_media":64882,"comment_status":"closed","ping_status":"closed","template":"","meta":{"inline_featured_image":false,"product_video_url":"","product_360_url":""},"product_brand":[],"product_cat":[416,103,183],"product_tag":[334,502,491,526],"weeds":[],"soil_types":[],"class_list":{"0":"post-52560","1":"product","2":"type-product","3":"status-publish","4":"has-post-thumbnail","6":"product_cat-great-dixter-fr-ch","7":"product_cat-outils-a-main-2","8":"product_cat-plantoir-truelle-2","9":"product_tag-creuser-fr-ch","10":"product_tag-empotage-fr-ch","11":"product_tag-plantation","12":"product_tag-transplantation-fr-ch","13":"post","15":"first","16":"instock","17":"taxable","18":"shipping-taxable","19":"purchasable","20":"product-type-simple"},"exclude_global_add_ons":false,"addons":[{"name":"Gravure","type":"custom_text","position":0,"required":false,"title_format":"heading","default":"","description_enable":true,"description":"Entrez jusqu'\u00e0 50 caract\u00e8res.","placeholder_enable":false,"placeholder":"","display":"select","restrictions_type":"any_text","adjust_price":true,"price":"4.92","price_type":"quantity_based","restrictions":true,"min":"1","max":"50","options":[],"id":1684165753}],"_links":{"self":[{"href":"https:\/\/sneeboer.com\/fr-ch\/wp-json\/wp\/v2\/product\/52560","targetHints":{"allow":["GET"]}}],"collection":[{"href":"https:\/\/sneeboer.com\/fr-ch\/wp-json\/wp\/v2\/product"}],"about":[{"href":"https:\/\/sneeboer.com\/fr-ch\/wp-json\/wp\/v2\/types\/product"}],"replies":[{"embeddable":true,"href":"https:\/\/sneeboer.com\/fr-ch\/wp-json\/wp\/v2\/comments?post=52560"}],"wp:featuredmedia":[{"embeddable":true,"href":"https:\/\/sneeboer.com\/fr-ch\/wp-json\/wp\/v2\/media\/64882"}],"wp:attachment":[{"href":"https:\/\/sneeboer.com\/fr-ch\/wp-json\/wp\/v2\/media?parent=52560"}],"wp:term":[{"taxonomy":"product_brand","embeddable":true,"href":"https:\/\/sneeboer.com\/fr-ch\/wp-json\/wp\/v2\/product_brand?post=52560"},{"taxonomy":"product_cat","embeddable":true,"href":"https:\/\/sneeboer.com\/fr-ch\/wp-json\/wp\/v2\/product_cat?post=52560"},{"taxonomy":"product_tag","embeddable":true,"href":"https:\/\/sneeboer.com\/fr-ch\/wp-json\/wp\/v2\/product_tag?post=52560"},{"taxonomy":"weeds","embeddable":true,"href":"https:\/\/sneeboer.com\/fr-ch\/wp-json\/wp\/v2\/weeds?post=52560"},{"taxonomy":"soil_types","embeddable":true,"href":"https:\/\/sneeboer.com\/fr-ch\/wp-json\/wp\/v2\/soil_types?post=52560"}],"curies":[{"name":"wp","href":"https:\/\/api.w.org\/{rel}","templated":true}]}}