{"id":52389,"date":"2023-05-09T20:36:24","date_gmt":"2023-05-09T18:36:24","guid":{"rendered":"https:\/\/testsite.sneeboer.com\/tuingereedschap\/pelle-a-transplanter-avec-decapsuleur"},"modified":"2023-06-26T12:36:00","modified_gmt":"2023-06-26T10:36:00","slug":"pelle-a-transplanter-avec-decapsuleur","status":"publish","type":"product","link":"https:\/\/sneeboer.com\/fr-ch\/outils-de-jardin-forges-a-la-main\/pelle-a-transplanter-avec-decapsuleur","title":{"rendered":"Pelle \u00e0 transplanter avec d\u00e9capsuleur"},"content":{"rendered":"","protected":false},"excerpt":{"rendered":"<p>En 2010 le brasseur allemand,\u00a0<em>Warsteiner,<\/em>\u00a0nous a demand\u00e9 de d\u00e9velopper une pelle exclusive pour leur clients sp\u00e9ciaux. A cause de cette demande, nous avons d\u00e9velopp\u00e9 une pelle avec un d\u00e9capsuleur. Cette pelle est id\u00e9ale \u00e0 utiliser dans le jardin, mais aussi id\u00e9ale pour \u00ab<em>l&#8217;apr\u00e8s-jardinage\u00bb<\/em>. Cette pelle avec un manche en bois de cerisier est un cadeau unique, mais aussi pratique.<\/p><\/p>\n","protected":false},"featured_media":14343,"comment_status":"closed","ping_status":"closed","template":"","meta":{"inline_featured_image":false,"product_video_url":"","product_360_url":""},"product_brand":[],"product_cat":[103,183],"product_tag":[334,502,491,526],"weeds":[],"soil_types":[],"class_list":{"0":"post-52389","1":"product","2":"type-product","3":"status-publish","4":"has-post-thumbnail","6":"product_cat-outils-a-main-2","7":"product_cat-plantoir-truelle-2","8":"product_tag-creuser-fr-ch","9":"product_tag-empotage-fr-ch","10":"product_tag-plantation","11":"product_tag-transplantation-fr-ch","12":"post","14":"first","15":"instock","16":"taxable","17":"shipping-taxable","18":"purchasable","19":"product-type-simple"},"exclude_global_add_ons":false,"addons":[{"name":"Gravure","type":"custom_text","position":0,"required":false,"title_format":"heading","default":"","description_enable":true,"description":"Entrez jusqu'\u00e0 50 caract\u00e8res.","placeholder_enable":false,"placeholder":"","display":"select","restrictions_type":"any_text","adjust_price":true,"price":"4.92","price_type":"quantity_based","restrictions":true,"min":"1","max":"50","options":[],"id":1684165753}],"_links":{"self":[{"href":"https:\/\/sneeboer.com\/fr-ch\/wp-json\/wp\/v2\/product\/52389","targetHints":{"allow":["GET"]}}],"collection":[{"href":"https:\/\/sneeboer.com\/fr-ch\/wp-json\/wp\/v2\/product"}],"about":[{"href":"https:\/\/sneeboer.com\/fr-ch\/wp-json\/wp\/v2\/types\/product"}],"replies":[{"embeddable":true,"href":"https:\/\/sneeboer.com\/fr-ch\/wp-json\/wp\/v2\/comments?post=52389"}],"wp:featuredmedia":[{"embeddable":true,"href":"https:\/\/sneeboer.com\/fr-ch\/wp-json\/wp\/v2\/media\/14343"}],"wp:attachment":[{"href":"https:\/\/sneeboer.com\/fr-ch\/wp-json\/wp\/v2\/media?parent=52389"}],"wp:term":[{"taxonomy":"product_brand","embeddable":true,"href":"https:\/\/sneeboer.com\/fr-ch\/wp-json\/wp\/v2\/product_brand?post=52389"},{"taxonomy":"product_cat","embeddable":true,"href":"https:\/\/sneeboer.com\/fr-ch\/wp-json\/wp\/v2\/product_cat?post=52389"},{"taxonomy":"product_tag","embeddable":true,"href":"https:\/\/sneeboer.com\/fr-ch\/wp-json\/wp\/v2\/product_tag?post=52389"},{"taxonomy":"weeds","embeddable":true,"href":"https:\/\/sneeboer.com\/fr-ch\/wp-json\/wp\/v2\/weeds?post=52389"},{"taxonomy":"soil_types","embeddable":true,"href":"https:\/\/sneeboer.com\/fr-ch\/wp-json\/wp\/v2\/soil_types?post=52389"}],"curies":[{"name":"wp","href":"https:\/\/api.w.org\/{rel}","templated":true}]}}