{"id":52335,"date":"2023-05-09T20:28:31","date_gmt":"2023-05-09T18:28:31","guid":{"rendered":"https:\/\/testsite.sneeboer.com\/tuingereedschap\/kappe-pelle-a-transplanter-pour-potager-sureleve"},"modified":"2023-06-26T12:36:26","modified_gmt":"2023-06-26T10:36:26","slug":"kappe-pelle-a-transplanter-pour-potager-sureleve","status":"publish","type":"product","link":"https:\/\/sneeboer.com\/fr-ch\/outils-de-jardin-forges-a-la-main\/kappe-pelle-a-transplanter-pour-potager-sureleve","title":{"rendered":"Kappe Pelle \u00e0 transplanter pour potager sur\u00e9lev\u00e9"},"content":{"rendered":"","protected":false},"excerpt":{"rendered":"<p>Cette pelle &agrave; transplanter robuste de Kappe a&nbsp;des bords aiguis&eacute;s et une pointe tranchante.&nbsp;La pelle peut p&eacute;n&eacute;trer facilement dans le sol et peut d&eacute;couper les racines. Avec un manche de 60 cm de long et donc id&eacute;al pour le travail dans les potagers sur&eacute;lev&eacute;s.<\/p>\n","protected":false},"featured_media":13895,"comment_status":"closed","ping_status":"closed","template":"","meta":{"inline_featured_image":false,"product_video_url":"","product_360_url":""},"product_brand":[],"product_cat":[79],"product_tag":[334,491],"weeds":[],"soil_types":[],"class_list":{"0":"post-52335","1":"product","2":"type-product","3":"status-publish","4":"has-post-thumbnail","6":"product_cat-nos-collections-2","7":"product_tag-creuser-fr-ch","8":"product_tag-plantation","9":"post","11":"first","12":"instock","13":"taxable","14":"shipping-taxable","15":"purchasable","16":"product-type-simple"},"exclude_global_add_ons":false,"addons":[{"name":"Gravure","type":"custom_text","position":0,"required":false,"title_format":"heading","default":"","description_enable":true,"description":"Entrez jusqu'\u00e0 50 caract\u00e8res.","placeholder_enable":false,"placeholder":"","display":"select","restrictions_type":"any_text","adjust_price":true,"price":"4.92","price_type":"quantity_based","restrictions":true,"min":"1","max":"50","options":[],"id":1684165753}],"_links":{"self":[{"href":"https:\/\/sneeboer.com\/fr-ch\/wp-json\/wp\/v2\/product\/52335","targetHints":{"allow":["GET"]}}],"collection":[{"href":"https:\/\/sneeboer.com\/fr-ch\/wp-json\/wp\/v2\/product"}],"about":[{"href":"https:\/\/sneeboer.com\/fr-ch\/wp-json\/wp\/v2\/types\/product"}],"replies":[{"embeddable":true,"href":"https:\/\/sneeboer.com\/fr-ch\/wp-json\/wp\/v2\/comments?post=52335"}],"wp:featuredmedia":[{"embeddable":true,"href":"https:\/\/sneeboer.com\/fr-ch\/wp-json\/wp\/v2\/media\/13895"}],"wp:attachment":[{"href":"https:\/\/sneeboer.com\/fr-ch\/wp-json\/wp\/v2\/media?parent=52335"}],"wp:term":[{"taxonomy":"product_brand","embeddable":true,"href":"https:\/\/sneeboer.com\/fr-ch\/wp-json\/wp\/v2\/product_brand?post=52335"},{"taxonomy":"product_cat","embeddable":true,"href":"https:\/\/sneeboer.com\/fr-ch\/wp-json\/wp\/v2\/product_cat?post=52335"},{"taxonomy":"product_tag","embeddable":true,"href":"https:\/\/sneeboer.com\/fr-ch\/wp-json\/wp\/v2\/product_tag?post=52335"},{"taxonomy":"weeds","embeddable":true,"href":"https:\/\/sneeboer.com\/fr-ch\/wp-json\/wp\/v2\/weeds?post=52335"},{"taxonomy":"soil_types","embeddable":true,"href":"https:\/\/sneeboer.com\/fr-ch\/wp-json\/wp\/v2\/soil_types?post=52335"}],"curies":[{"name":"wp","href":"https:\/\/api.w.org\/{rel}","templated":true}]}}