{"id":52236,"date":"2023-05-09T20:21:58","date_gmt":"2023-05-09T18:21:58","guid":{"rendered":"https:\/\/testsite.sneeboer.com\/tuingereedschap\/pelle-pour-parterre-de-fleurs"},"modified":"2023-06-26T12:37:11","modified_gmt":"2023-06-26T10:37:11","slug":"pelle-pour-parterre-de-fleurs","status":"publish","type":"product","link":"https:\/\/sneeboer.com\/fr-ch\/outils-de-jardin-forges-a-la-main\/pelle-pour-parterre-de-fleurs","title":{"rendered":"Pelle pour parterre de fleurs"},"content":{"rendered":"<p>Article No: 54019<\/p>\n","protected":false},"excerpt":{"rendered":"<p>Cette pelle a une lame de plus en plus \u00e9troite avec une dimension de 16 cm. Avec cette pelle vous pourriez \u00a0transplanter sans endommager les autres plantes qui seraient proches. Avec un manche de 60 cm de long en bois de fr\u00eane, id\u00e9al pour le travail dans les potagers sur\u00e9lev\u00e9s.<\/p>\n","protected":false},"featured_media":13247,"comment_status":"closed","ping_status":"closed","template":"","meta":{"inline_featured_image":false,"product_video_url":"","product_360_url":""},"product_brand":[],"product_cat":[183,133],"product_tag":[334,491,526],"weeds":[],"soil_types":[],"class_list":{"0":"post-52236","1":"product","2":"type-product","3":"status-publish","4":"has-post-thumbnail","6":"product_cat-plantoir-truelle-2","7":"product_cat-potager-sureleve-2","8":"product_tag-creuser-fr-ch","9":"product_tag-plantation","10":"product_tag-transplantation-fr-ch","11":"post","13":"first","14":"instock","15":"taxable","16":"shipping-taxable","17":"purchasable","18":"product-type-simple"},"exclude_global_add_ons":false,"addons":[{"name":"Gravure","type":"custom_text","position":0,"required":false,"title_format":"heading","default":"","description_enable":true,"description":"Entrez jusqu'\u00e0 50 caract\u00e8res.","placeholder_enable":false,"placeholder":"","display":"select","restrictions_type":"any_text","adjust_price":true,"price":"4.92","price_type":"quantity_based","restrictions":true,"min":"1","max":"50","options":[],"id":1684165753}],"_links":{"self":[{"href":"https:\/\/sneeboer.com\/fr-ch\/wp-json\/wp\/v2\/product\/52236","targetHints":{"allow":["GET"]}}],"collection":[{"href":"https:\/\/sneeboer.com\/fr-ch\/wp-json\/wp\/v2\/product"}],"about":[{"href":"https:\/\/sneeboer.com\/fr-ch\/wp-json\/wp\/v2\/types\/product"}],"replies":[{"embeddable":true,"href":"https:\/\/sneeboer.com\/fr-ch\/wp-json\/wp\/v2\/comments?post=52236"}],"wp:featuredmedia":[{"embeddable":true,"href":"https:\/\/sneeboer.com\/fr-ch\/wp-json\/wp\/v2\/media\/13247"}],"wp:attachment":[{"href":"https:\/\/sneeboer.com\/fr-ch\/wp-json\/wp\/v2\/media?parent=52236"}],"wp:term":[{"taxonomy":"product_brand","embeddable":true,"href":"https:\/\/sneeboer.com\/fr-ch\/wp-json\/wp\/v2\/product_brand?post=52236"},{"taxonomy":"product_cat","embeddable":true,"href":"https:\/\/sneeboer.com\/fr-ch\/wp-json\/wp\/v2\/product_cat?post=52236"},{"taxonomy":"product_tag","embeddable":true,"href":"https:\/\/sneeboer.com\/fr-ch\/wp-json\/wp\/v2\/product_tag?post=52236"},{"taxonomy":"weeds","embeddable":true,"href":"https:\/\/sneeboer.com\/fr-ch\/wp-json\/wp\/v2\/weeds?post=52236"},{"taxonomy":"soil_types","embeddable":true,"href":"https:\/\/sneeboer.com\/fr-ch\/wp-json\/wp\/v2\/soil_types?post=52236"}],"curies":[{"name":"wp","href":"https:\/\/api.w.org\/{rel}","templated":true}]}}