{"id":52210,"date":"2023-05-09T20:20:25","date_gmt":"2023-05-09T18:20:25","guid":{"rendered":"https:\/\/testsite.sneeboer.com\/tuingereedschap\/fourche-3-dents-pour-potager-sureleve"},"modified":"2023-06-26T12:37:23","modified_gmt":"2023-06-26T10:37:23","slug":"fourche-3-dents-pour-potager-sureleve","status":"publish","type":"product","link":"https:\/\/sneeboer.com\/fr-ch\/outils-de-jardin-forges-a-la-main\/fourche-3-dents-pour-potager-sureleve","title":{"rendered":"Fourche 3 dents pour potager sur\u00e9lev\u00e9"},"content":{"rendered":"<p>This Sneeboer Raised Bed Weeding Fork is hand forged in the Netherlands._x000D_<br \/>\n Highest quality garden tools available.<\/p>\n","protected":false},"excerpt":{"rendered":"<p>Cette fourche avec trois dents partiellement aplaties vous donne la possibilit\u00e9 de p\u00e9n\u00e9trer le sol sans probl\u00e8mes et vous aide \u00e0 arracher les mauvaises herbes et autres plantes non d\u00e9sir\u00e9es. Les trois dents sont\u00a0assez fortes pour les diff\u00e9rents types de sol.\u00a0La fourche a un manche en bois de fr\u00eane. Cet outil est id\u00e9al pour le travail dans les potagers sur\u00e9lev\u00e9s.<\/p><\/p>\n","protected":false},"featured_media":13103,"comment_status":"closed","ping_status":"closed","template":"","meta":{"inline_featured_image":false,"product_video_url":"","product_360_url":""},"product_brand":[],"product_cat":[192,103],"product_tag":[334,307,534,491,490,510,474,526],"weeds":[],"soil_types":[],"class_list":{"0":"post-52210","1":"product","2":"type-product","3":"status-publish","4":"has-post-thumbnail","6":"product_cat-fourche-2","7":"product_cat-outils-a-main-2","8":"product_tag-creuser-fr-ch","9":"product_tag-cultiver-fr-ch","10":"product_tag-mauvaises-herbes-fr-ch","11":"product_tag-plantation","12":"product_tag-recolte-fr-ch","13":"product_tag-scoops-fr-ch","14":"product_tag-sillonage-fr-ch","15":"product_tag-transplantation-fr-ch","16":"post","18":"first","19":"instock","20":"taxable","21":"shipping-taxable","22":"purchasable","23":"product-type-simple"},"exclude_global_add_ons":false,"addons":[{"name":"Gravure","type":"custom_text","position":0,"required":false,"title_format":"heading","default":"","description_enable":true,"description":"Entrez jusqu'\u00e0 50 caract\u00e8res.","placeholder_enable":false,"placeholder":"","display":"select","restrictions_type":"any_text","adjust_price":true,"price":"4.92","price_type":"quantity_based","restrictions":true,"min":"1","max":"50","options":[],"id":1684165753}],"_links":{"self":[{"href":"https:\/\/sneeboer.com\/fr-ch\/wp-json\/wp\/v2\/product\/52210","targetHints":{"allow":["GET"]}}],"collection":[{"href":"https:\/\/sneeboer.com\/fr-ch\/wp-json\/wp\/v2\/product"}],"about":[{"href":"https:\/\/sneeboer.com\/fr-ch\/wp-json\/wp\/v2\/types\/product"}],"replies":[{"embeddable":true,"href":"https:\/\/sneeboer.com\/fr-ch\/wp-json\/wp\/v2\/comments?post=52210"}],"wp:featuredmedia":[{"embeddable":true,"href":"https:\/\/sneeboer.com\/fr-ch\/wp-json\/wp\/v2\/media\/13103"}],"wp:attachment":[{"href":"https:\/\/sneeboer.com\/fr-ch\/wp-json\/wp\/v2\/media?parent=52210"}],"wp:term":[{"taxonomy":"product_brand","embeddable":true,"href":"https:\/\/sneeboer.com\/fr-ch\/wp-json\/wp\/v2\/product_brand?post=52210"},{"taxonomy":"product_cat","embeddable":true,"href":"https:\/\/sneeboer.com\/fr-ch\/wp-json\/wp\/v2\/product_cat?post=52210"},{"taxonomy":"product_tag","embeddable":true,"href":"https:\/\/sneeboer.com\/fr-ch\/wp-json\/wp\/v2\/product_tag?post=52210"},{"taxonomy":"weeds","embeddable":true,"href":"https:\/\/sneeboer.com\/fr-ch\/wp-json\/wp\/v2\/weeds?post=52210"},{"taxonomy":"soil_types","embeddable":true,"href":"https:\/\/sneeboer.com\/fr-ch\/wp-json\/wp\/v2\/soil_types?post=52210"}],"curies":[{"name":"wp","href":"https:\/\/api.w.org\/{rel}","templated":true}]}}