{"id":51923,"date":"2023-05-09T20:02:48","date_gmt":"2023-05-09T18:02:48","guid":{"rendered":"https:\/\/testsite.sneeboer.com\/tuingereedschap\/von-lindern-cultivateur"},"modified":"2023-06-26T12:39:38","modified_gmt":"2023-06-26T10:39:38","slug":"von-lindern-cultivateur","status":"publish","type":"product","link":"https:\/\/sneeboer.com\/fr-ch\/outils-de-jardin-forges-a-la-main\/von-lindern-cultivateur","title":{"rendered":"Von Lindern cultivateur"},"content":{"rendered":"","protected":false},"excerpt":{"rendered":"<p>Un cultivateur \u00e0 main avec cinq dents pour ameublir le sol avant la plantation. La lame a une forme d&#8217;une feuille de ch\u00eane. Le cultivateur peut \u00eatre utilis\u00e9 aussi pour d\u00e9sherber de mauvaises herbes et d&#8217;autres plantes non d\u00e9sir\u00e9es. Les cinq dents sont aiguis\u00e9es rondes. Il a un manche en bois de cerisier. Le mod\u00e8le Von Lindern est d\u00e9velopp\u00e9 en 1890.<\/p>\n","protected":false},"featured_media":11420,"comment_status":"closed","ping_status":"closed","template":"","meta":{"inline_featured_image":false,"product_video_url":"","product_360_url":""},"product_brand":[],"product_cat":[84,103],"product_tag":[307,502,534,491],"weeds":[],"soil_types":[],"class_list":{"0":"post-51923","1":"product","2":"type-product","3":"status-publish","4":"has-post-thumbnail","6":"product_cat-cultivateur-2","7":"product_cat-outils-a-main-2","8":"product_tag-cultiver-fr-ch","9":"product_tag-empotage-fr-ch","10":"product_tag-mauvaises-herbes-fr-ch","11":"product_tag-plantation","12":"post","14":"first","15":"instock","16":"taxable","17":"shipping-taxable","18":"purchasable","19":"product-type-simple"},"exclude_global_add_ons":false,"addons":[{"name":"Gravure","type":"custom_text","position":0,"required":false,"title_format":"heading","default":"","description_enable":true,"description":"Entrez jusqu'\u00e0 50 caract\u00e8res.","placeholder_enable":false,"placeholder":"","display":"select","restrictions_type":"any_text","adjust_price":true,"price":"4.92","price_type":"quantity_based","restrictions":true,"min":"1","max":"50","options":[],"id":1684165753}],"_links":{"self":[{"href":"https:\/\/sneeboer.com\/fr-ch\/wp-json\/wp\/v2\/product\/51923","targetHints":{"allow":["GET"]}}],"collection":[{"href":"https:\/\/sneeboer.com\/fr-ch\/wp-json\/wp\/v2\/product"}],"about":[{"href":"https:\/\/sneeboer.com\/fr-ch\/wp-json\/wp\/v2\/types\/product"}],"replies":[{"embeddable":true,"href":"https:\/\/sneeboer.com\/fr-ch\/wp-json\/wp\/v2\/comments?post=51923"}],"wp:featuredmedia":[{"embeddable":true,"href":"https:\/\/sneeboer.com\/fr-ch\/wp-json\/wp\/v2\/media\/11420"}],"wp:attachment":[{"href":"https:\/\/sneeboer.com\/fr-ch\/wp-json\/wp\/v2\/media?parent=51923"}],"wp:term":[{"taxonomy":"product_brand","embeddable":true,"href":"https:\/\/sneeboer.com\/fr-ch\/wp-json\/wp\/v2\/product_brand?post=51923"},{"taxonomy":"product_cat","embeddable":true,"href":"https:\/\/sneeboer.com\/fr-ch\/wp-json\/wp\/v2\/product_cat?post=51923"},{"taxonomy":"product_tag","embeddable":true,"href":"https:\/\/sneeboer.com\/fr-ch\/wp-json\/wp\/v2\/product_tag?post=51923"},{"taxonomy":"weeds","embeddable":true,"href":"https:\/\/sneeboer.com\/fr-ch\/wp-json\/wp\/v2\/weeds?post=51923"},{"taxonomy":"soil_types","embeddable":true,"href":"https:\/\/sneeboer.com\/fr-ch\/wp-json\/wp\/v2\/soil_types?post=51923"}],"curies":[{"name":"wp","href":"https:\/\/api.w.org\/{rel}","templated":true}]}}