{"id":51825,"date":"2023-05-09T15:47:08","date_gmt":"2023-05-09T13:47:08","guid":{"rendered":"https:\/\/testsite.sneeboer.com\/tuingereedschap\/fourche-a-becher-4-dents-2"},"modified":"2023-06-26T12:40:26","modified_gmt":"2023-06-26T10:40:26","slug":"fourche-a-becher-4-dents-2","status":"publish","type":"product","link":"https:\/\/sneeboer.com\/fr-ch\/outils-de-jardin-forges-a-la-main\/fourche-a-becher-4-dents-2","title":{"rendered":"Fourche \u00e0 b\u00eacher 4 dents"},"content":{"rendered":"","protected":false},"excerpt":{"rendered":"<p>Cette fourche vous donne la possibilit\u00e9 de b\u00eacher, a\u00e9rer et arracher sans endommager les racines. On b\u00eache pour am\u00e9liorer la structure du sol, int\u00e9grer le fumier dans le sol et lutter contre les mauvaises herbes.\u00a0Vous pourrez le faire facilement en utilisant cet outil.<\/p>\n","protected":false},"featured_media":10879,"comment_status":"closed","ping_status":"closed","template":"","meta":{"inline_featured_image":false,"product_video_url":"","product_360_url":""},"product_brand":[],"product_cat":[192,422],"product_tag":[334,534],"weeds":[],"soil_types":[],"class_list":{"0":"post-51825","1":"product","2":"type-product","3":"status-publish","4":"has-post-thumbnail","6":"product_cat-fourche-2","7":"product_cat-rateau-fr-ch","8":"product_tag-creuser-fr-ch","9":"product_tag-mauvaises-herbes-fr-ch","10":"post","12":"first","13":"instock","14":"taxable","15":"shipping-taxable","16":"purchasable","17":"product-type-simple"},"exclude_global_add_ons":false,"addons":[{"name":"Gravure","type":"custom_text","position":0,"required":false,"title_format":"heading","default":"","description_enable":true,"description":"Entrez jusqu'\u00e0 50 caract\u00e8res.","placeholder_enable":false,"placeholder":"","display":"select","restrictions_type":"any_text","adjust_price":true,"price":"4.92","price_type":"quantity_based","restrictions":true,"min":"1","max":"50","options":[],"id":1684165753}],"_links":{"self":[{"href":"https:\/\/sneeboer.com\/fr-ch\/wp-json\/wp\/v2\/product\/51825","targetHints":{"allow":["GET"]}}],"collection":[{"href":"https:\/\/sneeboer.com\/fr-ch\/wp-json\/wp\/v2\/product"}],"about":[{"href":"https:\/\/sneeboer.com\/fr-ch\/wp-json\/wp\/v2\/types\/product"}],"replies":[{"embeddable":true,"href":"https:\/\/sneeboer.com\/fr-ch\/wp-json\/wp\/v2\/comments?post=51825"}],"wp:featuredmedia":[{"embeddable":true,"href":"https:\/\/sneeboer.com\/fr-ch\/wp-json\/wp\/v2\/media\/10879"}],"wp:attachment":[{"href":"https:\/\/sneeboer.com\/fr-ch\/wp-json\/wp\/v2\/media?parent=51825"}],"wp:term":[{"taxonomy":"product_brand","embeddable":true,"href":"https:\/\/sneeboer.com\/fr-ch\/wp-json\/wp\/v2\/product_brand?post=51825"},{"taxonomy":"product_cat","embeddable":true,"href":"https:\/\/sneeboer.com\/fr-ch\/wp-json\/wp\/v2\/product_cat?post=51825"},{"taxonomy":"product_tag","embeddable":true,"href":"https:\/\/sneeboer.com\/fr-ch\/wp-json\/wp\/v2\/product_tag?post=51825"},{"taxonomy":"weeds","embeddable":true,"href":"https:\/\/sneeboer.com\/fr-ch\/wp-json\/wp\/v2\/weeds?post=51825"},{"taxonomy":"soil_types","embeddable":true,"href":"https:\/\/sneeboer.com\/fr-ch\/wp-json\/wp\/v2\/soil_types?post=51825"}],"curies":[{"name":"wp","href":"https:\/\/api.w.org\/{rel}","templated":true}]}}