{"id":51753,"date":"2023-05-09T15:41:13","date_gmt":"2023-05-09T13:41:13","guid":{"rendered":"https:\/\/testsite.sneeboer.com\/tuingereedschap\/great-dixter-fourche-4-dents"},"modified":"2024-09-18T13:31:42","modified_gmt":"2024-09-18T11:31:42","slug":"great-dixter-fourche-4-dents","status":"publish","type":"product","link":"https:\/\/sneeboer.com\/fr-ch\/outils-de-jardin-forges-a-la-main\/great-dixter-fourche-4-dents","title":{"rendered":"Great Dixter fourche 4 dents"},"content":{"rendered":"<p><em>Cet outil fait partie d&#8217;une collection r\u00e9alis\u00e9e par Great Dixter.<\/em><\/p>\n<p>&nbsp;<\/p>\n","protected":false},"excerpt":{"rendered":"<p>Cet outil fait partie d&#8217;une collection r\u00e9alis\u00e9e par Great Dixter.<\/p>\n<p>Le mod\u00e8le de cette fourche est bas\u00e9 sur ceux de Christopher Lloyd. Lloyd a con\u00e7u les jardins de Great Dixter dans le sud-est de l&#8217;Angleterre.<br \/>\nSneeboer est la seule entreprise au monde ayant le droit de fabriquer et vendre ces produits de Great Dixter.<\/p>\n<p>Cette fourche vous permet d&#8217;arracher et de retourner la terre dans des espaces de jardin \u00e9troits.<\/p>\n","protected":false},"featured_media":63235,"comment_status":"closed","ping_status":"closed","template":"","meta":{"inline_featured_image":false,"product_video_url":"","product_360_url":"\/wp-content\/uploads\/2025\/11\/5061-210775\/5061_210775.xml"},"product_brand":[],"product_cat":[192,416],"product_tag":[334,307,534],"weeds":[],"soil_types":[],"class_list":{"0":"post-51753","1":"product","2":"type-product","3":"status-publish","4":"has-post-thumbnail","6":"product_cat-fourche-2","7":"product_cat-great-dixter-fr-ch","8":"product_tag-creuser-fr-ch","9":"product_tag-cultiver-fr-ch","10":"product_tag-mauvaises-herbes-fr-ch","11":"post","13":"first","14":"instock","15":"taxable","16":"shipping-taxable","17":"purchasable","18":"product-type-simple"},"exclude_global_add_ons":false,"addons":[{"name":"Gravure","type":"custom_text","position":0,"required":false,"title_format":"heading","default":"","description_enable":true,"description":"Entrez jusqu'\u00e0 50 caract\u00e8res.","placeholder_enable":false,"placeholder":"","display":"select","restrictions_type":"any_text","adjust_price":true,"price":"4.92","price_type":"quantity_based","restrictions":true,"min":"1","max":"50","options":[],"id":1684165753}],"_links":{"self":[{"href":"https:\/\/sneeboer.com\/fr-ch\/wp-json\/wp\/v2\/product\/51753","targetHints":{"allow":["GET"]}}],"collection":[{"href":"https:\/\/sneeboer.com\/fr-ch\/wp-json\/wp\/v2\/product"}],"about":[{"href":"https:\/\/sneeboer.com\/fr-ch\/wp-json\/wp\/v2\/types\/product"}],"replies":[{"embeddable":true,"href":"https:\/\/sneeboer.com\/fr-ch\/wp-json\/wp\/v2\/comments?post=51753"}],"wp:featuredmedia":[{"embeddable":true,"href":"https:\/\/sneeboer.com\/fr-ch\/wp-json\/wp\/v2\/media\/63235"}],"wp:attachment":[{"href":"https:\/\/sneeboer.com\/fr-ch\/wp-json\/wp\/v2\/media?parent=51753"}],"wp:term":[{"taxonomy":"product_brand","embeddable":true,"href":"https:\/\/sneeboer.com\/fr-ch\/wp-json\/wp\/v2\/product_brand?post=51753"},{"taxonomy":"product_cat","embeddable":true,"href":"https:\/\/sneeboer.com\/fr-ch\/wp-json\/wp\/v2\/product_cat?post=51753"},{"taxonomy":"product_tag","embeddable":true,"href":"https:\/\/sneeboer.com\/fr-ch\/wp-json\/wp\/v2\/product_tag?post=51753"},{"taxonomy":"weeds","embeddable":true,"href":"https:\/\/sneeboer.com\/fr-ch\/wp-json\/wp\/v2\/weeds?post=51753"},{"taxonomy":"soil_types","embeddable":true,"href":"https:\/\/sneeboer.com\/fr-ch\/wp-json\/wp\/v2\/soil_types?post=51753"}],"curies":[{"name":"wp","href":"https:\/\/api.w.org\/{rel}","templated":true}]}}