{"id":51744,"date":"2023-05-09T15:40:31","date_gmt":"2023-05-09T13:40:31","guid":{"rendered":"https:\/\/testsite.sneeboer.com\/tuingereedschap\/fourche-4-dents"},"modified":"2026-04-22T15:48:55","modified_gmt":"2026-04-22T13:48:55","slug":"fourchette-de-sureau-broye","status":"publish","type":"product","link":"https:\/\/sneeboer.com\/fr-ch\/outils-de-jardin-forges-a-la-main\/fourchette-de-sureau-broye","title":{"rendered":"Fourchette de sureau broy\u00e9"},"content":{"rendered":"<p>La fourche \u00e0 sureau a \u00e9t\u00e9 d\u00e9velopp\u00e9e en r\u00e9ponse \u00e0 une demande de l&#8217;Hortus de Leiden, qui cherchait une solution pour lutter contre le sureau t\u00eatu. Cet outil ing\u00e9nieux en est le r\u00e9sultat. La fourche \u00e0 sureau est \u00e9galement id\u00e9ale pour arracher les plantes et d\u00e9terrer les cultures du potager, telles que les pommes de terre, les oignons et l&#8217;ail.<\/p>\n","protected":false},"excerpt":{"rendered":"<p>La fourche \u00e0 sureau est sp\u00e9cialement con\u00e7ue pour enlever le sureau, dont le syst\u00e8me racinaire prolif\u00e8re juste sous la surface. Les dents ac\u00e9r\u00e9es et incurv\u00e9es sont en forme de V et d\u00e9racinent facilement les racines. Le manche court de 37 cm en bois de fr\u00eane assure la plus grande pr\u00e9cision lors du travail pr\u00e8s du sol.<\/p>\n","protected":false},"featured_media":63202,"comment_status":"closed","ping_status":"closed","template":"","meta":{"inline_featured_image":false,"product_video_url":"","product_360_url":""},"product_brand":[],"product_cat":[192,186],"product_tag":[1417],"weeds":[],"soil_types":[],"class_list":{"0":"post-51744","1":"product","2":"type-product","3":"status-publish","4":"has-post-thumbnail","6":"product_cat-fourche-2","7":"product_cat-vork","8":"product_tag-desherbage","9":"post","11":"first","12":"instock","13":"taxable","14":"shipping-taxable","15":"purchasable","16":"product-type-simple"},"exclude_global_add_ons":false,"addons":[{"name":"Gravure","type":"custom_text","position":0,"required":false,"title_format":"heading","default":"","description_enable":true,"description":"Entrez jusqu'\u00e0 50 caract\u00e8res.","placeholder_enable":false,"placeholder":"","display":"select","restrictions_type":"any_text","adjust_price":true,"price":"4.92","price_type":"quantity_based","restrictions":true,"min":"1","max":"50","options":[],"id":1684165753}],"_links":{"self":[{"href":"https:\/\/sneeboer.com\/fr-ch\/wp-json\/wp\/v2\/product\/51744","targetHints":{"allow":["GET"]}}],"collection":[{"href":"https:\/\/sneeboer.com\/fr-ch\/wp-json\/wp\/v2\/product"}],"about":[{"href":"https:\/\/sneeboer.com\/fr-ch\/wp-json\/wp\/v2\/types\/product"}],"replies":[{"embeddable":true,"href":"https:\/\/sneeboer.com\/fr-ch\/wp-json\/wp\/v2\/comments?post=51744"}],"wp:featuredmedia":[{"embeddable":true,"href":"https:\/\/sneeboer.com\/fr-ch\/wp-json\/wp\/v2\/media\/63202"}],"wp:attachment":[{"href":"https:\/\/sneeboer.com\/fr-ch\/wp-json\/wp\/v2\/media?parent=51744"}],"wp:term":[{"taxonomy":"product_brand","embeddable":true,"href":"https:\/\/sneeboer.com\/fr-ch\/wp-json\/wp\/v2\/product_brand?post=51744"},{"taxonomy":"product_cat","embeddable":true,"href":"https:\/\/sneeboer.com\/fr-ch\/wp-json\/wp\/v2\/product_cat?post=51744"},{"taxonomy":"product_tag","embeddable":true,"href":"https:\/\/sneeboer.com\/fr-ch\/wp-json\/wp\/v2\/product_tag?post=51744"},{"taxonomy":"weeds","embeddable":true,"href":"https:\/\/sneeboer.com\/fr-ch\/wp-json\/wp\/v2\/weeds?post=51744"},{"taxonomy":"soil_types","embeddable":true,"href":"https:\/\/sneeboer.com\/fr-ch\/wp-json\/wp\/v2\/soil_types?post=51744"}],"curies":[{"name":"wp","href":"https:\/\/api.w.org\/{rel}","templated":true}]}}