{"id":51645,"date":"2023-05-09T15:32:05","date_gmt":"2023-05-09T13:32:05","guid":{"rendered":"https:\/\/testsite.sneeboer.com\/tuingereedschap\/rateau-pour-gravier-14-dents"},"modified":"2023-06-26T12:41:58","modified_gmt":"2023-06-26T10:41:58","slug":"rateau-pour-gravier-14-dents","status":"publish","type":"product","link":"https:\/\/sneeboer.com\/fr-ch\/outils-de-jardin-forges-a-la-main\/rateau-pour-gravier-14-dents","title":{"rendered":"R\u00e2teau pour gravier 14 dents"},"content":{"rendered":"","protected":false},"excerpt":{"rendered":"<p>Ramassez du gravier et des cailloux ce grand r\u00e2teau. Ce r\u00e2teau avec sa t\u00eate d&#8217;une dimension 24 cm et 14 dents deviendra un outil favoris dans votre cabane. Les dents de 4,5 cm de long, avec une espace de 3 cm, vous aidez \u00e0 ramasser une grande quantit\u00e9 de gravier avec un seul coup.<\/p>\n","protected":false},"featured_media":9799,"comment_status":"closed","ping_status":"closed","template":"","meta":{"inline_featured_image":false,"product_video_url":"","product_360_url":""},"product_brand":[],"product_cat":[422],"product_tag":[334,534],"weeds":[],"soil_types":[],"class_list":{"0":"post-51645","1":"product","2":"type-product","3":"status-publish","4":"has-post-thumbnail","6":"product_cat-rateau-fr-ch","7":"product_tag-creuser-fr-ch","8":"product_tag-mauvaises-herbes-fr-ch","9":"post","11":"first","12":"instock","13":"taxable","14":"shipping-taxable","15":"purchasable","16":"product-type-simple"},"exclude_global_add_ons":false,"addons":[{"name":"Gravure","type":"custom_text","position":0,"required":false,"title_format":"heading","default":"","description_enable":true,"description":"Entrez jusqu'\u00e0 50 caract\u00e8res.","placeholder_enable":false,"placeholder":"","display":"select","restrictions_type":"any_text","adjust_price":true,"price":"4.92","price_type":"quantity_based","restrictions":true,"min":"1","max":"50","options":[],"id":1684165753}],"_links":{"self":[{"href":"https:\/\/sneeboer.com\/fr-ch\/wp-json\/wp\/v2\/product\/51645","targetHints":{"allow":["GET"]}}],"collection":[{"href":"https:\/\/sneeboer.com\/fr-ch\/wp-json\/wp\/v2\/product"}],"about":[{"href":"https:\/\/sneeboer.com\/fr-ch\/wp-json\/wp\/v2\/types\/product"}],"replies":[{"embeddable":true,"href":"https:\/\/sneeboer.com\/fr-ch\/wp-json\/wp\/v2\/comments?post=51645"}],"wp:featuredmedia":[{"embeddable":true,"href":"https:\/\/sneeboer.com\/fr-ch\/wp-json\/wp\/v2\/media\/9799"}],"wp:attachment":[{"href":"https:\/\/sneeboer.com\/fr-ch\/wp-json\/wp\/v2\/media?parent=51645"}],"wp:term":[{"taxonomy":"product_brand","embeddable":true,"href":"https:\/\/sneeboer.com\/fr-ch\/wp-json\/wp\/v2\/product_brand?post=51645"},{"taxonomy":"product_cat","embeddable":true,"href":"https:\/\/sneeboer.com\/fr-ch\/wp-json\/wp\/v2\/product_cat?post=51645"},{"taxonomy":"product_tag","embeddable":true,"href":"https:\/\/sneeboer.com\/fr-ch\/wp-json\/wp\/v2\/product_tag?post=51645"},{"taxonomy":"weeds","embeddable":true,"href":"https:\/\/sneeboer.com\/fr-ch\/wp-json\/wp\/v2\/weeds?post=51645"},{"taxonomy":"soil_types","embeddable":true,"href":"https:\/\/sneeboer.com\/fr-ch\/wp-json\/wp\/v2\/soil_types?post=51645"}],"curies":[{"name":"wp","href":"https:\/\/api.w.org\/{rel}","templated":true}]}}