{"id":51510,"date":"2023-05-09T15:13:45","date_gmt":"2023-05-09T13:13:45","guid":{"rendered":"https:\/\/testsite.sneeboer.com\/tuingereedschap\/fourchette-a-desherber-a-main-2"},"modified":"2023-06-26T12:43:04","modified_gmt":"2023-06-26T10:43:04","slug":"fourchette-a-desherber-a-main-2","status":"publish","type":"product","link":"https:\/\/sneeboer.com\/fr-ch\/outils-de-jardin-forges-a-la-main\/fourchette-a-desherber-a-main-2","title":{"rendered":"Fourchette a d\u00e9sherber \u00e0 main"},"content":{"rendered":"<p>Cette fourchette \u00e0 d\u00e9sherber \u00e0 main est id\u00e9ale pour planter, a\u00e9rer et ameublir le sol sans d\u00e9ranger les autres v\u00e9g\u00e9taux qui seraient proches. Avec un manche en bois de fr\u00eane.<\/p>\n","protected":false},"excerpt":{"rendered":"<p>Cette fourchette \u00e0 d\u00e9sherber \u00e0 main est id\u00e9ale pour planter, a\u00e9rer et ameublir le sol sans d\u00e9ranger les autres v\u00e9g\u00e9taux qui seraient proches. Avec un manche en bois de fr\u00eane.<\/p><\/p>\n","protected":false},"featured_media":61740,"comment_status":"closed","ping_status":"closed","template":"","meta":{"inline_featured_image":false,"product_video_url":"","product_360_url":"\/wp-content\/uploads\/2025\/11\/8008-140250\/8008_140250.xml"},"product_brand":[],"product_cat":[201,192,103,219],"product_tag":[534],"weeds":[],"soil_types":[],"class_list":{"0":"post-51510","1":"product","2":"type-product","3":"status-publish","4":"has-post-thumbnail","6":"product_cat-arracher-2","7":"product_cat-fourche-2","8":"product_cat-outils-a-main-2","9":"product_cat-outils-essentiels-2","10":"product_tag-mauvaises-herbes-fr-ch","11":"post","13":"first","14":"instock","15":"taxable","16":"shipping-taxable","17":"purchasable","18":"product-type-simple"},"exclude_global_add_ons":false,"addons":[{"name":"Gravure","type":"custom_text","position":0,"required":false,"title_format":"heading","default":"","description_enable":true,"description":"Entrez jusqu'\u00e0 50 caract\u00e8res.","placeholder_enable":false,"placeholder":"","display":"select","restrictions_type":"any_text","adjust_price":true,"price":"4.92","price_type":"quantity_based","restrictions":true,"min":"1","max":"50","options":[],"id":1684165753}],"_links":{"self":[{"href":"https:\/\/sneeboer.com\/fr-ch\/wp-json\/wp\/v2\/product\/51510","targetHints":{"allow":["GET"]}}],"collection":[{"href":"https:\/\/sneeboer.com\/fr-ch\/wp-json\/wp\/v2\/product"}],"about":[{"href":"https:\/\/sneeboer.com\/fr-ch\/wp-json\/wp\/v2\/types\/product"}],"replies":[{"embeddable":true,"href":"https:\/\/sneeboer.com\/fr-ch\/wp-json\/wp\/v2\/comments?post=51510"}],"wp:featuredmedia":[{"embeddable":true,"href":"https:\/\/sneeboer.com\/fr-ch\/wp-json\/wp\/v2\/media\/61740"}],"wp:attachment":[{"href":"https:\/\/sneeboer.com\/fr-ch\/wp-json\/wp\/v2\/media?parent=51510"}],"wp:term":[{"taxonomy":"product_brand","embeddable":true,"href":"https:\/\/sneeboer.com\/fr-ch\/wp-json\/wp\/v2\/product_brand?post=51510"},{"taxonomy":"product_cat","embeddable":true,"href":"https:\/\/sneeboer.com\/fr-ch\/wp-json\/wp\/v2\/product_cat?post=51510"},{"taxonomy":"product_tag","embeddable":true,"href":"https:\/\/sneeboer.com\/fr-ch\/wp-json\/wp\/v2\/product_tag?post=51510"},{"taxonomy":"weeds","embeddable":true,"href":"https:\/\/sneeboer.com\/fr-ch\/wp-json\/wp\/v2\/weeds?post=51510"},{"taxonomy":"soil_types","embeddable":true,"href":"https:\/\/sneeboer.com\/fr-ch\/wp-json\/wp\/v2\/soil_types?post=51510"}],"curies":[{"name":"wp","href":"https:\/\/api.w.org\/{rel}","templated":true}]}}