{"id":51395,"date":"2023-05-09T15:06:48","date_gmt":"2023-05-09T13:06:48","guid":{"rendered":"https:\/\/testsite.sneeboer.com\/tuingereedschap\/scarificateur-6-dents"},"modified":"2024-07-09T09:43:43","modified_gmt":"2024-07-09T07:43:43","slug":"scarificateur-6-dents","status":"publish","type":"product","link":"https:\/\/sneeboer.com\/fr-ch\/outils-de-jardin-forges-a-la-main\/scarificateur-6-dents","title":{"rendered":"Scarificateur 6 dents"},"content":{"rendered":"","protected":false},"excerpt":{"rendered":"<p>Un scarificateur id\u00e9al pour nettoyer votre pelouse de la mousse. En outre, les racines de l&#8217;herbe sont coup\u00e9es, ce qui stimule la croissance des racines. Le scarificateur est aussi id\u00e9al pour cr\u00e9er des sillons pour vos semis.<\/p>\n","protected":false},"featured_media":66207,"comment_status":"closed","ping_status":"closed","template":"","meta":{"inline_featured_image":false,"product_video_url":"","product_360_url":""},"product_brand":[],"product_cat":[422],"product_tag":[326,534],"weeds":[],"soil_types":[],"class_list":{"0":"post-51395","1":"product","2":"type-product","3":"status-publish","4":"has-post-thumbnail","6":"product_cat-rateau-fr-ch","7":"product_tag-entretien-de-pelouse-fr-ch","8":"product_tag-mauvaises-herbes-fr-ch","9":"post","11":"first","12":"instock","13":"taxable","14":"shipping-taxable","15":"purchasable","16":"product-type-simple"},"exclude_global_add_ons":false,"addons":[{"name":"Gravure","type":"custom_text","position":0,"required":false,"title_format":"heading","default":"","description_enable":true,"description":"Entrez jusqu'\u00e0 50 caract\u00e8res.","placeholder_enable":false,"placeholder":"","display":"select","restrictions_type":"any_text","adjust_price":true,"price":"4.92","price_type":"quantity_based","restrictions":true,"min":"1","max":"50","options":[],"id":1684165753}],"_links":{"self":[{"href":"https:\/\/sneeboer.com\/fr-ch\/wp-json\/wp\/v2\/product\/51395","targetHints":{"allow":["GET"]}}],"collection":[{"href":"https:\/\/sneeboer.com\/fr-ch\/wp-json\/wp\/v2\/product"}],"about":[{"href":"https:\/\/sneeboer.com\/fr-ch\/wp-json\/wp\/v2\/types\/product"}],"replies":[{"embeddable":true,"href":"https:\/\/sneeboer.com\/fr-ch\/wp-json\/wp\/v2\/comments?post=51395"}],"wp:featuredmedia":[{"embeddable":true,"href":"https:\/\/sneeboer.com\/fr-ch\/wp-json\/wp\/v2\/media\/66207"}],"wp:attachment":[{"href":"https:\/\/sneeboer.com\/fr-ch\/wp-json\/wp\/v2\/media?parent=51395"}],"wp:term":[{"taxonomy":"product_brand","embeddable":true,"href":"https:\/\/sneeboer.com\/fr-ch\/wp-json\/wp\/v2\/product_brand?post=51395"},{"taxonomy":"product_cat","embeddable":true,"href":"https:\/\/sneeboer.com\/fr-ch\/wp-json\/wp\/v2\/product_cat?post=51395"},{"taxonomy":"product_tag","embeddable":true,"href":"https:\/\/sneeboer.com\/fr-ch\/wp-json\/wp\/v2\/product_tag?post=51395"},{"taxonomy":"weeds","embeddable":true,"href":"https:\/\/sneeboer.com\/fr-ch\/wp-json\/wp\/v2\/weeds?post=51395"},{"taxonomy":"soil_types","embeddable":true,"href":"https:\/\/sneeboer.com\/fr-ch\/wp-json\/wp\/v2\/soil_types?post=51395"}],"curies":[{"name":"wp","href":"https:\/\/api.w.org\/{rel}","templated":true}]}}