{"id":51386,"date":"2023-05-09T15:05:47","date_gmt":"2023-05-09T13:05:47","guid":{"rendered":"https:\/\/testsite.sneeboer.com\/tuingereedschap\/rateau-a-feuilles-a-main-7-dents"},"modified":"2025-09-02T09:04:21","modified_gmt":"2025-09-02T07:04:21","slug":"rateau-a-feuilles-a-main-7-dents","status":"publish","type":"product","link":"https:\/\/sneeboer.com\/fr-ch\/outils-de-jardin-forges-a-la-main\/rateau-a-feuilles-a-main-7-dents","title":{"rendered":"R\u00e2teau \u00e0 feuilles \u00e0 main 7 dents"},"content":{"rendered":"\n<p>Le r\u00e2teau \u00e0 feuilles manuel est disponible avec un manche en fr\u00eane ou en cerisier ou diff\u00e9rents types de manches.<\/p>\n","protected":false},"excerpt":{"rendered":"<p>Le petit r\u00e2teau \u00e0 feuilles est un bon achat pour votre collection. Il est id\u00e9al pour ratisser des feuilles et\u00a0d&#8217;autres d\u00e9chets de jardin entre des plantes et fleurs et des espaces difficiles de votre jardin.<\/p>\n","protected":false},"featured_media":66180,"comment_status":"closed","ping_status":"closed","template":"","meta":{"inline_featured_image":false,"product_video_url":"","product_360_url":""},"product_brand":[],"product_cat":[103,422],"product_tag":[326,534],"weeds":[],"soil_types":[],"class_list":{"0":"post-51386","1":"product","2":"type-product","3":"status-publish","4":"has-post-thumbnail","6":"product_cat-outils-a-main-2","7":"product_cat-rateau-fr-ch","8":"product_tag-entretien-de-pelouse-fr-ch","9":"product_tag-mauvaises-herbes-fr-ch","10":"post","12":"first","13":"instock","14":"taxable","15":"shipping-taxable","16":"purchasable","17":"product-type-variable"},"exclude_global_add_ons":false,"addons":[{"name":"Gravure","type":"custom_text","position":0,"required":false,"title_format":"heading","default":"","description_enable":true,"description":"Entrez jusqu'\u00e0 50 caract\u00e8res.","placeholder_enable":false,"placeholder":"","display":"select","restrictions_type":"any_text","adjust_price":true,"price":"4.92","price_type":"quantity_based","restrictions":true,"min":"1","max":"50","options":[],"id":1684165753}],"_links":{"self":[{"href":"https:\/\/sneeboer.com\/fr-ch\/wp-json\/wp\/v2\/product\/51386","targetHints":{"allow":["GET"]}}],"collection":[{"href":"https:\/\/sneeboer.com\/fr-ch\/wp-json\/wp\/v2\/product"}],"about":[{"href":"https:\/\/sneeboer.com\/fr-ch\/wp-json\/wp\/v2\/types\/product"}],"replies":[{"embeddable":true,"href":"https:\/\/sneeboer.com\/fr-ch\/wp-json\/wp\/v2\/comments?post=51386"}],"wp:featuredmedia":[{"embeddable":true,"href":"https:\/\/sneeboer.com\/fr-ch\/wp-json\/wp\/v2\/media\/66180"}],"wp:attachment":[{"href":"https:\/\/sneeboer.com\/fr-ch\/wp-json\/wp\/v2\/media?parent=51386"}],"wp:term":[{"taxonomy":"product_brand","embeddable":true,"href":"https:\/\/sneeboer.com\/fr-ch\/wp-json\/wp\/v2\/product_brand?post=51386"},{"taxonomy":"product_cat","embeddable":true,"href":"https:\/\/sneeboer.com\/fr-ch\/wp-json\/wp\/v2\/product_cat?post=51386"},{"taxonomy":"product_tag","embeddable":true,"href":"https:\/\/sneeboer.com\/fr-ch\/wp-json\/wp\/v2\/product_tag?post=51386"},{"taxonomy":"weeds","embeddable":true,"href":"https:\/\/sneeboer.com\/fr-ch\/wp-json\/wp\/v2\/weeds?post=51386"},{"taxonomy":"soil_types","embeddable":true,"href":"https:\/\/sneeboer.com\/fr-ch\/wp-json\/wp\/v2\/soil_types?post=51386"}],"curies":[{"name":"wp","href":"https:\/\/api.w.org\/{rel}","templated":true}]}}