{"id":51341,"date":"2023-05-09T15:03:10","date_gmt":"2023-05-09T13:03:10","guid":{"rendered":"https:\/\/testsite.sneeboer.com\/tuingereedschap\/couteau-etroit-modele-v-2"},"modified":"2023-06-26T12:44:30","modified_gmt":"2023-06-26T10:44:30","slug":"couteau-etroit-modele-v-2","status":"publish","type":"product","link":"https:\/\/sneeboer.com\/fr-ch\/outils-de-jardin-forges-a-la-main\/couteau-etroit-modele-v-2","title":{"rendered":"Couteau \u00e9troit mod\u00e8le V"},"content":{"rendered":"","protected":false},"excerpt":{"rendered":"<p>La lame sous forme d&#8217;un V -avec une longueur de 20 cm et une dimension de 3,5- donne la possibilit\u00e9 d&#8217;extirper les racines en pointe dans le sol et particuli\u00e8rement celles du pissenlit sans aucun effort. Cet outil vous permet de travailler avec pr\u00e9cision sans d\u00e9ranger les autres v\u00e9g\u00e9taux qui seraient proches. L&#8217;outil a un manche en bois de fr\u00eane.<\/p><\/p>\n","protected":false},"featured_media":61892,"comment_status":"closed","ping_status":"closed","template":"","meta":{"inline_featured_image":false,"product_video_url":"","product_360_url":"\/wp-content\/uploads\/2025\/11\/8111-140250\/8111_140250.xml"},"product_brand":[],"product_cat":[201,103,219],"product_tag":[334,534],"weeds":[],"soil_types":[],"class_list":{"0":"post-51341","1":"product","2":"type-product","3":"status-publish","4":"has-post-thumbnail","6":"product_cat-arracher-2","7":"product_cat-outils-a-main-2","8":"product_cat-outils-essentiels-2","9":"product_tag-creuser-fr-ch","10":"product_tag-mauvaises-herbes-fr-ch","11":"post","13":"first","14":"instock","15":"taxable","16":"shipping-taxable","17":"purchasable","18":"product-type-simple"},"exclude_global_add_ons":false,"addons":[{"name":"Gravure","type":"custom_text","position":0,"required":false,"title_format":"heading","default":"","description_enable":true,"description":"Entrez jusqu'\u00e0 50 caract\u00e8res.","placeholder_enable":false,"placeholder":"","display":"select","restrictions_type":"any_text","adjust_price":true,"price":"4.92","price_type":"quantity_based","restrictions":true,"min":"1","max":"50","options":[],"id":1684165753}],"_links":{"self":[{"href":"https:\/\/sneeboer.com\/fr-ch\/wp-json\/wp\/v2\/product\/51341","targetHints":{"allow":["GET"]}}],"collection":[{"href":"https:\/\/sneeboer.com\/fr-ch\/wp-json\/wp\/v2\/product"}],"about":[{"href":"https:\/\/sneeboer.com\/fr-ch\/wp-json\/wp\/v2\/types\/product"}],"replies":[{"embeddable":true,"href":"https:\/\/sneeboer.com\/fr-ch\/wp-json\/wp\/v2\/comments?post=51341"}],"wp:featuredmedia":[{"embeddable":true,"href":"https:\/\/sneeboer.com\/fr-ch\/wp-json\/wp\/v2\/media\/61892"}],"wp:attachment":[{"href":"https:\/\/sneeboer.com\/fr-ch\/wp-json\/wp\/v2\/media?parent=51341"}],"wp:term":[{"taxonomy":"product_brand","embeddable":true,"href":"https:\/\/sneeboer.com\/fr-ch\/wp-json\/wp\/v2\/product_brand?post=51341"},{"taxonomy":"product_cat","embeddable":true,"href":"https:\/\/sneeboer.com\/fr-ch\/wp-json\/wp\/v2\/product_cat?post=51341"},{"taxonomy":"product_tag","embeddable":true,"href":"https:\/\/sneeboer.com\/fr-ch\/wp-json\/wp\/v2\/product_tag?post=51341"},{"taxonomy":"weeds","embeddable":true,"href":"https:\/\/sneeboer.com\/fr-ch\/wp-json\/wp\/v2\/weeds?post=51341"},{"taxonomy":"soil_types","embeddable":true,"href":"https:\/\/sneeboer.com\/fr-ch\/wp-json\/wp\/v2\/soil_types?post=51341"}],"curies":[{"name":"wp","href":"https:\/\/api.w.org\/{rel}","templated":true}]}}