{"id":51314,"date":"2023-05-09T15:01:16","date_gmt":"2023-05-09T13:01:16","guid":{"rendered":"https:\/\/testsite.sneeboer.com\/tuingereedschap\/plantoir-a-bulbe-3"},"modified":"2023-11-23T14:24:52","modified_gmt":"2023-11-23T13:24:52","slug":"plantoir-a-bulbe-3","status":"publish","type":"product","link":"https:\/\/sneeboer.com\/fr-ch\/outils-de-jardin-forges-a-la-main\/plantoir-a-bulbe-3","title":{"rendered":"Plantoir \u00e0 bulbe"},"content":{"rendered":"","protected":false},"excerpt":{"rendered":"<p>Ce plantoir donne la possibilit\u00e9 de planter les bulbes sur une mani\u00e8re facile et efficace. Avec\u00a0son repose-pied vous pourriez l&#8217;enfoncer facilement dans le sol, le retirer et planter des bulbes sans se baisser.<\/p>\n","protected":false},"featured_media":66333,"comment_status":"closed","ping_status":"closed","template":"","meta":{"inline_featured_image":false,"product_video_url":"","product_360_url":"\/wp-content\/uploads\/2026\/03\/8100-140440\/8100_140440.xml"},"product_brand":[],"product_cat":[219,128],"product_tag":[326,491,490],"weeds":[],"soil_types":[],"class_list":{"0":"post-51314","1":"product","2":"type-product","3":"status-publish","4":"has-post-thumbnail","6":"product_cat-outils-essentiels-2","7":"product_cat-plantoir-2","8":"product_tag-entretien-de-pelouse-fr-ch","9":"product_tag-plantation","10":"product_tag-recolte-fr-ch","11":"post","13":"first","14":"instock","15":"taxable","16":"shipping-taxable","17":"purchasable","18":"product-type-simple"},"exclude_global_add_ons":false,"addons":[{"name":"Gravure","type":"custom_text","position":0,"required":false,"title_format":"heading","default":"","description_enable":true,"description":"Entrez jusqu'\u00e0 50 caract\u00e8res.","placeholder_enable":false,"placeholder":"","display":"select","restrictions_type":"any_text","adjust_price":true,"price":"4.92","price_type":"quantity_based","restrictions":true,"min":"1","max":"50","options":[],"id":1684165753}],"_links":{"self":[{"href":"https:\/\/sneeboer.com\/fr-ch\/wp-json\/wp\/v2\/product\/51314","targetHints":{"allow":["GET"]}}],"collection":[{"href":"https:\/\/sneeboer.com\/fr-ch\/wp-json\/wp\/v2\/product"}],"about":[{"href":"https:\/\/sneeboer.com\/fr-ch\/wp-json\/wp\/v2\/types\/product"}],"replies":[{"embeddable":true,"href":"https:\/\/sneeboer.com\/fr-ch\/wp-json\/wp\/v2\/comments?post=51314"}],"wp:featuredmedia":[{"embeddable":true,"href":"https:\/\/sneeboer.com\/fr-ch\/wp-json\/wp\/v2\/media\/66333"}],"wp:attachment":[{"href":"https:\/\/sneeboer.com\/fr-ch\/wp-json\/wp\/v2\/media?parent=51314"}],"wp:term":[{"taxonomy":"product_brand","embeddable":true,"href":"https:\/\/sneeboer.com\/fr-ch\/wp-json\/wp\/v2\/product_brand?post=51314"},{"taxonomy":"product_cat","embeddable":true,"href":"https:\/\/sneeboer.com\/fr-ch\/wp-json\/wp\/v2\/product_cat?post=51314"},{"taxonomy":"product_tag","embeddable":true,"href":"https:\/\/sneeboer.com\/fr-ch\/wp-json\/wp\/v2\/product_tag?post=51314"},{"taxonomy":"weeds","embeddable":true,"href":"https:\/\/sneeboer.com\/fr-ch\/wp-json\/wp\/v2\/weeds?post=51314"},{"taxonomy":"soil_types","embeddable":true,"href":"https:\/\/sneeboer.com\/fr-ch\/wp-json\/wp\/v2\/soil_types?post=51314"}],"curies":[{"name":"wp","href":"https:\/\/api.w.org\/{rel}","templated":true}]}}