{"id":51053,"date":"2023-05-09T13:52:30","date_gmt":"2023-05-09T11:52:30","guid":{"rendered":"https:\/\/testsite.sneeboer.com\/tuingereedschap\/pelle-beche-pour-les-sols-caillouteux-avec-repose-pied-et-cannelures"},"modified":"2023-06-26T12:46:53","modified_gmt":"2023-06-26T10:46:53","slug":"pelle-beche-pour-les-sols-caillouteux-avec-repose-pied-et-cannelures","status":"publish","type":"product","link":"https:\/\/sneeboer.com\/fr-ch\/outils-de-jardin-forges-a-la-main\/pelle-beche-pour-les-sols-caillouteux-avec-repose-pied-et-cannelures","title":{"rendered":"Pelle b\u00eache pour les sols caillouteux avec repose pied et cannelures"},"content":{"rendered":"","protected":false},"excerpt":{"rendered":"<p>Cette pelle b\u00eache est d\u00e9velopp\u00e9e pour les sols et terrains avec des cailloux. Elle peut p\u00e9n\u00e9trer ces sols facilement,\u00a0l\u00e0 o\u00f9 d&#8217;autres outils \u00e9choueraient imm\u00e9diatement. Cette pelle peut \u00eatre utilis\u00e9e pour transplanter des arbustes et des rosiers aussi.<\/p><\/p>\n","protected":false},"featured_media":5987,"comment_status":"closed","ping_status":"closed","template":"","meta":{"inline_featured_image":false,"product_video_url":"","product_360_url":""},"product_brand":[],"product_cat":[156,174],"product_tag":[334,534,491,474],"weeds":[],"soil_types":[],"class_list":{"0":"post-51053","1":"product","2":"type-product","3":"status-publish","4":"has-post-thumbnail","6":"product_cat-beche-2","7":"product_cat-speciale-2","8":"product_tag-creuser-fr-ch","9":"product_tag-mauvaises-herbes-fr-ch","10":"product_tag-plantation","11":"product_tag-sillonage-fr-ch","12":"post","14":"first","15":"instock","16":"taxable","17":"shipping-taxable","18":"purchasable","19":"product-type-simple"},"exclude_global_add_ons":false,"addons":[{"name":"Gravure","type":"custom_text","position":0,"required":false,"title_format":"heading","default":"","description_enable":true,"description":"Entrez jusqu'\u00e0 50 caract\u00e8res.","placeholder_enable":false,"placeholder":"","display":"select","restrictions_type":"any_text","adjust_price":true,"price":"4.92","price_type":"quantity_based","restrictions":true,"min":"1","max":"50","options":[],"id":1684165753}],"_links":{"self":[{"href":"https:\/\/sneeboer.com\/fr-ch\/wp-json\/wp\/v2\/product\/51053","targetHints":{"allow":["GET"]}}],"collection":[{"href":"https:\/\/sneeboer.com\/fr-ch\/wp-json\/wp\/v2\/product"}],"about":[{"href":"https:\/\/sneeboer.com\/fr-ch\/wp-json\/wp\/v2\/types\/product"}],"replies":[{"embeddable":true,"href":"https:\/\/sneeboer.com\/fr-ch\/wp-json\/wp\/v2\/comments?post=51053"}],"wp:featuredmedia":[{"embeddable":true,"href":"https:\/\/sneeboer.com\/fr-ch\/wp-json\/wp\/v2\/media\/5987"}],"wp:attachment":[{"href":"https:\/\/sneeboer.com\/fr-ch\/wp-json\/wp\/v2\/media?parent=51053"}],"wp:term":[{"taxonomy":"product_brand","embeddable":true,"href":"https:\/\/sneeboer.com\/fr-ch\/wp-json\/wp\/v2\/product_brand?post=51053"},{"taxonomy":"product_cat","embeddable":true,"href":"https:\/\/sneeboer.com\/fr-ch\/wp-json\/wp\/v2\/product_cat?post=51053"},{"taxonomy":"product_tag","embeddable":true,"href":"https:\/\/sneeboer.com\/fr-ch\/wp-json\/wp\/v2\/product_tag?post=51053"},{"taxonomy":"weeds","embeddable":true,"href":"https:\/\/sneeboer.com\/fr-ch\/wp-json\/wp\/v2\/weeds?post=51053"},{"taxonomy":"soil_types","embeddable":true,"href":"https:\/\/sneeboer.com\/fr-ch\/wp-json\/wp\/v2\/soil_types?post=51053"}],"curies":[{"name":"wp","href":"https:\/\/api.w.org\/{rel}","templated":true}]}}