{"id":51026,"date":"2023-05-09T13:51:11","date_gmt":"2023-05-09T11:51:11","guid":{"rendered":"https:\/\/testsite.sneeboer.com\/tuingereedschap\/sarcloir-a-main-10-cm"},"modified":"2023-06-26T12:47:06","modified_gmt":"2023-06-26T10:47:06","slug":"sarcloir-a-main-10-cm","status":"publish","type":"product","link":"https:\/\/sneeboer.com\/fr-ch\/outils-de-jardin-forges-a-la-main\/sarcloir-a-main-10-cm","title":{"rendered":"Sarcloir \u00e0 main 10 cm"},"content":{"rendered":"","protected":false},"excerpt":{"rendered":"<p>Ce sarcloir \u00e0 main avec une lame en forme de demi-lune est id\u00e9al pour arracher les mauvaises herbes. Sa taille est petite, mais elle vous donne beaucoup de force pour arracher facilement les mauvaises herbes. Cet outil est connu pour l&#8217;utilisation dans la culture de l&#8217;oignon.<\/p>\n","protected":false},"featured_media":5834,"comment_status":"closed","ping_status":"closed","template":"","meta":{"inline_featured_image":false,"product_video_url":"","product_360_url":""},"product_brand":[],"product_cat":[103,142],"product_tag":[334,534,491,474],"weeds":[],"soil_types":[],"class_list":{"0":"post-51026","1":"product","2":"type-product","3":"status-publish","4":"has-post-thumbnail","6":"product_cat-outils-a-main-2","7":"product_cat-sarcloir-et-binette-2","8":"product_tag-creuser-fr-ch","9":"product_tag-mauvaises-herbes-fr-ch","10":"product_tag-plantation","11":"product_tag-sillonage-fr-ch","12":"post","14":"first","15":"instock","16":"taxable","17":"shipping-taxable","18":"purchasable","19":"product-type-simple"},"exclude_global_add_ons":false,"addons":[{"name":"Gravure","type":"custom_text","position":0,"required":false,"title_format":"heading","default":"","description_enable":true,"description":"Entrez jusqu'\u00e0 50 caract\u00e8res.","placeholder_enable":false,"placeholder":"","display":"select","restrictions_type":"any_text","adjust_price":true,"price":"4.92","price_type":"quantity_based","restrictions":true,"min":"1","max":"50","options":[],"id":1684165753}],"_links":{"self":[{"href":"https:\/\/sneeboer.com\/fr-ch\/wp-json\/wp\/v2\/product\/51026","targetHints":{"allow":["GET"]}}],"collection":[{"href":"https:\/\/sneeboer.com\/fr-ch\/wp-json\/wp\/v2\/product"}],"about":[{"href":"https:\/\/sneeboer.com\/fr-ch\/wp-json\/wp\/v2\/types\/product"}],"replies":[{"embeddable":true,"href":"https:\/\/sneeboer.com\/fr-ch\/wp-json\/wp\/v2\/comments?post=51026"}],"wp:featuredmedia":[{"embeddable":true,"href":"https:\/\/sneeboer.com\/fr-ch\/wp-json\/wp\/v2\/media\/5834"}],"wp:attachment":[{"href":"https:\/\/sneeboer.com\/fr-ch\/wp-json\/wp\/v2\/media?parent=51026"}],"wp:term":[{"taxonomy":"product_brand","embeddable":true,"href":"https:\/\/sneeboer.com\/fr-ch\/wp-json\/wp\/v2\/product_brand?post=51026"},{"taxonomy":"product_cat","embeddable":true,"href":"https:\/\/sneeboer.com\/fr-ch\/wp-json\/wp\/v2\/product_cat?post=51026"},{"taxonomy":"product_tag","embeddable":true,"href":"https:\/\/sneeboer.com\/fr-ch\/wp-json\/wp\/v2\/product_tag?post=51026"},{"taxonomy":"weeds","embeddable":true,"href":"https:\/\/sneeboer.com\/fr-ch\/wp-json\/wp\/v2\/weeds?post=51026"},{"taxonomy":"soil_types","embeddable":true,"href":"https:\/\/sneeboer.com\/fr-ch\/wp-json\/wp\/v2\/soil_types?post=51026"}],"curies":[{"name":"wp","href":"https:\/\/api.w.org\/{rel}","templated":true}]}}