{"id":50632,"date":"2023-05-09T13:19:46","date_gmt":"2023-05-09T11:19:46","guid":{"rendered":"https:\/\/sneeboer.com\/handgesmeed-tuingereedschap\/cadeaux-de-noel-deluxe"},"modified":"2024-01-09T14:36:04","modified_gmt":"2024-01-09T13:36:04","slug":"cadeaux-de-noel-deluxe","status":"publish","type":"product","link":"https:\/\/sneeboer.com\/fr-ch\/outils-de-jardin-forges-a-la-main\/cadeaux-de-noel-deluxe","title":{"rendered":"Coffret cadeau Deluxe"},"content":{"rendered":"<p>Les paquets cadeaux existent en plusieurs vari\u00e9t\u00e9s. Par exemple, il est possible de choisir entre un paquet cadeau Medium, Premium et DeLuxe. Il y a donc un cadeau id\u00e9al pour chaque relation, qui sera appr\u00e9ci\u00e9 pendant de nombreuses ann\u00e9es.<\/p>\n","protected":false},"excerpt":{"rendered":"<p>Si vous souhaitez offrir un cadeau original et respectueux de l&#8217;environnement \u00e0 vos relations ou \u00e0 vos employ\u00e9s, ne cherchez pas plus loin ! Les outils de jardin Sneeboer sont le meilleur cadeau de jardinage que vous puissiez offrir, avec ou sans message grav\u00e9 personnalis\u00e9. Les outils sont pr\u00e9sent\u00e9s dans une magnifique bo\u00eete bleue avec des lettres dor\u00e9es, ce qui les rend encore plus sp\u00e9ciaux. Le coffret DeLuxe comprend une truelle pour plates-bandes et un cultivateur \u00e0 main, tous deux dot\u00e9s d&#8217;un manche en bois de cerisier.<\/p>\n","protected":false},"featured_media":29783,"comment_status":"closed","ping_status":"closed","template":"","meta":{"inline_featured_image":false,"product_video_url":"","product_360_url":""},"product_brand":[],"product_cat":[228],"product_tag":[334,491],"weeds":[],"soil_types":[],"class_list":{"0":"post-50632","1":"product","2":"type-product","3":"status-publish","4":"has-post-thumbnail","6":"product_cat-cadeaux-de-noel-2","7":"product_tag-creuser-fr-ch","8":"product_tag-plantation","9":"post","11":"first","12":"instock","13":"taxable","14":"shipping-taxable","15":"purchasable","16":"product-type-simple"},"exclude_global_add_ons":false,"addons":[{"name":"Gravure","type":"custom_text","position":0,"required":false,"title_format":"heading","default":"","description_enable":true,"description":"Entrez jusqu'\u00e0 50 caract\u00e8res.","placeholder_enable":false,"placeholder":"","display":"select","restrictions_type":"any_text","adjust_price":true,"price":"4.92","price_type":"quantity_based","restrictions":true,"min":"1","max":"50","options":[],"id":1684165753}],"_links":{"self":[{"href":"https:\/\/sneeboer.com\/fr-ch\/wp-json\/wp\/v2\/product\/50632","targetHints":{"allow":["GET"]}}],"collection":[{"href":"https:\/\/sneeboer.com\/fr-ch\/wp-json\/wp\/v2\/product"}],"about":[{"href":"https:\/\/sneeboer.com\/fr-ch\/wp-json\/wp\/v2\/types\/product"}],"replies":[{"embeddable":true,"href":"https:\/\/sneeboer.com\/fr-ch\/wp-json\/wp\/v2\/comments?post=50632"}],"wp:featuredmedia":[{"embeddable":true,"href":"https:\/\/sneeboer.com\/fr-ch\/wp-json\/wp\/v2\/media\/29783"}],"wp:attachment":[{"href":"https:\/\/sneeboer.com\/fr-ch\/wp-json\/wp\/v2\/media?parent=50632"}],"wp:term":[{"taxonomy":"product_brand","embeddable":true,"href":"https:\/\/sneeboer.com\/fr-ch\/wp-json\/wp\/v2\/product_brand?post=50632"},{"taxonomy":"product_cat","embeddable":true,"href":"https:\/\/sneeboer.com\/fr-ch\/wp-json\/wp\/v2\/product_cat?post=50632"},{"taxonomy":"product_tag","embeddable":true,"href":"https:\/\/sneeboer.com\/fr-ch\/wp-json\/wp\/v2\/product_tag?post=50632"},{"taxonomy":"weeds","embeddable":true,"href":"https:\/\/sneeboer.com\/fr-ch\/wp-json\/wp\/v2\/weeds?post=50632"},{"taxonomy":"soil_types","embeddable":true,"href":"https:\/\/sneeboer.com\/fr-ch\/wp-json\/wp\/v2\/soil_types?post=50632"}],"curies":[{"name":"wp","href":"https:\/\/api.w.org\/{rel}","templated":true}]}}